{"id":3079,"date":"2025-09-30T20:51:12","date_gmt":"2025-09-30T20:51:12","guid":{"rendered":"https:\/\/lightgray-crow-170497.hostingersite.com\/?post_type=product&#038;p=3079"},"modified":"2025-09-30T20:51:12","modified_gmt":"2025-09-30T20:51:12","slug":"barbecue-a-pellets-pro-575-traeger","status":"publish","type":"product","link":"https:\/\/routinesfashione.com\/nl\/produit\/barbecue-a-pellets-pro-575-traeger\/","title":{"rendered":"Barbecue \u00e0 pellets Pro 575 Traeger"},"content":{"rendered":"<p>Puissance 10,5 kW | Surface de cuisson : 1er grille 56&#215;48 cm &#8211; 2\u00e8me grille 56&#215;18 cm Grilles en acier \u00e9maill\u00e9 Capacit\u00e9\u0301 du r\u00e9servoir : 8 kg FONCTIONNALITES Technologie sans fil WIFIRE\u00ae Syst\u00e8me d\u2019exploitation D2 Allumage TURBOTEMP\u00ae Intelligence GRILLGUIDE\u00ae ADVANCED GRILLING LOGIC\u00ae Sonde de cuisson Grille de cuisson suppl\u00e9mentaire Crochet de rangement ext\u00e9rieur pour grille de cuisson suppl\u00e9mentaire Trappe de nettoyage 2 roues<\/p>\n<h3>Caract\u00e9ristiques d\u00e9taill\u00e9es<\/h3>\n<div class=\"detailed_features_content\">\n<table class=\"data table additional-attributes\" aria-describedby=\"additional-attributes-comment\">\n<tbody>\n<tr>\n<th class=\"col label\" scope=\"row\">Marque<\/th>\n<td class=\"col data\" data-th=\"Marque\">TRAEGER<\/td>\n<\/tr>\n<tr>\n<th class=\"col label\" scope=\"row\">Mati\u00e8re de la structure<\/th>\n<td class=\"col data\" data-th=\"Mati\u00e8re de la structure\">Acier<\/td>\n<\/tr>\n<tr>\n<th class=\"col label\" scope=\"row\">Dur\u00e9e disponibilit\u00e9 pi\u00e8ces d\u00e9tach\u00e9es (mois)<\/th>\n<td class=\"col data\" data-th=\"Dur\u00e9e disponibilit\u00e9 pi\u00e8ces d\u00e9tach\u00e9es (mois)\">36<\/td>\n<\/tr>\n<tr>\n<th class=\"col label\" scope=\"row\">Poids (kg)<\/th>\n<td class=\"col data\" data-th=\"Poids (kg)\">67.222<\/td>\n<\/tr>\n<tr>\n<th class=\"col label\" scope=\"row\">R\u00e9f. ANPF<\/th>\n<td class=\"col data\" data-th=\"R\u00e9f. ANPF\">387901<\/td>\n<\/tr>\n<tr>\n<th class=\"col label\" scope=\"row\">R\u00e9f. fabricant<\/th>\n<td class=\"col data\" data-th=\"R\u00e9f. fabricant\">TFB57GLEC<\/td>\n<\/tr>\n<\/tbody>\n<\/table>\n<\/div>","protected":false},"excerpt":{"rendered":"<p>Puissance 10,5 kW | Surface de cuisson : 1er grille 56&#215;48 cm &#8211; 2\u00e8me grille 56&#215;18 cm Grilles en acier<\/p>","protected":false},"featured_media":15113,"template":"","meta":[],"product_brand":[],"product_cat":[61],"product_tag":[],"product_country":[1503],"class_list":{"0":"post-3079","1":"product","2":"type-product","3":"status-publish","4":"has-post-thumbnail","6":"product_cat-sale-france","7":"product_country-france","9":"first","10":"instock","11":"sale","12":"taxable","13":"shipping-taxable","14":"purchasable","15":"product-type-simple"},"_links":{"self":[{"href":"https:\/\/routinesfashione.com\/nl\/wp-json\/wp\/v2\/product\/3079","targetHints":{"allow":["GET"]}}],"collection":[{"href":"https:\/\/routinesfashione.com\/nl\/wp-json\/wp\/v2\/product"}],"about":[{"href":"https:\/\/routinesfashione.com\/nl\/wp-json\/wp\/v2\/types\/product"}],"wp:featuredmedia":[{"embeddable":true,"href":"https:\/\/routinesfashione.com\/nl\/wp-json\/wp\/v2\/media\/15113"}],"wp:attachment":[{"href":"https:\/\/routinesfashione.com\/nl\/wp-json\/wp\/v2\/media?parent=3079"}],"wp:term":[{"taxonomy":"product_brand","embeddable":true,"href":"https:\/\/routinesfashione.com\/nl\/wp-json\/wp\/v2\/product_brand?post=3079"},{"taxonomy":"product_cat","embeddable":true,"href":"https:\/\/routinesfashione.com\/nl\/wp-json\/wp\/v2\/product_cat?post=3079"},{"taxonomy":"product_tag","embeddable":true,"href":"https:\/\/routinesfashione.com\/nl\/wp-json\/wp\/v2\/product_tag?post=3079"},{"taxonomy":"product_country","embeddable":true,"href":"https:\/\/routinesfashione.com\/nl\/wp-json\/wp\/v2\/product_country?post=3079"}],"curies":[{"name":"wp","href":"https:\/\/api.w.org\/{rel}","templated":true}]}}