{"id":3135,"date":"2025-09-30T20:51:11","date_gmt":"2025-09-30T20:51:11","guid":{"rendered":"https:\/\/lightgray-crow-170497.hostingersite.com\/?post_type=product&#038;p=3135"},"modified":"2025-09-30T20:51:11","modified_gmt":"2025-09-30T20:51:11","slug":"chunky-conference-table-120","status":"publish","type":"product","link":"https:\/\/routinesfashione.com\/nl\/produit\/chunky-conference-table-120\/","title":{"rendered":"Table de conf\u00e9rence \u00e9paisse 120"},"content":{"rendered":"<section class=\"col-12 detail-section\">\n<div class=\"detail-section-body row\">\n<div class=\"col-md-8\">\n<p>Superbe<strong>\u00a0Table\u00a0<\/strong>de Campagne r\u00e9alis\u00e9e en<strong>\u00a0Ch\u00eane Massif\u00a0<\/strong>120&#215;120,<br \/>\nCette table dispose de<strong>\u00a02 allonges*\u00a0<\/strong>de 40 cm,<br \/>\nAvec les allonges* en place, cette mesure<strong>\u00a0200&#215;120\u00a0<\/strong>(12 personnes)<br \/>\nL&#8217;\u00e9paisseur du plateau est de 4 cm,<br \/>\nSa finition est un ch\u00eane bross\u00e9 blanchi (celle de la photographie) ou selon votre convenance.<\/p>\n<p>N&#8217;h\u00e9sitez pas \u00e0 demander nos \u00e9chantillons de bois<\/p>\n<p>Pour vous aider dans vos recherches, la table est pr\u00e9sent\u00e9e avec la<strong>\u00a0Chaise\u00a0<\/strong>Olivier R\u00e9f.CH18<\/p>\n<\/div>\n<div class=\"col-md-4\">\n<h3 class=\"detail-section-subtitle\">Dimensions :<\/h3>\n<p>hauteur 77 cm<br \/>\nlargeur 120 cm<br \/>\nlongueur 120 cm<br \/>\n2 allonges* de 40 cm<\/p>\n<\/div>\n<\/div>\n<\/section>\n<section class=\"col-12 detail-section\">\n<h2 class=\"detail-section-title\">Livraison<\/h2>\n<div class=\"detail-section-body\">\n<p>la livraison est effectuee par nos soins dans toute la france continentale, gratuitement. le delai de livraison est de 8 semaines. notre chauffeur livre seul, il est habilite a mettre en place des meubles de qualites, mais etant seul, un peu d&#8217;aide lui est necessaire.<\/p>\n<\/div>\n<\/section>\n<section class=\"col-12 detail-section\">\n<h2 class=\"detail-section-title\">Informations compl\u00e9mentaires<\/h2>\n<div class=\"detail-section-body\">\n<p>* Les allonges de nos tables sont toutes en placage d&#8217;\u00e9b\u00e9nisterie et alais\u00e9es massif, afin de permettre un usage confortable et \u00e9viter les al\u00e9as du mat\u00e9riau vivant qu\u2019est le bois massif.<\/p>\n<\/div>\n<\/section>","protected":false},"excerpt":{"rendered":"<p>Superbe\u00a0Table\u00a0de Campagne r\u00e9alis\u00e9e en\u00a0Ch\u00eane Massif\u00a0120&#215;120, Cette table dispose de\u00a02 allonges*\u00a0de 40 cm, Avec les allonges* en place, cette mesure\u00a0200&#215;120\u00a0(12 personnes)<\/p>","protected":false},"featured_media":15155,"template":"","meta":[],"product_brand":[],"product_cat":[61],"product_tag":[1514],"product_country":[1503],"class_list":{"0":"post-3135","1":"product","2":"type-product","3":"status-publish","4":"has-post-thumbnail","6":"product_cat-sale-france","7":"product_tag-sale-france","8":"product_country-france","10":"first","11":"instock","12":"sale","13":"taxable","14":"shipping-taxable","15":"purchasable","16":"product-type-simple"},"_links":{"self":[{"href":"https:\/\/routinesfashione.com\/nl\/wp-json\/wp\/v2\/product\/3135","targetHints":{"allow":["GET"]}}],"collection":[{"href":"https:\/\/routinesfashione.com\/nl\/wp-json\/wp\/v2\/product"}],"about":[{"href":"https:\/\/routinesfashione.com\/nl\/wp-json\/wp\/v2\/types\/product"}],"wp:featuredmedia":[{"embeddable":true,"href":"https:\/\/routinesfashione.com\/nl\/wp-json\/wp\/v2\/media\/15155"}],"wp:attachment":[{"href":"https:\/\/routinesfashione.com\/nl\/wp-json\/wp\/v2\/media?parent=3135"}],"wp:term":[{"taxonomy":"product_brand","embeddable":true,"href":"https:\/\/routinesfashione.com\/nl\/wp-json\/wp\/v2\/product_brand?post=3135"},{"taxonomy":"product_cat","embeddable":true,"href":"https:\/\/routinesfashione.com\/nl\/wp-json\/wp\/v2\/product_cat?post=3135"},{"taxonomy":"product_tag","embeddable":true,"href":"https:\/\/routinesfashione.com\/nl\/wp-json\/wp\/v2\/product_tag?post=3135"},{"taxonomy":"product_country","embeddable":true,"href":"https:\/\/routinesfashione.com\/nl\/wp-json\/wp\/v2\/product_country?post=3135"}],"curies":[{"name":"wp","href":"https:\/\/api.w.org\/{rel}","templated":true}]}}