{"id":320,"date":"2025-09-30T20:55:51","date_gmt":"2025-09-30T20:55:51","guid":{"rendered":"https:\/\/lightgray-crow-170497.hostingersite.com\/?post_type=product&#038;p=320"},"modified":"2025-09-30T20:55:51","modified_gmt":"2025-09-30T20:55:51","slug":"dby51-gasoline-lawnmower","status":"publish","type":"product","link":"https:\/\/routinesfashione.com\/nl\/produit\/dby51-gasoline-lawnmower\/","title":{"rendered":"Tondeuse \u00e0 gazon \u00e0 essence DBY51"},"content":{"rendered":"<article class=\"text-token-text-primary w-full focus:outline-none scroll-mt-[calc(var(--header-height)+min(200px,max(70px,20svh)))]\" dir=\"auto\" tabindex=\"-1\" data-turn-id=\"request-68cad843-141c-8325-a418-fc4b994a070c-54\" data-testid=\"conversation-turn-112\" data-scroll-anchor=\"true\" data-turn=\"assistant\">\n<div class=\"text-base my-auto mx-auto pb-10 [--thread-content-margin:--spacing(4)] thread-sm:[--thread-content-margin:--spacing(6)] thread-lg:[--thread-content-margin:--spacing(16)] px-(--thread-content-margin)\">\n<div class=\"[--thread-content-max-width:40rem] thread-lg:[--thread-content-max-width:48rem] mx-auto max-w-(--thread-content-max-width) flex-1 group\/turn-messages focus-visible:outline-hidden relative flex w-full min-w-0 flex-col agent-turn\" tabindex=\"-1\">\n<div class=\"flex max-w-full flex-col grow\">\n<div class=\"min-h-8 text-message relative flex w-full flex-col items-end gap-2 text-start break-words whitespace-normal [.text-message+&amp;]:mt-5\" dir=\"auto\" data-message-author-role=\"assistant\" data-message-id=\"1a40f6e0-839b-4755-adaa-1ddef6565c42\" data-message-model-slug=\"gpt-5\">\n<div class=\"flex w-full flex-col gap-1 empty:hidden first:pt-[3px]\">\n<div class=\"markdown prose dark:prose-invert w-full break-words dark markdown-new-styling\">\n<h3 data-start=\"152\" data-end=\"184\"><strong data-start=\"156\" data-end=\"182\">Description du produit<\/strong><\/h3>\n<p data-start=\"185\" data-end=\"638\">La <strong data-start=\"188\" data-end=\"197\">DBY51<\/strong> est une tondeuse thermique auto-propuls\u00e9e con\u00e7ue pour les grandes surfaces et les herbes \u00e9paisses. Gr\u00e2ce \u00e0 son moteur <strong data-start=\"316\" data-end=\"334\">Yamaha 189 cm\u00b3<\/strong>, elle combine puissance, fiabilit\u00e9 et confort d\u2019utilisation. Sa roue avant pivotante permet de man\u0153uvrer facilement, m\u00eame dans les zones complexes, et son ch\u00e2ssis en acier robuste lui conf\u00e8re une grande long\u00e9vit\u00e9. La hauteur de coupe est r\u00e9glable centralement pour s\u2019adapter aux conditions du terrain.<\/p>\n<hr data-start=\"640\" data-end=\"643\" \/>\n<h3 data-start=\"645\" data-end=\"682\"><strong data-start=\"649\" data-end=\"680\">Caract\u00e9ristiques techniques<\/strong><\/h3>\n<ul data-start=\"683\" data-end=\"1244\">\n<li data-start=\"683\" data-end=\"709\">\n<p data-start=\"685\" data-end=\"709\"><strong data-start=\"685\" data-end=\"695\">Marque<\/strong> : Husqvarna<\/p>\n<\/li>\n<li data-start=\"710\" data-end=\"732\">\n<p data-start=\"712\" data-end=\"732\"><strong data-start=\"712\" data-end=\"722\">Mod\u00e8le<\/strong> : DBY51<\/p>\n<\/li>\n<li data-start=\"733\" data-end=\"781\">\n<p data-start=\"735\" data-end=\"781\"><strong data-start=\"735\" data-end=\"743\">Type<\/strong> : Tondeuse \u00e0 essence auto-propuls\u00e9e<\/p>\n<\/li>\n<li data-start=\"782\" data-end=\"835\">\n<p data-start=\"784\" data-end=\"835\"><strong data-start=\"784\" data-end=\"794\">Moteur<\/strong> : Yamaha MA190V-LE \u2013 4 temps \u2013 189 cm\u00b3<\/p>\n<\/li>\n<li data-start=\"836\" data-end=\"868\">\n<p data-start=\"838\" data-end=\"868\"><strong data-start=\"838\" data-end=\"858\">Largeur de coupe<\/strong> : 51 cm<\/p>\n<\/li>\n<li data-start=\"869\" data-end=\"928\">\n<p data-start=\"871\" data-end=\"928\"><strong data-start=\"871\" data-end=\"891\">Hauteur de coupe<\/strong> : 60 \u00e0 120 mm (r\u00e9glage centralis\u00e9)<\/p>\n<\/li>\n<li data-start=\"929\" data-end=\"985\">\n<p data-start=\"931\" data-end=\"985\"><strong data-start=\"931\" data-end=\"947\">Transmission<\/strong> : traction arri\u00e8re (auto-propuls\u00e9e)<\/p>\n<\/li>\n<li data-start=\"986\" data-end=\"1035\">\n<p data-start=\"988\" data-end=\"1035\"><strong data-start=\"988\" data-end=\"1013\">Capacit\u00e9 du r\u00e9servoir<\/strong> : environ 1,2 litre<\/p>\n<\/li>\n<li data-start=\"1036\" data-end=\"1081\">\n<p data-start=\"1038\" data-end=\"1081\"><strong data-start=\"1038\" data-end=\"1047\">Roues<\/strong> : avant ~20 cm ; arri\u00e8re ~42 cm<\/p>\n<\/li>\n<li data-start=\"1082\" data-end=\"1113\">\n<p data-start=\"1084\" data-end=\"1113\"><strong data-start=\"1084\" data-end=\"1093\">Poids<\/strong> : environ 58,5 kg<\/p>\n<\/li>\n<li data-start=\"1114\" data-end=\"1145\">\n<p data-start=\"1116\" data-end=\"1145\"><strong data-start=\"1116\" data-end=\"1126\">Carter<\/strong> : acier renforc\u00e9<\/p>\n<\/li>\n<li data-start=\"1146\" data-end=\"1193\">\n<p data-start=\"1148\" data-end=\"1193\"><strong data-start=\"1148\" data-end=\"1171\">\u00c9jection de l\u2019herbe<\/strong> : \u00e9jection lat\u00e9rale<\/p>\n<\/li>\n<li data-start=\"1194\" data-end=\"1244\">\n<p data-start=\"1196\" data-end=\"1244\"><strong data-start=\"1196\" data-end=\"1216\">Vitesse d\u2019avance<\/strong> : environ 2,3 km\/h<\/p>\n<\/li>\n<\/ul>\n<\/div>\n<\/div>\n<\/div>\n<\/div>\n<\/div>\n<\/div>\n<\/article>","protected":false},"excerpt":{"rendered":"<p>Description du produit La DBY51 est une tondeuse thermique auto-propuls\u00e9e con\u00e7ue pour les grandes surfaces et les herbes \u00e9paisses. Gr\u00e2ce<\/p>","protected":false},"featured_media":19563,"template":"","meta":[],"product_brand":[],"product_cat":[64],"product_tag":[65],"product_country":[1503],"class_list":{"0":"post-320","1":"product","2":"type-product","3":"status-publish","4":"has-post-thumbnail","6":"product_cat-movers","7":"product_tag-movers","8":"product_country-france","10":"first","11":"instock","12":"sale","13":"taxable","14":"shipping-taxable","15":"purchasable","16":"product-type-simple"},"_links":{"self":[{"href":"https:\/\/routinesfashione.com\/nl\/wp-json\/wp\/v2\/product\/320","targetHints":{"allow":["GET"]}}],"collection":[{"href":"https:\/\/routinesfashione.com\/nl\/wp-json\/wp\/v2\/product"}],"about":[{"href":"https:\/\/routinesfashione.com\/nl\/wp-json\/wp\/v2\/types\/product"}],"wp:featuredmedia":[{"embeddable":true,"href":"https:\/\/routinesfashione.com\/nl\/wp-json\/wp\/v2\/media\/19563"}],"wp:attachment":[{"href":"https:\/\/routinesfashione.com\/nl\/wp-json\/wp\/v2\/media?parent=320"}],"wp:term":[{"taxonomy":"product_brand","embeddable":true,"href":"https:\/\/routinesfashione.com\/nl\/wp-json\/wp\/v2\/product_brand?post=320"},{"taxonomy":"product_cat","embeddable":true,"href":"https:\/\/routinesfashione.com\/nl\/wp-json\/wp\/v2\/product_cat?post=320"},{"taxonomy":"product_tag","embeddable":true,"href":"https:\/\/routinesfashione.com\/nl\/wp-json\/wp\/v2\/product_tag?post=320"},{"taxonomy":"product_country","embeddable":true,"href":"https:\/\/routinesfashione.com\/nl\/wp-json\/wp\/v2\/product_country?post=320"}],"curies":[{"name":"wp","href":"https:\/\/api.w.org\/{rel}","templated":true}]}}