{"id":3246,"date":"2025-09-30T20:51:10","date_gmt":"2025-09-30T20:51:10","guid":{"rendered":"https:\/\/lightgray-crow-170497.hostingersite.com\/?post_type=product&#038;p=3246"},"modified":"2025-09-30T20:51:10","modified_gmt":"2025-09-30T20:51:10","slug":"pierre-jeanneret-office-chair","status":"publish","type":"product","link":"https:\/\/routinesfashione.com\/nl\/produit\/pierre-jeanneret-office-chair\/","title":{"rendered":"PIERRE JEANNERET OFFICE CHAIR"},"content":{"rendered":"<h3 data-start=\"154\" data-end=\"189\"><strong data-start=\"161\" data-end=\"187\">Description du produit<\/strong><\/h3>\n<p data-start=\"190\" data-end=\"508\">Ic\u00f4ne du design du milieu du XX\u1d49 si\u00e8cle, la <strong data-start=\"234\" data-end=\"271\">chaise de bureau Pierre Jeanneret<\/strong> (Office Chair) est une pi\u00e8ce intemporelle qui allie \u00e9l\u00e9gance et fonctionnalit\u00e9. Con\u00e7ue \u00e0 l\u2019origine pour les b\u00e2timents administratifs de Chandigarh en Inde, cette chaise refl\u00e8te le style brutaliste et artisanal cher \u00e0 Pierre Jeanneret.<\/p>\n<p data-start=\"510\" data-end=\"764\">Elle se distingue par sa <strong data-start=\"535\" data-end=\"563\">structure en bois massif<\/strong>, son <strong data-start=\"569\" data-end=\"618\">assise et dossier en cannage tress\u00e9 \u00e0 la main<\/strong> et son pi\u00e8tement en <strong data-start=\"639\" data-end=\"652\">V invers\u00e9<\/strong> typique. Elle apporte chaleur et authenticit\u00e9 \u00e0 tout espace de travail, qu\u2019il soit contemporain ou classique.<\/p>\n<hr data-start=\"766\" data-end=\"769\" \/>\n<h3 data-start=\"771\" data-end=\"811\"><strong data-start=\"778\" data-end=\"809\">Caract\u00e9ristiques techniques<\/strong><\/h3>\n<ul data-start=\"813\" data-end=\"1755\">\n<li data-start=\"813\" data-end=\"848\">\n<p data-start=\"815\" data-end=\"848\"><strong data-start=\"815\" data-end=\"827\">Designer<\/strong> : Pierre Jeanneret<\/p>\n<\/li>\n<li data-start=\"849\" data-end=\"905\">\n<p data-start=\"851\" data-end=\"905\"><strong data-start=\"851\" data-end=\"869\">Nom du produit<\/strong> : Office Chair (chaise de bureau)<\/p>\n<\/li>\n<li data-start=\"906\" data-end=\"968\">\n<p data-start=\"908\" data-end=\"968\"><strong data-start=\"908\" data-end=\"926\">Type de meuble<\/strong> : Chaise de bureau \/ fauteuil d\u2019appoint<\/p>\n<\/li>\n<li data-start=\"969\" data-end=\"1118\">\n<p data-start=\"971\" data-end=\"988\"><strong data-start=\"971\" data-end=\"984\">Mat\u00e9riaux<\/strong> :<\/p>\n<ul data-start=\"991\" data-end=\"1118\">\n<li data-start=\"991\" data-end=\"1050\">\n<p data-start=\"993\" data-end=\"1050\">Structure : Bois massif (teck ou ch\u00eane selon r\u00e9\u00e9dition)<\/p>\n<\/li>\n<li data-start=\"1053\" data-end=\"1118\">\n<p data-start=\"1055\" data-end=\"1118\">Assise et dossier : Cannage en rotin naturel tress\u00e9 \u00e0 la main<\/p>\n<\/li>\n<\/ul>\n<\/li>\n<li data-start=\"1119\" data-end=\"1273\">\n<p data-start=\"1121\" data-end=\"1154\"><strong data-start=\"1121\" data-end=\"1150\">Dimensions approximatives<\/strong> :<\/p>\n<ul data-start=\"1157\" data-end=\"1273\">\n<li data-start=\"1157\" data-end=\"1179\">\n<p data-start=\"1159\" data-end=\"1179\">Largeur : 50\u201355 cm<\/p>\n<\/li>\n<li data-start=\"1182\" data-end=\"1207\">\n<p data-start=\"1184\" data-end=\"1207\">Profondeur : 50\u201355 cm<\/p>\n<\/li>\n<li data-start=\"1210\" data-end=\"1239\">\n<p data-start=\"1212\" data-end=\"1239\">Hauteur totale : 80\u201385 cm<\/p>\n<\/li>\n<li data-start=\"1242\" data-end=\"1273\">\n<p data-start=\"1244\" data-end=\"1273\">Hauteur d\u2019assise : 45\u201348 cm<\/p>\n<\/li>\n<\/ul>\n<\/li>\n<li data-start=\"1274\" data-end=\"1333\">\n<p data-start=\"1276\" data-end=\"1333\"><strong data-start=\"1276\" data-end=\"1285\">Style<\/strong> : Design mid-century, brutaliste et artisanal<\/p>\n<\/li>\n<li data-start=\"1334\" data-end=\"1390\">\n<p data-start=\"1336\" data-end=\"1390\"><strong data-start=\"1336\" data-end=\"1349\">Pi\u00e8tement<\/strong> : Bois en V invers\u00e9, stable et robuste<\/p>\n<\/li>\n<li data-start=\"1391\" data-end=\"1448\">\n<p data-start=\"1393\" data-end=\"1448\"><strong data-start=\"1393\" data-end=\"1406\">Finitions<\/strong> : Vernis naturel ou teint\u00e9 selon mod\u00e8le<\/p>\n<\/li>\n<li data-start=\"1449\" data-end=\"1523\">\n<p data-start=\"1451\" data-end=\"1523\"><strong data-start=\"1451\" data-end=\"1460\">Usage<\/strong> : Bureau, salle de r\u00e9union, espace r\u00e9sidentiel haut de gamme<\/p>\n<\/li>\n<li data-start=\"1524\" data-end=\"1607\">\n<p data-start=\"1526\" data-end=\"1607\"><strong data-start=\"1526\" data-end=\"1539\">Entretien<\/strong> : Nettoyage avec chiffon sec, cannage \u00e0 d\u00e9poussi\u00e9rer d\u00e9licatement<\/p>\n<\/li>\n<li data-start=\"1608\" data-end=\"1667\">\n<p data-start=\"1610\" data-end=\"1667\"><strong data-start=\"1610\" data-end=\"1621\">Couleur<\/strong> : Bois naturel avec cannage clair ou patin\u00e9<\/p>\n<\/li>\n<li data-start=\"1668\" data-end=\"1755\">\n<p data-start=\"1670\" data-end=\"1755\"><strong data-start=\"1670\" data-end=\"1687\">Particularit\u00e9<\/strong> : Pi\u00e8ce iconique et collectionnable, symbole du design Chandigarh<\/p>\n<\/li>\n<\/ul>","protected":false},"excerpt":{"rendered":"<p>Description du produit Ic\u00f4ne du design du milieu du XX\u1d49 si\u00e8cle, la chaise de bureau Pierre Jeanneret (Office Chair) est<\/p>","protected":false},"featured_media":15244,"template":"","meta":[],"product_brand":[],"product_cat":[61],"product_tag":[1514],"product_country":[1503],"class_list":{"0":"post-3246","1":"product","2":"type-product","3":"status-publish","4":"has-post-thumbnail","6":"product_cat-sale-france","7":"product_tag-sale-france","8":"product_country-france","10":"first","11":"instock","12":"sale","13":"taxable","14":"shipping-taxable","15":"purchasable","16":"product-type-simple"},"_links":{"self":[{"href":"https:\/\/routinesfashione.com\/nl\/wp-json\/wp\/v2\/product\/3246","targetHints":{"allow":["GET"]}}],"collection":[{"href":"https:\/\/routinesfashione.com\/nl\/wp-json\/wp\/v2\/product"}],"about":[{"href":"https:\/\/routinesfashione.com\/nl\/wp-json\/wp\/v2\/types\/product"}],"wp:featuredmedia":[{"embeddable":true,"href":"https:\/\/routinesfashione.com\/nl\/wp-json\/wp\/v2\/media\/15244"}],"wp:attachment":[{"href":"https:\/\/routinesfashione.com\/nl\/wp-json\/wp\/v2\/media?parent=3246"}],"wp:term":[{"taxonomy":"product_brand","embeddable":true,"href":"https:\/\/routinesfashione.com\/nl\/wp-json\/wp\/v2\/product_brand?post=3246"},{"taxonomy":"product_cat","embeddable":true,"href":"https:\/\/routinesfashione.com\/nl\/wp-json\/wp\/v2\/product_cat?post=3246"},{"taxonomy":"product_tag","embeddable":true,"href":"https:\/\/routinesfashione.com\/nl\/wp-json\/wp\/v2\/product_tag?post=3246"},{"taxonomy":"product_country","embeddable":true,"href":"https:\/\/routinesfashione.com\/nl\/wp-json\/wp\/v2\/product_country?post=3246"}],"curies":[{"name":"wp","href":"https:\/\/api.w.org\/{rel}","templated":true}]}}