{"id":3533,"date":"2025-09-30T20:36:58","date_gmt":"2025-09-30T20:36:58","guid":{"rendered":"https:\/\/lightgray-crow-170497.hostingersite.com\/?post_type=product&#038;p=3533"},"modified":"2025-09-30T20:36:58","modified_gmt":"2025-09-30T20:36:58","slug":"backyard-discovery-barrington-14ft-x-12ft-4-3-x-3-7m-wooden-gazebo-with-peaked-galvanised-steel-roof","status":"publish","type":"product","link":"https:\/\/routinesfashione.com\/nl\/produit\/backyard-discovery-barrington-14ft-x-12ft-4-3-x-3-7m-wooden-gazebo-with-peaked-galvanised-steel-roof\/","title":{"rendered":"Gazebo en bois Backyard Discovery Barrington de 4,3 x 3,7 m (14 pi x 12 pi) avec toit pointu en acier galvanis\u00e9"},"content":{"rendered":"<p class=\"pdp-pdf-bullets\"><span dir=\"auto\">D\u00e9couvrez le gazebo Barrington de Backyard Discovery et transformez votre jardin en un havre de paix id\u00e9al. Son toit \u00e0 quatre versants en acier galvanis\u00e9 \u00e9pais allie style classique et robustesse, offrant une protection contre la pluie, la neige et le soleil. Con\u00e7u pour une stabilit\u00e9 et une r\u00e9sistance exceptionnelles, ce gazebo en bois est test\u00e9 Pro-Tect\u2122 et r\u00e9siste \u00e0 des chutes de neige allant jusqu&#8217;\u00e0 4 tonnes ou 76 centim\u00e8tres et \u00e0 des vents de 160 km\/h.<\/span><\/p>\n<p class=\"pdp-pdf-bullets\"><span dir=\"auto\">La finition pr\u00e9-teint\u00e9e ajoute une esth\u00e9tique charmante tandis que le magnifique cadre en bois de c\u00e8dre est r\u00e9sistant \u00e0 la pourriture et \u00e0 la d\u00e9composition, garantissant que le Barrington est un ajout durable \u00e0 votre jardin arri\u00e8re.<\/span><\/p>\n<p class=\"pdp-pdf-bullets\"><span dir=\"auto\">Avec nos prises \u00e9lectriques exclusives PowerPort\u2122, un port USB et un port USB-C, il est facile d&#8217;\u00e9couter de la musique, de charger vos appareils et d&#8217;ajouter un \u00e9clairage ambiant pour cr\u00e9er le cadre parfait.<\/span><\/p>\n<p class=\"pdp-pdf-bullets\"><span dir=\"auto\">Ce pavillon d&#8217;ext\u00e9rieur polyvalent est id\u00e9al pour embellir n&#8217;importe quel jardin et peut facilement accueillir du mobilier confortable et des \u00e9l\u00e9ments d\u00e9coratifs qui s&#8217;harmonisent avec votre style. Que vous recherchiez un refuge priv\u00e9, un espace ext\u00e9rieur d\u00e9di\u00e9 au yoga ou \u00e0 l&#8217;exercice, ou un lieu charmant pour des garden-parties, le pavillon de terrasse Barrington s&#8217;adapte facilement \u00e0 vos besoins. L&#8217;assemblage est simplifi\u00e9 gr\u00e2ce \u00e0 des composants pr\u00e9d\u00e9coup\u00e9s, pr\u00e9-teints et pr\u00e9-perc\u00e9s, et l&#8217;application interactive BILT\u00ae vous guide \u00e9tape par \u00e9tape.<\/span><\/p>\n<p><span dir=\"auto\">Adoptez le pavillon Barrington d\u00e8s aujourd&#8217;hui et cr\u00e9ez le jardin de vos r\u00eaves.<\/span><\/p>\n<p class=\"pdp-pdf-bullets\"><strong><span dir=\"auto\">Caract\u00e9ristiques:<\/span><\/strong><\/p>\n<ul>\n<li class=\"pdp-pdf-bullets\"><span dir=\"auto\">Construit avec du c\u00e8dre 100 % naturel certifi\u00e9 FSC<\/span><\/li>\n<li class=\"pdp-pdf-bullets\"><span dir=\"auto\">Prises \u00e9lectriques PowerPort\u2122, un port USB et un port USB-C, il est facile d&#8217;\u00e9couter de la musique, de charger vos appareils et d&#8217;ajouter un \u00e9clairage ambiant pour cr\u00e9er le cadre parfait<\/span><\/li>\n<li class=\"pdp-pdf-bullets\"><span dir=\"auto\">Pr\u00e9d\u00e9coup\u00e9, pr\u00e9-perc\u00e9, pr\u00e9-fini et comprend tout le mat\u00e9riel n\u00e9cessaire \u00e0 l&#8217;assemblage<\/span><\/li>\n<li class=\"pdp-pdf-bullets\"><span dir=\"auto\">C\u00e8dre ext\u00e9rieur pr\u00e9-teint\u00e9<\/span><\/li>\n<li class=\"pdp-pdf-bullets\"><span dir=\"auto\">Capable de supporter jusqu&#8217;\u00e0 76 cm de charge de neige et des vents jusqu&#8217;\u00e0 100 mph<\/span><\/li>\n<li class=\"pdp-pdf-bullets\"><span dir=\"auto\">Le toit en acier galvanis\u00e9 brun Tudor offre une r\u00e9sistance aux bosses et \u00e0 la corrosion<\/span><\/li>\n<li class=\"pdp-pdf-bullets\"><span dir=\"auto\">Assemblage plus facile : pris en charge par l&#8217;application BILT\u00ae \u00e9tape par \u00e9tape, interactive et vocale pour plus de facilit\u00e9 et de commodit\u00e9 pendant le processus d&#8217;assemblage.\u00a0<\/span><\/li>\n<li class=\"pdp-pdf-bullets\"><span dir=\"auto\">N\u00e9cessite une surface solide et plane<\/span><\/li>\n<\/ul>\n<p class=\"pdp-pdf-bullets\"><strong><span dir=\"auto\">Dimensions:<\/span><\/strong><\/p>\n<ul>\n<li class=\"pdp-pdf-bullets\"><span dir=\"auto\">H\u00a0<\/span><b>\u00a0<\/b><span dir=\"auto\">310 x L 430 x P 370 cm<\/span><\/li>\n<li class=\"pdp-pdf-bullets\"><strong><span dir=\"auto\">Poids :<\/span><\/strong><span dir=\"auto\"><span dir=\"auto\"><span dir=\"auto\">\u00a0418 kg<\/span><\/span><\/span>&nbsp;<\/li>\n<\/ul>\n<table class=\"table ng-star-inserted\">\n<tbody>\n<tr class=\"ng-star-inserted\">\n<td class=\"attrib\"><span dir=\"auto\">Couleur<\/span><\/td>\n<td class=\"attrib-val\"><span dir=\"auto\">Brun<\/span><\/td>\n<\/tr>\n<tr class=\"ng-star-inserted\">\n<td class=\"attrib\"><span dir=\"auto\">Marque<\/span><\/td>\n<td class=\"attrib-val\"><span dir=\"auto\">D\u00e9couverte de l&#8217;arri\u00e8re-cour<\/span><\/td>\n<\/tr>\n<tr class=\"ng-star-inserted\">\n<td class=\"attrib\"><span dir=\"auto\">Mat\u00e9riel<\/span><\/td>\n<td class=\"attrib-val\"><span dir=\"auto\">Acier<\/span><br \/>\n<span dir=\"auto\">Bois de c\u00e8dre<\/span><\/td>\n<\/tr>\n<tr class=\"ng-star-inserted\">\n<td class=\"attrib\"><span dir=\"auto\">Taper<\/span><\/td>\n<td class=\"attrib-val\"><span dir=\"auto\">Belv\u00e9d\u00e8re<\/span><\/td>\n<\/tr>\n<tr class=\"ng-star-inserted\">\n<td class=\"attrib\"><span dir=\"auto\">Dimensions<\/span><\/td>\n<td class=\"attrib-val\"><span dir=\"auto\">H 310 x L 430 x P 370 cm<\/span><\/td>\n<\/tr>\n<tr class=\"ng-star-inserted\">\n<td class=\"attrib\"><span dir=\"auto\">Poids<\/span><\/td>\n<td class=\"attrib-val\"><span dir=\"auto\">418 kg<\/span><\/td>\n<\/tr>\n<\/tbody>\n<\/table>","protected":false},"excerpt":{"rendered":"<p>D\u00e9couvrez le gazebo Barrington de Backyard Discovery et transformez votre jardin en un havre de paix id\u00e9al. Son toit \u00e0<\/p>","protected":false},"featured_media":15464,"template":"","meta":[],"product_brand":[],"product_cat":[61],"product_tag":[1514],"product_country":[1503],"class_list":{"0":"post-3533","1":"product","2":"type-product","3":"status-publish","4":"has-post-thumbnail","6":"product_cat-sale-france","7":"product_tag-sale-france","8":"product_country-france","10":"first","11":"instock","12":"sale","13":"taxable","14":"shipping-taxable","15":"purchasable","16":"product-type-simple"},"_links":{"self":[{"href":"https:\/\/routinesfashione.com\/nl\/wp-json\/wp\/v2\/product\/3533","targetHints":{"allow":["GET"]}}],"collection":[{"href":"https:\/\/routinesfashione.com\/nl\/wp-json\/wp\/v2\/product"}],"about":[{"href":"https:\/\/routinesfashione.com\/nl\/wp-json\/wp\/v2\/types\/product"}],"wp:featuredmedia":[{"embeddable":true,"href":"https:\/\/routinesfashione.com\/nl\/wp-json\/wp\/v2\/media\/15464"}],"wp:attachment":[{"href":"https:\/\/routinesfashione.com\/nl\/wp-json\/wp\/v2\/media?parent=3533"}],"wp:term":[{"taxonomy":"product_brand","embeddable":true,"href":"https:\/\/routinesfashione.com\/nl\/wp-json\/wp\/v2\/product_brand?post=3533"},{"taxonomy":"product_cat","embeddable":true,"href":"https:\/\/routinesfashione.com\/nl\/wp-json\/wp\/v2\/product_cat?post=3533"},{"taxonomy":"product_tag","embeddable":true,"href":"https:\/\/routinesfashione.com\/nl\/wp-json\/wp\/v2\/product_tag?post=3533"},{"taxonomy":"product_country","embeddable":true,"href":"https:\/\/routinesfashione.com\/nl\/wp-json\/wp\/v2\/product_country?post=3533"}],"curies":[{"name":"wp","href":"https:\/\/api.w.org\/{rel}","templated":true}]}}