{"id":367,"date":"2025-09-30T20:55:50","date_gmt":"2025-09-30T20:55:50","guid":{"rendered":"https:\/\/lightgray-crow-170497.hostingersite.com\/?post_type=product&#038;p=367"},"modified":"2025-09-30T20:55:50","modified_gmt":"2025-09-30T20:55:50","slug":"debroussailleuse-stihl-thermique-fs-111","status":"publish","type":"product","link":"https:\/\/routinesfashione.com\/nl\/produit\/debroussailleuse-stihl-thermique-fs-111\/","title":{"rendered":"D\u00e9broussailleuse Stihl thermique FS 111"},"content":{"rendered":"<h2 data-start=\"104\" data-end=\"136\">\u2705 Caract\u00e9ristiques techniques<\/h2>\n<ul data-start=\"138\" data-end=\"564\">\n<li data-start=\"138\" data-end=\"302\">\n<p data-start=\"140\" data-end=\"302\"><strong data-start=\"140\" data-end=\"150\">Moteur<\/strong> : STIHL 4\u2011MIX\u00ae \u2014 moteur \u00e0 essence 4 temps qui fonctionne avec m\u00e9lange huile\/essence (2 temps), combinant puissance, couple \u00e9lev\u00e9 et faibles \u00e9missions<\/p>\n<\/li>\n<li data-start=\"303\" data-end=\"331\">\n<p data-start=\"305\" data-end=\"331\"><strong data-start=\"305\" data-end=\"318\">Cylindr\u00e9e<\/strong> : 31,4 cm\u00b3<\/p>\n<\/li>\n<li data-start=\"332\" data-end=\"376\">\n<p data-start=\"334\" data-end=\"376\"><strong data-start=\"334\" data-end=\"347\">Puissance<\/strong> : 1,05 kW (environ 1,4 CV)<\/p>\n<\/li>\n<li data-start=\"377\" data-end=\"436\">\n<p data-start=\"379\" data-end=\"436\"><strong data-start=\"379\" data-end=\"392\">R\u00e9servoir<\/strong> : 0,71 litre, offrant une bonne autonomie<\/p>\n<\/li>\n<li data-start=\"437\" data-end=\"501\">\n<p data-start=\"439\" data-end=\"501\"><strong data-start=\"439\" data-end=\"490\">Poids (\u00e0 sec, sans outil de coupe ni carburant)<\/strong> : 5,8 kg<\/p>\n<\/li>\n<li data-start=\"502\" data-end=\"564\">\n<p data-start=\"504\" data-end=\"564\"><strong data-start=\"504\" data-end=\"525\">Diam\u00e8tre de coupe<\/strong> : jusqu\u2019\u00e0 420 mm selon l\u2019outil mont\u00e9<\/p>\n<\/li>\n<\/ul>\n<hr data-start=\"566\" data-end=\"569\" \/>\n<h2 data-start=\"571\" data-end=\"597\">\ud83d\udee0\ufe0f Confort &amp; ergonomie<\/h2>\n<ul data-start=\"599\" data-end=\"1084\">\n<li data-start=\"599\" data-end=\"699\">\n<p data-start=\"601\" data-end=\"699\"><strong data-start=\"601\" data-end=\"618\">Guidon double<\/strong> : ergonomique et r\u00e9glable sans outil, id\u00e9al pour les travaux de grande surface<\/p>\n<\/li>\n<li data-start=\"700\" data-end=\"790\">\n<p data-start=\"702\" data-end=\"790\"><strong data-start=\"702\" data-end=\"727\">Poign\u00e9e multifonction<\/strong> : toutes les commandes sont regroup\u00e9es sur la poign\u00e9e droite<\/p>\n<\/li>\n<li data-start=\"791\" data-end=\"875\">\n<p data-start=\"793\" data-end=\"875\"><strong data-start=\"793\" data-end=\"820\">Syst\u00e8me anti-vibrations<\/strong> : r\u00e9duit la fatigue lors d\u2019une utilisation prolong\u00e9e<\/p>\n<\/li>\n<li data-start=\"876\" data-end=\"935\">\n<p data-start=\"878\" data-end=\"935\"><strong data-start=\"878\" data-end=\"907\">D\u00e9compression automatique<\/strong> : facilite les d\u00e9marrages<\/p>\n<\/li>\n<li data-start=\"936\" data-end=\"1005\">\n<p data-start=\"938\" data-end=\"1005\"><strong data-start=\"938\" data-end=\"958\">Pompe d\u2019amor\u00e7age<\/strong> : pour red\u00e9marrer facilement apr\u00e8s une pause<\/p>\n<\/li>\n<li data-start=\"1006\" data-end=\"1084\">\n<p data-start=\"1008\" data-end=\"1084\"><strong data-start=\"1008\" data-end=\"1036\">Harnais double rembourr\u00e9<\/strong> : fourni de s\u00e9rie pour un bon confort de port<\/p>\n<\/li>\n<\/ul>\n<hr data-start=\"1086\" data-end=\"1089\" \/>\n<h2 data-start=\"1091\" data-end=\"1114\">\ud83d\udd27 \u00c9quipement fourni<\/h2>\n<ul data-start=\"1116\" data-end=\"1338\">\n<li data-start=\"1116\" data-end=\"1182\">\n<p data-start=\"1118\" data-end=\"1182\"><strong data-start=\"1118\" data-end=\"1135\">T\u00eate de coupe<\/strong> : couteau taillis 250-3 (lame 3 dents acier)<\/p>\n<\/li>\n<li data-start=\"1183\" data-end=\"1236\">\n<p data-start=\"1185\" data-end=\"1236\"><strong data-start=\"1185\" data-end=\"1208\">Capot de protection<\/strong> : adapt\u00e9 \u00e0 l\u2019outil fourni<\/p>\n<\/li>\n<li data-start=\"1237\" data-end=\"1267\">\n<p data-start=\"1239\" data-end=\"1267\"><strong data-start=\"1239\" data-end=\"1265\">Harnais double confort<\/strong><\/p>\n<\/li>\n<li data-start=\"1268\" data-end=\"1311\">\n<p data-start=\"1270\" data-end=\"1311\"><strong data-start=\"1270\" data-end=\"1309\">Cl\u00e9 multifonctions pour l\u2019entretien<\/strong><\/p>\n<\/li>\n<li data-start=\"1312\" data-end=\"1338\">\n<p data-start=\"1314\" data-end=\"1338\"><strong data-start=\"1314\" data-end=\"1336\">Manuel utilisateur<\/strong><\/p>\n<\/li>\n<\/ul>\n<hr data-start=\"1340\" data-end=\"1343\" \/>\n<h2 data-start=\"1345\" data-end=\"1378\">\ud83d\udcd0 Donn\u00e9es techniques r\u00e9sum\u00e9es<\/h2>\n<div class=\"_tableContainer_80l1q_1\">\n<div class=\"_tableWrapper_80l1q_14 group flex w-fit flex-col-reverse\" tabindex=\"-1\">\n<table class=\"w-fit min-w-(--thread-content-width)\" data-start=\"1380\" data-end=\"2124\">\n<thead data-start=\"1380\" data-end=\"1441\">\n<tr data-start=\"1380\" data-end=\"1441\">\n<th data-start=\"1380\" data-end=\"1407\" data-col-size=\"sm\">\u00c9l\u00e9ment<\/th>\n<th data-start=\"1407\" data-end=\"1441\" data-col-size=\"sm\">Valeur<\/th>\n<\/tr>\n<\/thead>\n<tbody data-start=\"1504\" data-end=\"2124\">\n<tr data-start=\"1504\" data-end=\"1566\">\n<td data-start=\"1504\" data-end=\"1531\" data-col-size=\"sm\">Moteur<\/td>\n<td data-col-size=\"sm\" data-start=\"1531\" data-end=\"1566\">STIHL 4-MIX\u00ae, thermique essence<\/td>\n<\/tr>\n<tr data-start=\"1567\" data-end=\"1628\">\n<td data-start=\"1567\" data-end=\"1594\" data-col-size=\"sm\">Cylindr\u00e9e<\/td>\n<td data-col-size=\"sm\" data-start=\"1594\" data-end=\"1628\">31,4 cm\u00b3<\/td>\n<\/tr>\n<tr data-start=\"1629\" data-end=\"1690\">\n<td data-start=\"1629\" data-end=\"1656\" data-col-size=\"sm\">Puissance<\/td>\n<td data-col-size=\"sm\" data-start=\"1656\" data-end=\"1690\">1,05 kW \/ 1,4 CV<\/td>\n<\/tr>\n<tr data-start=\"1691\" data-end=\"1752\">\n<td data-start=\"1691\" data-end=\"1718\" data-col-size=\"sm\">Poids \u00e0 vide<\/td>\n<td data-col-size=\"sm\" data-start=\"1718\" data-end=\"1752\">5,8 kg<\/td>\n<\/tr>\n<tr data-start=\"1753\" data-end=\"1814\">\n<td data-start=\"1753\" data-end=\"1780\" data-col-size=\"sm\">R\u00e9servoir carburant<\/td>\n<td data-col-size=\"sm\" data-start=\"1780\" data-end=\"1814\">0,71 litre<\/td>\n<\/tr>\n<tr data-start=\"1815\" data-end=\"1876\">\n<td data-start=\"1815\" data-end=\"1842\" data-col-size=\"sm\">Outil de coupe inclus<\/td>\n<td data-col-size=\"sm\" data-start=\"1842\" data-end=\"1876\">Couteau taillis 250-3<\/td>\n<\/tr>\n<tr data-start=\"1877\" data-end=\"1938\">\n<td data-start=\"1877\" data-end=\"1904\" data-col-size=\"sm\">Largeur de coupe max<\/td>\n<td data-col-size=\"sm\" data-start=\"1904\" data-end=\"1938\">420 mm<\/td>\n<\/tr>\n<tr data-start=\"1939\" data-end=\"2000\">\n<td data-start=\"1939\" data-end=\"1966\" data-col-size=\"sm\">Guidon<\/td>\n<td data-col-size=\"sm\" data-start=\"1966\" data-end=\"2000\">Double, r\u00e9glable<\/td>\n<\/tr>\n<tr data-start=\"2001\" data-end=\"2062\">\n<td data-start=\"2001\" data-end=\"2028\" data-col-size=\"sm\">Syst\u00e8me anti-vibrations<\/td>\n<td data-col-size=\"sm\" data-start=\"2028\" data-end=\"2062\">Oui<\/td>\n<\/tr>\n<tr data-start=\"2063\" data-end=\"2124\">\n<td data-start=\"2063\" data-end=\"2090\" data-col-size=\"sm\">Harnais fourni<\/td>\n<td data-col-size=\"sm\" data-start=\"2090\" data-end=\"2124\">Oui, double rembourr\u00e9<\/td>\n<\/tr>\n<\/tbody>\n<\/table>\n<div class=\"sticky end-(--thread-content-margin) h-0 self-end select-none\">\n<div class=\"absolute end-0 flex items-end\"><\/div>\n<\/div>\n<\/div>\n<\/div>\n<hr data-start=\"2126\" data-end=\"2129\" \/>\n<h2 data-start=\"2131\" data-end=\"2145\">\u2705 Avantages<\/h2>\n<ul data-start=\"2147\" data-end=\"2413\">\n<li data-start=\"2147\" data-end=\"2183\">\n<p data-start=\"2149\" data-end=\"2183\">Tr\u00e8s bon rapport puissance\/poids<\/p>\n<\/li>\n<li data-start=\"2184\" data-end=\"2252\">\n<p data-start=\"2186\" data-end=\"2252\">Parfait pour des travaux d\u2019entretien r\u00e9guliers ou semi-intensifs<\/p>\n<\/li>\n<li data-start=\"2253\" data-end=\"2325\">\n<p data-start=\"2255\" data-end=\"2325\">D\u00e9marrage facilit\u00e9 gr\u00e2ce aux syst\u00e8mes de d\u00e9compression et d\u2019amor\u00e7age<\/p>\n<\/li>\n<li data-start=\"2326\" data-end=\"2413\">\n<p data-start=\"2328\" data-end=\"2413\">Confort d\u2019utilisation m\u00eame sur longue dur\u00e9e gr\u00e2ce \u00e0 l\u2019anti-vibrations et au harnais<\/p>\n<\/li>\n<\/ul>\n<hr data-start=\"2415\" data-end=\"2418\" \/>\n<h2 data-start=\"2420\" data-end=\"2433\">\u26a0\ufe0f \u00c0 noter<\/h2>\n<ul data-start=\"2435\" data-end=\"2679\">\n<li data-start=\"2435\" data-end=\"2583\">\n<p data-start=\"2437\" data-end=\"2583\">Le moteur 4-MIX n\u00e9cessite un entretien l\u00e9g\u00e8rement plus technique que les moteurs 2 temps classiques (r\u00e9glage des soupapes possible \u00e0 long terme)<\/p>\n<\/li>\n<li data-start=\"2584\" data-end=\"2679\">\n<p data-start=\"2586\" data-end=\"2679\">Le prix peut sembler \u00e9lev\u00e9, mais il est compens\u00e9 par la qualit\u00e9 et la long\u00e9vit\u00e9 du mat\u00e9riel<\/p>\n<\/li>\n<\/ul>","protected":false},"excerpt":{"rendered":"<p>\u2705 Caract\u00e9ristiques techniques Moteur : STIHL 4\u2011MIX\u00ae \u2014 moteur \u00e0 essence 4 temps qui fonctionne avec m\u00e9lange huile\/essence (2 temps),<\/p>","protected":false},"featured_media":13072,"template":"","meta":[],"product_brand":[],"product_cat":[61],"product_tag":[],"product_country":[1503],"class_list":{"0":"post-367","1":"product","2":"type-product","3":"status-publish","4":"has-post-thumbnail","6":"product_cat-sale-france","7":"product_country-france","9":"first","10":"instock","11":"sale","12":"taxable","13":"shipping-taxable","14":"purchasable","15":"product-type-simple"},"_links":{"self":[{"href":"https:\/\/routinesfashione.com\/nl\/wp-json\/wp\/v2\/product\/367","targetHints":{"allow":["GET"]}}],"collection":[{"href":"https:\/\/routinesfashione.com\/nl\/wp-json\/wp\/v2\/product"}],"about":[{"href":"https:\/\/routinesfashione.com\/nl\/wp-json\/wp\/v2\/types\/product"}],"wp:featuredmedia":[{"embeddable":true,"href":"https:\/\/routinesfashione.com\/nl\/wp-json\/wp\/v2\/media\/13072"}],"wp:attachment":[{"href":"https:\/\/routinesfashione.com\/nl\/wp-json\/wp\/v2\/media?parent=367"}],"wp:term":[{"taxonomy":"product_brand","embeddable":true,"href":"https:\/\/routinesfashione.com\/nl\/wp-json\/wp\/v2\/product_brand?post=367"},{"taxonomy":"product_cat","embeddable":true,"href":"https:\/\/routinesfashione.com\/nl\/wp-json\/wp\/v2\/product_cat?post=367"},{"taxonomy":"product_tag","embeddable":true,"href":"https:\/\/routinesfashione.com\/nl\/wp-json\/wp\/v2\/product_tag?post=367"},{"taxonomy":"product_country","embeddable":true,"href":"https:\/\/routinesfashione.com\/nl\/wp-json\/wp\/v2\/product_country?post=367"}],"curies":[{"name":"wp","href":"https:\/\/api.w.org\/{rel}","templated":true}]}}