{"id":436,"date":"2025-09-30T20:55:49","date_gmt":"2025-09-30T20:55:49","guid":{"rendered":"https:\/\/lightgray-crow-170497.hostingersite.com\/?post_type=product&#038;p=436"},"modified":"2025-09-30T20:55:49","modified_gmt":"2025-09-30T20:55:49","slug":"stiga-combi-753-s-self-propelled-petrol-lawn-mower","status":"publish","type":"product","link":"https:\/\/routinesfashione.com\/nl\/produit\/stiga-combi-753-s-self-propelled-petrol-lawn-mower\/","title":{"rendered":"Tondeuse \u00e0 gazon autotract\u00e9e \u00e0 essence Stiga Combi 753 S"},"content":{"rendered":"<h3 data-start=\"148\" data-end=\"180\"><strong data-start=\"152\" data-end=\"178\">Description du produit<\/strong><\/h3>\n<p data-start=\"181\" data-end=\"767\">La <strong data-start=\"184\" data-end=\"205\">Stiga Combi 753 S<\/strong> est une <strong data-start=\"214\" data-end=\"256\">tondeuse \u00e0 gazon autotract\u00e9e \u00e0 essence<\/strong> polyvalente et robuste, id\u00e9ale pour les pelouses de taille moyenne \u00e0 grande. \u00c9quip\u00e9e d\u2019un <strong data-start=\"347\" data-end=\"384\">moteur thermique STIGA de 166 cm\u00b3<\/strong> et d\u2019une <strong data-start=\"394\" data-end=\"423\">largeur de coupe de 51 cm<\/strong>, elle offre une tonte puissante et efficace. Son syst\u00e8me <strong data-start=\"481\" data-end=\"491\">4-en-1<\/strong> permet de ramasser, mulcher, \u00e9jecter \u00e0 l\u2019arri\u00e8re ou sur le c\u00f4t\u00e9 l\u2019herbe coup\u00e9e. Gr\u00e2ce \u00e0 sa <strong data-start=\"583\" data-end=\"617\">vitesse d\u2019avancement constante<\/strong>, son <strong data-start=\"623\" data-end=\"668\">r\u00e9glage centralis\u00e9 de la hauteur de coupe<\/strong> et son grand bac de ramassage, elle garantit un confort optimal et des r\u00e9sultats professionnels.<\/p>\n<hr data-start=\"769\" data-end=\"772\" \/>\n<h3 data-start=\"774\" data-end=\"811\"><strong data-start=\"778\" data-end=\"809\">Caract\u00e9ristiques techniques<\/strong><\/h3>\n<ul data-start=\"812\" data-end=\"1614\">\n<li data-start=\"812\" data-end=\"834\">\n<p data-start=\"814\" data-end=\"834\"><strong data-start=\"814\" data-end=\"824\">Marque<\/strong> : Stiga<\/p>\n<\/li>\n<li data-start=\"835\" data-end=\"863\">\n<p data-start=\"837\" data-end=\"863\"><strong data-start=\"837\" data-end=\"847\">Mod\u00e8le<\/strong> : Combi 753 S<\/p>\n<\/li>\n<li data-start=\"864\" data-end=\"917\">\n<p data-start=\"866\" data-end=\"917\"><strong data-start=\"866\" data-end=\"874\">Type<\/strong> : Tondeuse \u00e0 gazon autotract\u00e9e \u00e0 essence<\/p>\n<\/li>\n<li data-start=\"918\" data-end=\"970\">\n<p data-start=\"920\" data-end=\"970\"><strong data-start=\"920\" data-end=\"930\">Moteur<\/strong> : STIGA ST 170 OHV Autochoke, 166 cm\u00b3<\/p>\n<\/li>\n<li data-start=\"971\" data-end=\"1022\">\n<p data-start=\"973\" data-end=\"1022\"><strong data-start=\"973\" data-end=\"992\">Puissance nette<\/strong> : env. 2,6 kW \u00e0 2900 tr\/min<\/p>\n<\/li>\n<li data-start=\"1023\" data-end=\"1055\">\n<p data-start=\"1025\" data-end=\"1055\"><strong data-start=\"1025\" data-end=\"1045\">Largeur de coupe<\/strong> : 51 cm<\/p>\n<\/li>\n<li data-start=\"1056\" data-end=\"1143\">\n<p data-start=\"1058\" data-end=\"1143\"><strong data-start=\"1058\" data-end=\"1078\">Hauteur de coupe<\/strong> : env. 27 \u2013 90 mm (r\u00e9glage centralis\u00e9 sur plusieurs positions)<\/p>\n<\/li>\n<li data-start=\"1144\" data-end=\"1197\">\n<p data-start=\"1146\" data-end=\"1197\"><strong data-start=\"1146\" data-end=\"1178\">Capacit\u00e9 du bac de ramassage<\/strong> : env. 60 litres<\/p>\n<\/li>\n<li data-start=\"1198\" data-end=\"1276\">\n<p data-start=\"1200\" data-end=\"1276\"><strong data-start=\"1200\" data-end=\"1213\">Fonctions<\/strong> : 4-en-1 \u2013 ramassage, mulching, \u00e9jection arri\u00e8re et lat\u00e9rale<\/p>\n<\/li>\n<li data-start=\"1277\" data-end=\"1343\">\n<p data-start=\"1279\" data-end=\"1343\"><strong data-start=\"1279\" data-end=\"1295\">Transmission<\/strong> : Autotract\u00e9e, vitesse d\u2019avancement constante<\/p>\n<\/li>\n<li data-start=\"1344\" data-end=\"1375\">\n<p data-start=\"1346\" data-end=\"1375\"><strong data-start=\"1346\" data-end=\"1357\">Ch\u00e2ssis<\/strong> : Acier robuste<\/p>\n<\/li>\n<li data-start=\"1376\" data-end=\"1407\">\n<p data-start=\"1378\" data-end=\"1407\"><strong data-start=\"1378\" data-end=\"1387\">Poids<\/strong> : env. 32 \u2013 35 kg<\/p>\n<\/li>\n<\/ul>","protected":false},"excerpt":{"rendered":"<p>Description du produit La Stiga Combi 753 S est une tondeuse \u00e0 gazon autotract\u00e9e \u00e0 essence polyvalente et robuste, id\u00e9ale<\/p>","protected":false},"featured_media":19635,"template":"","meta":[],"product_brand":[],"product_cat":[64],"product_tag":[65],"product_country":[1503],"class_list":{"0":"post-436","1":"product","2":"type-product","3":"status-publish","4":"has-post-thumbnail","6":"product_cat-movers","7":"product_tag-movers","8":"product_country-france","10":"first","11":"instock","12":"sale","13":"taxable","14":"shipping-taxable","15":"purchasable","16":"product-type-simple"},"_links":{"self":[{"href":"https:\/\/routinesfashione.com\/nl\/wp-json\/wp\/v2\/product\/436","targetHints":{"allow":["GET"]}}],"collection":[{"href":"https:\/\/routinesfashione.com\/nl\/wp-json\/wp\/v2\/product"}],"about":[{"href":"https:\/\/routinesfashione.com\/nl\/wp-json\/wp\/v2\/types\/product"}],"wp:featuredmedia":[{"embeddable":true,"href":"https:\/\/routinesfashione.com\/nl\/wp-json\/wp\/v2\/media\/19635"}],"wp:attachment":[{"href":"https:\/\/routinesfashione.com\/nl\/wp-json\/wp\/v2\/media?parent=436"}],"wp:term":[{"taxonomy":"product_brand","embeddable":true,"href":"https:\/\/routinesfashione.com\/nl\/wp-json\/wp\/v2\/product_brand?post=436"},{"taxonomy":"product_cat","embeddable":true,"href":"https:\/\/routinesfashione.com\/nl\/wp-json\/wp\/v2\/product_cat?post=436"},{"taxonomy":"product_tag","embeddable":true,"href":"https:\/\/routinesfashione.com\/nl\/wp-json\/wp\/v2\/product_tag?post=436"},{"taxonomy":"product_country","embeddable":true,"href":"https:\/\/routinesfashione.com\/nl\/wp-json\/wp\/v2\/product_country?post=436"}],"curies":[{"name":"wp","href":"https:\/\/api.w.org\/{rel}","templated":true}]}}