{"id":461,"date":"2025-09-30T20:55:48","date_gmt":"2025-09-30T20:55:48","guid":{"rendered":"https:\/\/lightgray-crow-170497.hostingersite.com\/?post_type=product&#038;p=461"},"modified":"2025-09-30T20:55:48","modified_gmt":"2025-09-30T20:55:48","slug":"tronconneuse-stihl-ms-201-tc-m","status":"publish","type":"product","link":"https:\/\/routinesfashione.com\/nl\/produit\/tronconneuse-stihl-ms-201-tc-m\/","title":{"rendered":"Tron\u00e7onneuse Stihl MS 201 TC-M"},"content":{"rendered":"<p>Tron\u00e7onneuse d\u2019\u00e9lagage de r\u00e9f\u00e9rence pour les travaux d\u2019entretien des arbres comme la coupe de grosses branches, la taille de couronnes d\u2019arbres et le d\u00e9montage, la MS 201 TC-M est \u00e9quip\u00e9e du syst\u00e8me M-Tronic (M). Ce dernier lui offre un niveau de performance in\u00e9dit et une mise en route simplifi\u00e9e. D\u00e9velopp\u00e9e en \u00e9troite collaboration avec des \u00e9lagueurs pour r\u00e9pondre parfaitement \u00e0 leurs attentes, la MS 201 TC-M surprend par ses performances notamment \u00e0 froid et par sa r\u00e9partition optimale des masses.<br \/>\nAvertissement : Cette tron\u00e7onneuse est destin\u00e9e \u00e0 des utilisateurs professionnels form\u00e9s \u00e0 l\u2019\u00e9lagage. Une utilisation sans la formation ad\u00e9quate peut entra\u00eener des blessures graves.<\/p>","protected":false},"excerpt":{"rendered":"<p>Tron\u00e7onneuse d\u2019\u00e9lagage de r\u00e9f\u00e9rence pour les travaux d\u2019entretien des arbres comme la coupe de grosses branches, la taille de couronnes<\/p>","protected":false},"featured_media":13139,"template":"","meta":[],"product_brand":[],"product_cat":[61],"product_tag":[],"product_country":[1503],"class_list":{"0":"post-461","1":"product","2":"type-product","3":"status-publish","4":"has-post-thumbnail","6":"product_cat-sale-france","7":"product_country-france","9":"first","10":"instock","11":"sale","12":"taxable","13":"shipping-taxable","14":"purchasable","15":"product-type-simple"},"_links":{"self":[{"href":"https:\/\/routinesfashione.com\/nl\/wp-json\/wp\/v2\/product\/461","targetHints":{"allow":["GET"]}}],"collection":[{"href":"https:\/\/routinesfashione.com\/nl\/wp-json\/wp\/v2\/product"}],"about":[{"href":"https:\/\/routinesfashione.com\/nl\/wp-json\/wp\/v2\/types\/product"}],"wp:featuredmedia":[{"embeddable":true,"href":"https:\/\/routinesfashione.com\/nl\/wp-json\/wp\/v2\/media\/13139"}],"wp:attachment":[{"href":"https:\/\/routinesfashione.com\/nl\/wp-json\/wp\/v2\/media?parent=461"}],"wp:term":[{"taxonomy":"product_brand","embeddable":true,"href":"https:\/\/routinesfashione.com\/nl\/wp-json\/wp\/v2\/product_brand?post=461"},{"taxonomy":"product_cat","embeddable":true,"href":"https:\/\/routinesfashione.com\/nl\/wp-json\/wp\/v2\/product_cat?post=461"},{"taxonomy":"product_tag","embeddable":true,"href":"https:\/\/routinesfashione.com\/nl\/wp-json\/wp\/v2\/product_tag?post=461"},{"taxonomy":"product_country","embeddable":true,"href":"https:\/\/routinesfashione.com\/nl\/wp-json\/wp\/v2\/product_country?post=461"}],"curies":[{"name":"wp","href":"https:\/\/api.w.org\/{rel}","templated":true}]}}