{"id":481,"date":"2025-09-30T20:13:45","date_gmt":"2025-09-30T20:13:45","guid":{"rendered":"https:\/\/lightgray-crow-170497.hostingersite.com\/?post_type=product&#038;p=481"},"modified":"2025-09-30T21:01:33","modified_gmt":"2025-09-30T21:01:33","slug":"buchenholzbriketts-pini-kay-premium-960kg-palette","status":"publish","type":"product","link":"https:\/\/routinesfashione.com\/nl\/produit\/buchenholzbriketts-pini-kay-premium-960kg-palette\/","title":{"rendered":"Buchenholzbriketts PINI KAY Premium 960kg Palette"},"content":{"rendered":"<p><strong class=\"entry--label\">Technische Daten:<\/strong><\/p>\n<ul type=\"square\">\n<li>Material: Buche<\/li>\n<li>Form: Pini &#038; Kay<\/li>\n<li>Abmessung: \u00d8 70mm x 240 mm (60\u00d760 mm)<\/li>\n<li>Ascheanfall: 0,5 \u2013 0,7 %<\/li>\n<li>Flammdauer: ca. 1,5 \u2013 2 Stunden<\/li>\n<li>Glutdauer: ca. 2,5 \u2013 3 Stunden<\/li>\n<li>Heizwert: ca. 5,2 kWh\/kg<\/li>\n<li>Abpackung: Schrumpffolie<\/li>\n<li>Paketabmessung: 18 x 24 x 25 cm<\/li>\n<li>St\u00fcck pro Einzelpaket: 12 St\u00fcck<\/li>\n<li>Gewicht pro Paket: 10 kg<\/li>\n<li>Menge pro Palette: 96 x 10kg P\u00e4ckchen<\/li>\n<li>Palettenma\u00df (LxBxH): 80 x 120 x ca. 150 cm<\/li>\n<li>Palettengewicht: 960kg netto<\/li>\n<\/ul>\n<div class=\"tab--navigation\">Beschreibung<\/div>\n<div class=\"tab--container-list\">\n<div class=\"tab--container has--content is--active\">\n<div class=\"tab--content\">\n<div class=\"content--description\">\n<div class=\"product--description\">Holzbrx Buchenholzbriketts PINI KAY Premium 960kg Palette, B003G, 0724754239720<\/p>\n<p>Die Pini&#038;Kay Buchenholzbriketts PREMIUM sind im Vergleich zu den vierkantigen Pini Kay Briketts dicker und massiger. Dadurch ergibt sich eine noch l\u00e4ngere Glutzeit. Die Holzbriketts sind sehr hochwertig verarbeitet, ohne Abrieb, Bruch oder Abplatzungen. Die einzelnen Briketts sind sauber abges\u00e4gt und zu je 12 St\u00fcck in einer festen Schrumpffolie verpackt. Wer hohe Anspr\u00fcche an Holzbriketts hat, der wird die Pini&#038;Kay Buchenholzbriketts PREMIUM nicht mehr tauschen wollen. Von allen Holzbriketts sind diese am besten verarbeitet und, durch den hohen Pressdruck und durch das edle Material, in den Verbrennungseigenschaften unangefochten.Allgemein zu Pini Kay Holzbriketts: Hingegen zu anderen Holzbriketts, die mit einem Druck von ca. 300-400 bar schon ordentlich gepresst werden, wird bei Pini Kay Briketts das Material mit ca. 1000 \u2013 1100 bar zusammengedr\u00fcckt. Je nach Hersteller der Pressen k\u00f6nnen die Formen etwas variieren. Durch den hohen Druck entsteht auch eine enorme Reibungsw\u00e4rme, wodurch die Briketts au\u00dfen eine sehr glatte, schwarz-braune Schicht aus verbrannten Holz haben. Das Loch in der Mitte ist ebenfalls typisch f\u00fcr diesen Brikett-Typ. Die Briketts brennen sehr stark (auch durch die Zugwirkung des Lochs), sind sehr formstabil und geben eine sehr intensive W\u00e4rme ab. Das verwendete Hartholz sorgt f\u00fcr eine entsprechend lange Glutdauer.Ein rundum perfektes PREMIUM-Produkt \u2013 f\u00fcr alle Heizungen geeignet und von uns unbedingt empfohlen!<\/p>\n<\/p><\/div>\n<\/div>\n<\/div>\n<\/div>\n<\/div>","protected":false},"excerpt":{"rendered":"<h4 class=\"product--title\">Holzbrx Buchenholzbriketts PINI KAY Premium 960kg Palette<\/h4>\n<ul>\n<li>Material: Buche<\/li>\n<li>Form: Pini &#038; Kay<\/li>\n<li>Abmessung: \u00d8 70mm x 240 mm (60\u00d760 mm)<\/li>\n<li>Ascheanfall: 0,5 \u2013 0,7 %<\/li>\n<li>Flammdauer: ca. 1,5 \u2013 2 Stunden<\/li>\n<li>Glutdauer: ca. 2,5 \u2013 3 Stunden<\/li>\n<li>Heizwert: ca. 5,2 kWh\/kg<\/li>\n<li>Abpackung: Schrumpffolie<\/li>\n<li>Paketabmessung: 18 x 24 x 25 cm<\/li>\n<\/ul>","protected":false},"featured_media":482,"template":"","meta":[],"product_brand":[],"product_cat":[25],"product_tag":[],"product_country":[1501],"class_list":{"0":"post-481","1":"product","2":"type-product","3":"status-publish","4":"has-post-thumbnail","6":"product_cat-holzbriketts","7":"product_country-germany","9":"first","10":"instock","11":"sale","12":"taxable","13":"shipping-taxable","14":"purchasable","15":"product-type-simple"},"_links":{"self":[{"href":"https:\/\/routinesfashione.com\/nl\/wp-json\/wp\/v2\/product\/481","targetHints":{"allow":["GET"]}}],"collection":[{"href":"https:\/\/routinesfashione.com\/nl\/wp-json\/wp\/v2\/product"}],"about":[{"href":"https:\/\/routinesfashione.com\/nl\/wp-json\/wp\/v2\/types\/product"}],"wp:featuredmedia":[{"embeddable":true,"href":"https:\/\/routinesfashione.com\/nl\/wp-json\/wp\/v2\/media\/482"}],"wp:attachment":[{"href":"https:\/\/routinesfashione.com\/nl\/wp-json\/wp\/v2\/media?parent=481"}],"wp:term":[{"taxonomy":"product_brand","embeddable":true,"href":"https:\/\/routinesfashione.com\/nl\/wp-json\/wp\/v2\/product_brand?post=481"},{"taxonomy":"product_cat","embeddable":true,"href":"https:\/\/routinesfashione.com\/nl\/wp-json\/wp\/v2\/product_cat?post=481"},{"taxonomy":"product_tag","embeddable":true,"href":"https:\/\/routinesfashione.com\/nl\/wp-json\/wp\/v2\/product_tag?post=481"},{"taxonomy":"product_country","embeddable":true,"href":"https:\/\/routinesfashione.com\/nl\/wp-json\/wp\/v2\/product_country?post=481"}],"curies":[{"name":"wp","href":"https:\/\/api.w.org\/{rel}","templated":true}]}}