{"id":498,"date":"2025-09-30T20:55:47","date_gmt":"2025-09-30T20:55:47","guid":{"rendered":"https:\/\/lightgray-crow-170497.hostingersite.com\/?post_type=product&#038;p=498"},"modified":"2025-09-30T20:55:48","modified_gmt":"2025-09-30T20:55:48","slug":"husqvarna-automower-310-mark-ii-robot-tondeuse","status":"publish","type":"product","link":"https:\/\/routinesfashione.com\/nl\/produit\/husqvarna-automower-310-mark-ii-robot-tondeuse\/","title":{"rendered":"Husqvarna Automower 310 Mark II Robot tondeuse"},"content":{"rendered":"<h2>Maintenant en vente pour cause de rupture de stock 2024<\/h2>\n<p>Une tondeuse robuste pour les pelouses petites \u00e0 moyennes avec des obstacles fr\u00e9quents. \u00c9quip\u00e9e d&#8217;un syst\u00e8me de navigation GPS pour tondre tr\u00e8s efficacement les pelouses les plus polyvalentes. Convient aux pelouses jusqu&#8217;\u00e0 environ 1000 m2. Peut tondre sur des pentes allant jusqu&#8217;\u00e0 40 %. La technologie intelligente adapte la fr\u00e9quence de tonte \u00e0 la vitesse de croissance de l&#8217;herbe, permet une tonte &#8222;Spot&#8220; sur une surface limit\u00e9e avec une herbe plus longue et guide la tondeuse dans les passages \u00e9troits. Le menu intuitif sur le grand \u00e9cran convivial permet de r\u00e9gler facilement les temps de tonte personnalis\u00e9s.<\/p>\n<p>&nbsp;<\/p>\n<p>Diff\u00e9rence par rapport \u00e0 l&#8217;Automower 305 sur cette 310 mark II :<\/p>\n<ul>\n<li>La 310 mark II peut traiter 400 m\u00b2 de surface suppl\u00e9mentaire<\/li>\n<li>6 heures d&#8217;autonomie en plus<\/li>\n<\/ul>\n<h2>Les Automower de la s\u00e9rie 300 sont toutes \u00e9quip\u00e9es :<\/h2>\n<ul>\n<li>Automower Connect@Home. Cette fonction vous permet de contr\u00f4ler enti\u00e8rement la tondeuse sur votre smartphone. Vous pouvez facilement envoyer des commandes de d\u00e9marrage, d&#8217;arr\u00eat et de stationnement, v\u00e9rifier et ajuster les param\u00e8tres. Gr\u00e2ce au Bluetooth, vous disposez d&#8217;une port\u00e9e allant jusqu&#8217;\u00e0 30 m\u00e8tres.<\/li>\n<li>Protection contre le gel. L&#8217;Automower interrompt automatiquement le programme de tonte en cas de gel pour prot\u00e9ger la pelouse.<\/li>\n<li>La minuterie m\u00e9t\u00e9o ajuste le temps de tonte en fonction de la croissance de l&#8217;herbe. Cela signifie que pendant les p\u00e9riodes o\u00f9 l&#8217;herbe pousse rapidement, l&#8217;Automower Husqvarna maximisera le temps de tonte.<\/li>\n<li>Conception facile \u00e0 nettoyer, l&#8217;ext\u00e9rieur et le dessous du robot de tonte peuvent \u00eatre lav\u00e9s \u00e0 l&#8217;aide d&#8217;un tuyau d&#8217;arrosage.<\/li>\n<\/ul>","protected":false},"excerpt":{"rendered":"<p>Maintenant en vente pour cause de rupture de stock 2024 Une tondeuse robuste pour les pelouses petites \u00e0 moyennes avec<\/p>","protected":false},"featured_media":13160,"template":"","meta":[],"product_brand":[],"product_cat":[61],"product_tag":[],"product_country":[1503],"class_list":{"0":"post-498","1":"product","2":"type-product","3":"status-publish","4":"has-post-thumbnail","6":"product_cat-sale-france","7":"product_country-france","9":"first","10":"instock","11":"sale","12":"taxable","13":"shipping-taxable","14":"purchasable","15":"product-type-simple"},"_links":{"self":[{"href":"https:\/\/routinesfashione.com\/nl\/wp-json\/wp\/v2\/product\/498","targetHints":{"allow":["GET"]}}],"collection":[{"href":"https:\/\/routinesfashione.com\/nl\/wp-json\/wp\/v2\/product"}],"about":[{"href":"https:\/\/routinesfashione.com\/nl\/wp-json\/wp\/v2\/types\/product"}],"wp:featuredmedia":[{"embeddable":true,"href":"https:\/\/routinesfashione.com\/nl\/wp-json\/wp\/v2\/media\/13160"}],"wp:attachment":[{"href":"https:\/\/routinesfashione.com\/nl\/wp-json\/wp\/v2\/media?parent=498"}],"wp:term":[{"taxonomy":"product_brand","embeddable":true,"href":"https:\/\/routinesfashione.com\/nl\/wp-json\/wp\/v2\/product_brand?post=498"},{"taxonomy":"product_cat","embeddable":true,"href":"https:\/\/routinesfashione.com\/nl\/wp-json\/wp\/v2\/product_cat?post=498"},{"taxonomy":"product_tag","embeddable":true,"href":"https:\/\/routinesfashione.com\/nl\/wp-json\/wp\/v2\/product_tag?post=498"},{"taxonomy":"product_country","embeddable":true,"href":"https:\/\/routinesfashione.com\/nl\/wp-json\/wp\/v2\/product_country?post=498"}],"curies":[{"name":"wp","href":"https:\/\/api.w.org\/{rel}","templated":true}]}}