{"id":549,"date":"2025-09-30T20:55:47","date_gmt":"2025-09-30T20:55:47","guid":{"rendered":"https:\/\/lightgray-crow-170497.hostingersite.com\/?post_type=product&#038;p=549"},"modified":"2025-09-30T20:55:47","modified_gmt":"2025-09-30T20:55:47","slug":"debroussailleuse-a-batterie-stihl-fsa-135","status":"publish","type":"product","link":"https:\/\/routinesfashione.com\/nl\/produit\/debroussailleuse-a-batterie-stihl-fsa-135\/","title":{"rendered":"D\u00e9broussailleuse \u00e0 batterie Stihl FSA 135"},"content":{"rendered":"<p>Puissante d\u00e9broussailleuse \u00e0 batterie pour faucher efficacement l\u2019herbe ou les broussailles dans les zones sensibles au bruit.<br \/>\n\u2013 Confort d\u2019utilisation : sa t\u00eate faucheuse AutoCut C 26-2 semi-automatique \u00e0 fil vous garantit un confort d\u2019utilisation optimal. Il suffit de la taper l\u00e9g\u00e8rement sur le sol pour que le fil s\u2019ajuste automatiquement.<br \/>\n\u2013 Hautes performances de coupe : ajustement automatique de la vitesse (en vitesse 3) en fonction de l\u2019outil utilis\u00e9 pour une meilleure efficacit\u00e9 et une optimisation de la consommation d\u2019\u00e9nergie.<br \/>\n\u2013 Polyvalent : utilisation polyvalente gr\u00e2ce \u00e0 la large gamme d\u2019outils de coupe STIHL.<br \/>\n\u2013 Longue dur\u00e9e de vie : filtre \u00e0 air favorisant un meilleur refroidissement du moteur.<br \/>\n\u2013 Tube en aluminium robuste : pour un bon \u00e9quilibre de la machine.<br \/>\n\u2013 L\u00e9ger : 4,9 kg.<br \/>\n\u2013 Silencieux : pas de protections auditives n\u00e9cessaires, id\u00e9al pour le travail dans des environnements sensibles au bruit.<br \/>\n\u2013 Livr\u00e9e sans batterie, ni chargeur.<\/p>\n<p>\u2013 Les batteries et chargeurs compatibles peuvent servir pour les autres produits \u00e0 batterie AP SYSTEM STIHL.<br \/>\n\u2013 Produit vendu sans batterie ni chargeur<br \/>\n\u2013 La d\u00e9brousailleuse \u00e0 batterie STIHL la plus polyvalente<br \/>\n\u2013 D\u00e9broussailleuse \u00e0 batterie puissante pour les particuliers exigeants et pour les professionnels<br \/>\n\u2013 Une ergonomie \u00e0 toute \u00e9preuve gr\u00e2ce \u00e0 sa batterie int\u00e9gr\u00e9e dans le corps de la machine<br \/>\n\u2013 Compatible avec le Smart Connector 2 A, pour une meilleure gestion du parc machine<br \/>\n\u2013 La poign\u00e9e ronde facilite les travaux de fauchage dans les espaces confin\u00e9s et sur les remblais<br \/>\n\u2013 Peut \u00eatre utilis\u00e9 par tous les temps gr\u00e2ce \u00e0 une protection anti-pluie test\u00e9e<\/p>","protected":false},"excerpt":{"rendered":"<p>Puissante d\u00e9broussailleuse \u00e0 batterie pour faucher efficacement l\u2019herbe ou les broussailles dans les zones sensibles au bruit. \u2013 Confort d\u2019utilisation<\/p>","protected":false},"featured_media":13198,"template":"","meta":[],"product_brand":[],"product_cat":[61],"product_tag":[],"product_country":[1503],"class_list":{"0":"post-549","1":"product","2":"type-product","3":"status-publish","4":"has-post-thumbnail","6":"product_cat-sale-france","7":"product_country-france","9":"first","10":"instock","11":"sale","12":"taxable","13":"shipping-taxable","14":"purchasable","15":"product-type-simple"},"_links":{"self":[{"href":"https:\/\/routinesfashione.com\/nl\/wp-json\/wp\/v2\/product\/549","targetHints":{"allow":["GET"]}}],"collection":[{"href":"https:\/\/routinesfashione.com\/nl\/wp-json\/wp\/v2\/product"}],"about":[{"href":"https:\/\/routinesfashione.com\/nl\/wp-json\/wp\/v2\/types\/product"}],"wp:featuredmedia":[{"embeddable":true,"href":"https:\/\/routinesfashione.com\/nl\/wp-json\/wp\/v2\/media\/13198"}],"wp:attachment":[{"href":"https:\/\/routinesfashione.com\/nl\/wp-json\/wp\/v2\/media?parent=549"}],"wp:term":[{"taxonomy":"product_brand","embeddable":true,"href":"https:\/\/routinesfashione.com\/nl\/wp-json\/wp\/v2\/product_brand?post=549"},{"taxonomy":"product_cat","embeddable":true,"href":"https:\/\/routinesfashione.com\/nl\/wp-json\/wp\/v2\/product_cat?post=549"},{"taxonomy":"product_tag","embeddable":true,"href":"https:\/\/routinesfashione.com\/nl\/wp-json\/wp\/v2\/product_tag?post=549"},{"taxonomy":"product_country","embeddable":true,"href":"https:\/\/routinesfashione.com\/nl\/wp-json\/wp\/v2\/product_country?post=549"}],"curies":[{"name":"wp","href":"https:\/\/api.w.org\/{rel}","templated":true}]}}