{"id":553,"date":"2025-09-30T20:55:47","date_gmt":"2025-09-30T20:55:47","guid":{"rendered":"https:\/\/lightgray-crow-170497.hostingersite.com\/?post_type=product&#038;p=553"},"modified":"2025-09-30T20:55:47","modified_gmt":"2025-09-30T20:55:47","slug":"algimouss-pulverisateur-electrique-algipulve-pro-iii","status":"publish","type":"product","link":"https:\/\/routinesfashione.com\/nl\/produit\/algimouss-pulverisateur-electrique-algipulve-pro-iii\/","title":{"rendered":"Algimouss Pulv\u00e9risateur \u00e9lectrique Algipulve PRO III"},"content":{"rendered":"<p>Le ALGIPULVE PRO III est un pulv\u00e9risateur \u00e9lectrique autonome de qualit\u00e9 sup\u00e9rieure, con\u00e7u pour assurer la pulv\u00e9risation et la d\u00e9sinfection efficace de solutions aqua-product. Pratique et l\u00e9ger, il offre une capacit\u00e9 de 30 litres et fonctionne \u00e0 basse pression, ce qui en fait un outil id\u00e9al pour les professionnels. Gr\u00e2ce \u00e0 son autonomie de 2 heures, il permet un usage prolong\u00e9 sans contraintes de raccordements.<\/p>\n<p>Ce pulv\u00e9risateur se distingue par son fonctionnement facile et intuitif : il est \u00e9quip\u00e9 d&#8217;une pompe \u00e0 membrane avec joint Viton, activ\u00e9e automatiquement lors de l&#8217;utilisation de la poign\u00e9e de pulv\u00e9risation. Seul et sans raccordement n\u00e9cessaire en eau, \u00e9lectricit\u00e9 ou air comprim\u00e9, le mod\u00e8le ALGIPULVE PRO III est particuli\u00e8rement adapt\u00e9 pour des travaux en hauteur gr\u00e2ce \u00e0 sa conception ergonomique qui permet une utilisation \u00e0 une main. Sa mobilit\u00e9 est assur\u00e9e par des roulettes int\u00e9gr\u00e9es, et sa poign\u00e9e r\u00e9glable en hauteur optimise le confort de l&#8217;utilisateur.<\/p>\n<p>En termes de caract\u00e9ristiques techniques, le pulv\u00e9risateur dispose d\u2019une pression r\u00e9glable de 4 \u00e0 7 bars et d\u2019un d\u00e9bit pouvant atteindre 240 L\/h, avec une port\u00e9e de jet allant jusqu&#8217;\u00e0 13 m\u00e8tres. Il est livr\u00e9 avec une lance en inox de 40 cm, un tuyau de 8 m\u00e8tres, et b\u00e9n\u00e9ficie d\u2019un syst\u00e8me de rin\u00e7age int\u00e9gr\u00e9 pour faciliter son nettoyage. Pour une utilisation encore plus adapt\u00e9e, des accessoires comme des cannes t\u00e9lescopiques de 3,20 m\u00e8tres ou 5,40 m\u00e8tres sont disponibles sur demande.<\/p>\n<p>Pour prolonger la dur\u00e9e de vie du mat\u00e9riel, il est conseill\u00e9 de rincer l&#8217;appareil et ses accessoires \u00e0 l&#8217;eau claire apr\u00e8s chaque utilisation. Le pack inclut \u00e9galement deux batteries Lithium-ion de 18V, un chargeur, des buses, et la lance de pulv\u00e9risation, tout en maintenant un poids op\u00e9rationnel raisonnable de 10 kg.<br \/>\nAvec le ALGIPULVE PRO III, transformez vos op\u00e9rations de pulv\u00e9risation en un processus simple, efficace et parfaitement ma\u00eetris\u00e9. Que vous soyez en chantier ou en entretien, cet outil deviendra vite indispensable pour vos projets de travaux publics.<\/p>\n<p>Utilisez les produits biocides avec pr\u00e9caution. Avant toute utilisation, lisez l&#8217;\u00e9tiquette et les informations concernant le produit.<\/p>","protected":false},"excerpt":{"rendered":"<p>Le ALGIPULVE PRO III est un pulv\u00e9risateur \u00e9lectrique autonome de qualit\u00e9 sup\u00e9rieure, con\u00e7u pour assurer la pulv\u00e9risation et la d\u00e9sinfection<\/p>","protected":false},"featured_media":13200,"template":"","meta":[],"product_brand":[],"product_cat":[61],"product_tag":[],"product_country":[1503],"class_list":{"0":"post-553","1":"product","2":"type-product","3":"status-publish","4":"has-post-thumbnail","6":"product_cat-sale-france","7":"product_country-france","9":"first","10":"instock","11":"sale","12":"taxable","13":"shipping-taxable","14":"purchasable","15":"product-type-simple"},"_links":{"self":[{"href":"https:\/\/routinesfashione.com\/nl\/wp-json\/wp\/v2\/product\/553","targetHints":{"allow":["GET"]}}],"collection":[{"href":"https:\/\/routinesfashione.com\/nl\/wp-json\/wp\/v2\/product"}],"about":[{"href":"https:\/\/routinesfashione.com\/nl\/wp-json\/wp\/v2\/types\/product"}],"wp:featuredmedia":[{"embeddable":true,"href":"https:\/\/routinesfashione.com\/nl\/wp-json\/wp\/v2\/media\/13200"}],"wp:attachment":[{"href":"https:\/\/routinesfashione.com\/nl\/wp-json\/wp\/v2\/media?parent=553"}],"wp:term":[{"taxonomy":"product_brand","embeddable":true,"href":"https:\/\/routinesfashione.com\/nl\/wp-json\/wp\/v2\/product_brand?post=553"},{"taxonomy":"product_cat","embeddable":true,"href":"https:\/\/routinesfashione.com\/nl\/wp-json\/wp\/v2\/product_cat?post=553"},{"taxonomy":"product_tag","embeddable":true,"href":"https:\/\/routinesfashione.com\/nl\/wp-json\/wp\/v2\/product_tag?post=553"},{"taxonomy":"product_country","embeddable":true,"href":"https:\/\/routinesfashione.com\/nl\/wp-json\/wp\/v2\/product_country?post=553"}],"curies":[{"name":"wp","href":"https:\/\/api.w.org\/{rel}","templated":true}]}}