{"id":5564,"date":"2025-08-07T16:23:31","date_gmt":"2025-08-07T16:23:31","guid":{"rendered":"https:\/\/lightgray-crow-170497.hostingersite.com\/?post_type=product&#038;p=5564"},"modified":"2025-09-30T21:05:22","modified_gmt":"2025-09-30T21:05:22","slug":"cafetera-melitta-caffeo-solo","status":"publish","type":"product","link":"https:\/\/routinesfashione.com\/nl\/produit\/cafetera-melitta-caffeo-solo\/","title":{"rendered":"Cafetera Melitta Caffeo Solo"},"content":{"rendered":"<h3 data-start=\"126\" data-end=\"155\"><strong data-start=\"130\" data-end=\"153\">Productbeschrijving<\/strong><\/h3>\n<p data-start=\"156\" data-end=\"646\">De Melitta Caffeo Solo is een compacte en stijlvolle volautomatische espressomachine die eenvoud combineert met kwaliteit. Met \u00e9\u00e9n druk op de knop zet je een verse espresso of caf\u00e9 cr\u00e8me, precies naar jouw smaak. Dankzij het smalle design past deze machine in vrijwel elke keuken, terwijl de ge\u00efntegreerde koffiemolen zorgt voor versgemalen koffiebonen voor elke bereiding. De bediening is intu\u00eftief en het onderhoud eenvoudig dankzij het automatische reinigings- en ontkalkingsprogramma.<\/p>\n<hr data-start=\"648\" data-end=\"651\" \/>\n<h3 data-start=\"653\" data-end=\"676\"><strong data-start=\"657\" data-end=\"674\">Specificaties<\/strong><\/h3>\n<ul data-start=\"677\" data-end=\"1537\">\n<li data-start=\"677\" data-end=\"731\">\n<p data-start=\"679\" data-end=\"731\"><strong data-start=\"679\" data-end=\"697\">Type apparaat:<\/strong> Volautomatische espressomachine<\/p>\n<\/li>\n<li data-start=\"732\" data-end=\"758\">\n<p data-start=\"734\" data-end=\"758\"><strong data-start=\"734\" data-end=\"744\">Model:<\/strong> Caffeo Solo<\/p>\n<\/li>\n<li data-start=\"759\" data-end=\"835\">\n<p data-start=\"761\" data-end=\"835\"><strong data-start=\"761\" data-end=\"781\">Kleur\/afwerking:<\/strong> Zwart met RVS accenten (afhankelijk van uitvoering)<\/p>\n<\/li>\n<li data-start=\"836\" data-end=\"882\">\n<p data-start=\"838\" data-end=\"882\"><strong data-start=\"838\" data-end=\"852\">Bediening:<\/strong> Draaiknoppen en druktoetsen<\/p>\n<\/li>\n<li data-start=\"883\" data-end=\"935\">\n<p data-start=\"885\" data-end=\"935\"><strong data-start=\"885\" data-end=\"910\">Koffiespecialiteiten:<\/strong> Espresso en caf\u00e9 cr\u00e8me<\/p>\n<\/li>\n<li data-start=\"936\" data-end=\"968\">\n<p data-start=\"938\" data-end=\"968\"><strong data-start=\"938\" data-end=\"957\">Bonenreservoir:<\/strong> 125 gram<\/p>\n<\/li>\n<li data-start=\"969\" data-end=\"1013\">\n<p data-start=\"971\" data-end=\"1013\"><strong data-start=\"971\" data-end=\"990\">Waterreservoir:<\/strong> 1,2 liter afneembaar<\/p>\n<\/li>\n<li data-start=\"1014\" data-end=\"1096\">\n<p data-start=\"1016\" data-end=\"1096\"><strong data-start=\"1016\" data-end=\"1036\">Maaltechnologie:<\/strong> Ge\u00efntegreerde stille koffiemolen met instelbare maalgraad<\/p>\n<\/li>\n<li data-start=\"1097\" data-end=\"1152\">\n<p data-start=\"1099\" data-end=\"1152\"><strong data-start=\"1099\" data-end=\"1128\">Koffiesterkte instelbaar:<\/strong> Ja (meerdere niveaus)<\/p>\n<\/li>\n<li data-start=\"1153\" data-end=\"1202\">\n<p data-start=\"1155\" data-end=\"1202\"><strong data-start=\"1155\" data-end=\"1179\">Temperatuurregeling:<\/strong> 3 standen instelbaar<\/p>\n<\/li>\n<li data-start=\"1203\" data-end=\"1261\">\n<p data-start=\"1205\" data-end=\"1261\"><strong data-start=\"1205\" data-end=\"1232\">Dubbele koffie-uitloop:<\/strong> Ja, voor 2 kopjes tegelijk<\/p>\n<\/li>\n<li data-start=\"1262\" data-end=\"1332\">\n<p data-start=\"1264\" data-end=\"1332\"><strong data-start=\"1264\" data-end=\"1283\">Melkopschuimer:<\/strong> Apart verkrijgbaar (geen ge\u00efntegreerd systeem)<\/p>\n<\/li>\n<li data-start=\"1333\" data-end=\"1397\">\n<p data-start=\"1335\" data-end=\"1397\"><strong data-start=\"1335\" data-end=\"1349\">Reiniging:<\/strong> Automatische spoel- en ontkalkingsprogramma\u2019s<\/p>\n<\/li>\n<li data-start=\"1398\" data-end=\"1468\">\n<p data-start=\"1400\" data-end=\"1468\"><strong data-start=\"1400\" data-end=\"1421\">Energiebesparing:<\/strong> Stand-by modus en automatische uitschakeling<\/p>\n<\/li>\n<li data-start=\"1469\" data-end=\"1537\">\n<p data-start=\"1471\" data-end=\"1537\"><strong data-start=\"1471\" data-end=\"1486\">Afmetingen:<\/strong> Slechts 20 cm breed \u2013 ideaal voor kleine keukens<\/p>\n<\/li>\n<\/ul>","protected":false},"excerpt":{"rendered":"<p>Productbeschrijving De Melitta Caffeo Solo is een compacte en stijlvolle volautomatische espressomachine die eenvoud combineert met kwaliteit. Met \u00e9\u00e9n druk<\/p>","protected":false},"featured_media":17468,"template":"","meta":[],"product_brand":[],"product_cat":[70],"product_tag":[71],"product_country":[1504],"class_list":{"0":"post-5564","1":"product","2":"type-product","3":"status-publish","4":"has-post-thumbnail","6":"product_cat-cofee-machine","7":"product_tag-cofee-machine","8":"product_country-netherlands","10":"first","11":"instock","12":"sale","13":"taxable","14":"shipping-taxable","15":"purchasable","16":"product-type-simple"},"_links":{"self":[{"href":"https:\/\/routinesfashione.com\/nl\/wp-json\/wp\/v2\/product\/5564","targetHints":{"allow":["GET"]}}],"collection":[{"href":"https:\/\/routinesfashione.com\/nl\/wp-json\/wp\/v2\/product"}],"about":[{"href":"https:\/\/routinesfashione.com\/nl\/wp-json\/wp\/v2\/types\/product"}],"wp:featuredmedia":[{"embeddable":true,"href":"https:\/\/routinesfashione.com\/nl\/wp-json\/wp\/v2\/media\/17468"}],"wp:attachment":[{"href":"https:\/\/routinesfashione.com\/nl\/wp-json\/wp\/v2\/media?parent=5564"}],"wp:term":[{"taxonomy":"product_brand","embeddable":true,"href":"https:\/\/routinesfashione.com\/nl\/wp-json\/wp\/v2\/product_brand?post=5564"},{"taxonomy":"product_cat","embeddable":true,"href":"https:\/\/routinesfashione.com\/nl\/wp-json\/wp\/v2\/product_cat?post=5564"},{"taxonomy":"product_tag","embeddable":true,"href":"https:\/\/routinesfashione.com\/nl\/wp-json\/wp\/v2\/product_tag?post=5564"},{"taxonomy":"product_country","embeddable":true,"href":"https:\/\/routinesfashione.com\/nl\/wp-json\/wp\/v2\/product_country?post=5564"}],"curies":[{"name":"wp","href":"https:\/\/api.w.org\/{rel}","templated":true}]}}