{"id":563,"date":"2025-09-30T20:53:44","date_gmt":"2025-09-30T20:53:44","guid":{"rendered":"https:\/\/lightgray-crow-170497.hostingersite.com\/?post_type=product&#038;p=563"},"modified":"2025-09-30T20:53:44","modified_gmt":"2025-09-30T20:53:44","slug":"tondeuse-husqvarna-lc247s","status":"publish","type":"product","link":"https:\/\/routinesfashione.com\/nl\/produit\/tondeuse-husqvarna-lc247s\/","title":{"rendered":"Tondeuse Husqvarna LC247S"},"content":{"rendered":"<p>Puissante tondeuse \u00e0 essence autotract\u00e9e.<br \/>\nCr\u00e9er une pelouse propre et bien tondue est un vrai plaisir avec cette tondeuse autotract\u00e9e \u00e0 ramassage. La Husqvarna LC\u00a0247S est agr\u00e9able \u00e0 utiliser. Elle est aliment\u00e9e par un moteur Husqvarna \u00e9quip\u00e9 d&#8217;un d\u00e9marrage automatique et d&#8217;un carter de coupe composite l\u00e9ger de 47\u00a0cm. Elle est \u00e9galement dot\u00e9e d&#8217;une hauteur de coupe facile \u00e0 r\u00e9gler, de commandes intuitives et d&#8217;une poign\u00e9e repliable pour une utilisation et un rangement pratiques.<\/p>","protected":false},"excerpt":{"rendered":"<p>Puissante tondeuse \u00e0 essence autotract\u00e9e. Cr\u00e9er une pelouse propre et bien tondue est un vrai plaisir avec cette tondeuse autotract\u00e9e<\/p>","protected":false},"featured_media":13207,"template":"","meta":[],"product_brand":[],"product_cat":[61],"product_tag":[],"product_country":[1503],"class_list":{"0":"post-563","1":"product","2":"type-product","3":"status-publish","4":"has-post-thumbnail","6":"product_cat-sale-france","7":"product_country-france","9":"first","10":"instock","11":"sale","12":"taxable","13":"shipping-taxable","14":"purchasable","15":"product-type-simple"},"_links":{"self":[{"href":"https:\/\/routinesfashione.com\/nl\/wp-json\/wp\/v2\/product\/563","targetHints":{"allow":["GET"]}}],"collection":[{"href":"https:\/\/routinesfashione.com\/nl\/wp-json\/wp\/v2\/product"}],"about":[{"href":"https:\/\/routinesfashione.com\/nl\/wp-json\/wp\/v2\/types\/product"}],"wp:featuredmedia":[{"embeddable":true,"href":"https:\/\/routinesfashione.com\/nl\/wp-json\/wp\/v2\/media\/13207"}],"wp:attachment":[{"href":"https:\/\/routinesfashione.com\/nl\/wp-json\/wp\/v2\/media?parent=563"}],"wp:term":[{"taxonomy":"product_brand","embeddable":true,"href":"https:\/\/routinesfashione.com\/nl\/wp-json\/wp\/v2\/product_brand?post=563"},{"taxonomy":"product_cat","embeddable":true,"href":"https:\/\/routinesfashione.com\/nl\/wp-json\/wp\/v2\/product_cat?post=563"},{"taxonomy":"product_tag","embeddable":true,"href":"https:\/\/routinesfashione.com\/nl\/wp-json\/wp\/v2\/product_tag?post=563"},{"taxonomy":"product_country","embeddable":true,"href":"https:\/\/routinesfashione.com\/nl\/wp-json\/wp\/v2\/product_country?post=563"}],"curies":[{"name":"wp","href":"https:\/\/api.w.org\/{rel}","templated":true}]}}