{"id":5677,"date":"2025-08-07T17:54:21","date_gmt":"2025-08-07T17:54:21","guid":{"rendered":"https:\/\/lightgray-crow-170497.hostingersite.com\/?post_type=product&#038;p=5677"},"modified":"2025-09-30T21:21:35","modified_gmt":"2025-09-30T21:21:35","slug":"generador-einhell-tc-pg-65-e5-2","status":"publish","type":"product","link":"https:\/\/routinesfashione.com\/nl\/produit\/generador-einhell-tc-pg-65-e5-2\/","title":{"rendered":"Generador Einhell TC-PG 65\/E5"},"content":{"rendered":"<p>El generador el\u00e9ctrico (gasolina) TC-PG 65\/E5 de Einhell se acciona mediante un motor de 4 tiempos potente, robusto y limpio y proporciona corriente all\u00ed donde se necesita una generaci\u00f3n de corriente independiente: R\u00e1pidamente y sin gran esfuerzo se proporciona corriente en huertos familiares, en obras, en el camping, en talleres, garajes o tambi\u00e9n para las vacaciones en edificios desocupados, as\u00ed como refugios de bosque, pesca y monta\u00f1a.<\/p>\n<div id=\"tab-content\" class=\"tab-content\">\n<div id=\"description\" class=\"tab-pane fade in active\" role=\"tabpanel\">\n<div class=\"product-description\">El motor tiene adem\u00e1s bajas emisiones debido al cumplimiento de las 5 regulaciones sobre emisiones.<br \/>\nA trav\u00e9s de dos consumidores de 230 V o un consumidor de 400 V se pueden conectar los equipos y pueden recibir corriente: para los dos consumidores de 230 V est\u00e1 a disposici\u00f3n una potencia constante de 3.200 W y una potencia m\u00e1xima de 3.400 W, y el consumidor de 400 V una potencia constante de 3.600 W y una potencia m\u00e1xima de 4.800 W La funci\u00f3n AVR (regulaci\u00f3n de tensi\u00f3n autom\u00e1tica) ofrece una potencia de salida estable, el arranque el\u00e9ctrico est\u00e1 concebido f\u00e1cil de usar, y en el env\u00edo ya est\u00e1 contenida la bater\u00eda de est\u00e1rter.<br \/>\nEl gran dep\u00f3sito de 25 litros con indicador de nivel de llenado es apropiado para el funcionamiento continuo constante del generador el\u00e9ctrico.<br \/>\nEl interruptor de sobrecargas y fusible de bajo nivel de aceite se ocupan de la seguridad y un funcionamiento de larga duraci\u00f3n.<br \/>\nDos grandes ruedas y un agarre plegable hacen m\u00f3vil el generador el\u00e9ctrico y favorecen un transporte sencillo de un lugar a otro.<\/p>\n<ul class=\"same_attributes\">\n<li><b>Alimentaci\u00f3n a 230 V<\/b>: 3200 W<\/li>\n<li><b>Capacidad del tanque de combustible<\/b>: 25 L<\/li>\n<li><b>Combustible<\/b>: Gas<\/li>\n<li><b>Corriente nominal a 230 V<\/b>: 14 A<\/li>\n<li><b>Corriente nominal a 400 V<\/b>: 5.2 A<\/li>\n<li><b>Desplazamiento<\/b>: 420 cm\u00b3<\/li>\n<li><b>Frecuencia<\/b>: 50 Hz<\/li>\n<li><b>Motor<\/b>: 4 tiempos, refrigeraci\u00f3n por aire<\/li>\n<li><b>No. de cilindros<\/b>: 1 pieza<\/li>\n<li><b>Potencia a 400 V<\/b>: 3600 W<\/li>\n<li><b>Revoluciones del motor<\/b>: 3000 min^-1<\/li>\n<li><b>Tiempo de funcionamiento a 2\/3 de carga<\/b>: 11.7 h<\/li>\n<li><b>Tipo de generador<\/b>: Sincr\u00f3nico<\/li>\n<li><b>Toma de 230 V.<\/b>: 2 piezas<\/li>\n<li><b>Toma de 400 V.<\/b>: 1 pieza<\/li>\n<li><b>Umbral de ruido (LWA)<\/b>: 96 dB (A)<\/li>\n<\/ul>\n<\/div>\n<\/div>\n<\/div>","protected":false},"excerpt":{"rendered":"<p>El generador el\u00e9ctrico (gasolina) TC-PG 65\/E5 de Einhell se acciona mediante un motor de 4 tiempos potente, robusto y limpio<\/p>","protected":false},"featured_media":17550,"template":"","meta":[],"product_brand":[],"product_cat":[67],"product_tag":[68],"product_country":[1504],"class_list":{"0":"post-5677","1":"product","2":"type-product","3":"status-publish","4":"has-post-thumbnail","6":"product_cat-generators","7":"product_tag-generator","8":"product_country-netherlands","10":"first","11":"instock","12":"sale","13":"taxable","14":"shipping-taxable","15":"purchasable","16":"product-type-simple"},"_links":{"self":[{"href":"https:\/\/routinesfashione.com\/nl\/wp-json\/wp\/v2\/product\/5677","targetHints":{"allow":["GET"]}}],"collection":[{"href":"https:\/\/routinesfashione.com\/nl\/wp-json\/wp\/v2\/product"}],"about":[{"href":"https:\/\/routinesfashione.com\/nl\/wp-json\/wp\/v2\/types\/product"}],"wp:featuredmedia":[{"embeddable":true,"href":"https:\/\/routinesfashione.com\/nl\/wp-json\/wp\/v2\/media\/17550"}],"wp:attachment":[{"href":"https:\/\/routinesfashione.com\/nl\/wp-json\/wp\/v2\/media?parent=5677"}],"wp:term":[{"taxonomy":"product_brand","embeddable":true,"href":"https:\/\/routinesfashione.com\/nl\/wp-json\/wp\/v2\/product_brand?post=5677"},{"taxonomy":"product_cat","embeddable":true,"href":"https:\/\/routinesfashione.com\/nl\/wp-json\/wp\/v2\/product_cat?post=5677"},{"taxonomy":"product_tag","embeddable":true,"href":"https:\/\/routinesfashione.com\/nl\/wp-json\/wp\/v2\/product_tag?post=5677"},{"taxonomy":"product_country","embeddable":true,"href":"https:\/\/routinesfashione.com\/nl\/wp-json\/wp\/v2\/product_country?post=5677"}],"curies":[{"name":"wp","href":"https:\/\/api.w.org\/{rel}","templated":true}]}}