{"id":5708,"date":"2025-08-07T18:03:14","date_gmt":"2025-08-07T18:03:14","guid":{"rendered":"https:\/\/lightgray-crow-170497.hostingersite.com\/?post_type=product&#038;p=5708"},"modified":"2025-09-30T21:21:36","modified_gmt":"2025-09-30T21:21:36","slug":"melitta-barista-ts-smart-stainless-steel","status":"publish","type":"product","link":"https:\/\/routinesfashione.com\/nl\/produit\/melitta-barista-ts-smart-stainless-steel\/","title":{"rendered":"Melitta Barista TS Smart RVS"},"content":{"rendered":"<h3 data-start=\"153\" data-end=\"182\"><strong data-start=\"157\" data-end=\"180\">Productbeschrijving<\/strong><\/h3>\n<p data-start=\"183\" data-end=\"774\">De Melitta Barista TS Smart RVS is een premium volautomatische espressomachine die speciaal is ontworpen voor koffieliefhebbers die thuis willen genieten van baristakwaliteit. Dankzij het geavanceerde Smart-systeem en de connectiviteit met de Melitta\u00ae Connect App kun je jouw favoriete koffiespecialiteiten eenvoudig personaliseren en opslaan. De machine heeft een elegant roestvrijstalen design (RVS) en een intu\u00eftief kleurendisplay waarmee je moeiteloos door het menu navigeert. Met \u00e9\u00e9n druk op de knop zet je klassieke koffiespecialiteiten zoals espresso, cappuccino of latte macchiato.<\/p>\n<hr data-start=\"776\" data-end=\"779\" \/>\n<h3 data-start=\"781\" data-end=\"804\"><strong data-start=\"785\" data-end=\"802\">Specificaties<\/strong><\/h3>\n<ul data-start=\"805\" data-end=\"1549\">\n<li data-start=\"805\" data-end=\"859\">\n<p data-start=\"807\" data-end=\"859\"><strong data-start=\"807\" data-end=\"825\">Type apparaat:<\/strong> Volautomatische espressomachine<\/p>\n<\/li>\n<li data-start=\"860\" data-end=\"906\">\n<p data-start=\"862\" data-end=\"906\"><strong data-start=\"862\" data-end=\"882\">Kleur\/afwerking:<\/strong> Roestvrij staal (RVS)<\/p>\n<\/li>\n<li data-start=\"907\" data-end=\"963\">\n<p data-start=\"909\" data-end=\"963\"><strong data-start=\"909\" data-end=\"923\">Bediening:<\/strong> Touchdisplay + app (Melitta\u00ae Connect)<\/p>\n<\/li>\n<li data-start=\"964\" data-end=\"1040\">\n<p data-start=\"966\" data-end=\"1040\"><strong data-start=\"966\" data-end=\"992\">Aantal koffierecepten:<\/strong> Tot 21 vooraf ingestelde koffiespecialiteiten<\/p>\n<\/li>\n<li data-start=\"1041\" data-end=\"1106\">\n<p data-start=\"1043\" data-end=\"1106\"><strong data-start=\"1043\" data-end=\"1059\">Melksysteem:<\/strong> Automatisch met ge\u00efntegreerde melkopschuimer<\/p>\n<\/li>\n<li data-start=\"1107\" data-end=\"1183\">\n<p data-start=\"1109\" data-end=\"1183\"><strong data-start=\"1109\" data-end=\"1128\">Bonenreservoir:<\/strong> 2 aparte reservoirs voor verschillende soorten bonen<\/p>\n<\/li>\n<li data-start=\"1184\" data-end=\"1224\">\n<p data-start=\"1186\" data-end=\"1224\"><strong data-start=\"1186\" data-end=\"1205\">Waterreservoir:<\/strong> 1,8 liter inhoud<\/p>\n<\/li>\n<li data-start=\"1225\" data-end=\"1280\">\n<p data-start=\"1227\" data-end=\"1280\"><strong data-start=\"1227\" data-end=\"1256\">Koffiesterkte instelbaar:<\/strong> Ja (meerdere niveaus)<\/p>\n<\/li>\n<li data-start=\"1281\" data-end=\"1327\">\n<p data-start=\"1283\" data-end=\"1327\"><strong data-start=\"1283\" data-end=\"1304\">Maalinstellingen:<\/strong> Instelbare maalgraad<\/p>\n<\/li>\n<li data-start=\"1328\" data-end=\"1386\">\n<p data-start=\"1330\" data-end=\"1386\"><strong data-start=\"1330\" data-end=\"1357\">Dubbele koffie-uitloop:<\/strong> Ja, voor 2 kopjes tegelijk<\/p>\n<\/li>\n<li data-start=\"1387\" data-end=\"1444\">\n<p data-start=\"1389\" data-end=\"1444\"><strong data-start=\"1389\" data-end=\"1439\">Automatische reiniging &amp; ontkalkingsprogramma:<\/strong> Ja<\/p>\n<\/li>\n<li data-start=\"1445\" data-end=\"1469\">\n<p data-start=\"1447\" data-end=\"1469\"><strong data-start=\"1447\" data-end=\"1460\">Pompdruk:<\/strong> 15 bar<\/p>\n<\/li>\n<\/ul>","protected":false},"excerpt":{"rendered":"<p>Productbeschrijving De Melitta Barista TS Smart RVS is een premium volautomatische espressomachine die speciaal is ontworpen voor koffieliefhebbers die thuis<\/p>","protected":false},"featured_media":17561,"template":"","meta":[],"product_brand":[],"product_cat":[70],"product_tag":[71],"product_country":[1504],"class_list":{"0":"post-5708","1":"product","2":"type-product","3":"status-publish","4":"has-post-thumbnail","6":"product_cat-cofee-machine","7":"product_tag-cofee-machine","8":"product_country-netherlands","10":"first","11":"instock","12":"sale","13":"taxable","14":"shipping-taxable","15":"purchasable","16":"product-type-simple"},"_links":{"self":[{"href":"https:\/\/routinesfashione.com\/nl\/wp-json\/wp\/v2\/product\/5708","targetHints":{"allow":["GET"]}}],"collection":[{"href":"https:\/\/routinesfashione.com\/nl\/wp-json\/wp\/v2\/product"}],"about":[{"href":"https:\/\/routinesfashione.com\/nl\/wp-json\/wp\/v2\/types\/product"}],"wp:featuredmedia":[{"embeddable":true,"href":"https:\/\/routinesfashione.com\/nl\/wp-json\/wp\/v2\/media\/17561"}],"wp:attachment":[{"href":"https:\/\/routinesfashione.com\/nl\/wp-json\/wp\/v2\/media?parent=5708"}],"wp:term":[{"taxonomy":"product_brand","embeddable":true,"href":"https:\/\/routinesfashione.com\/nl\/wp-json\/wp\/v2\/product_brand?post=5708"},{"taxonomy":"product_cat","embeddable":true,"href":"https:\/\/routinesfashione.com\/nl\/wp-json\/wp\/v2\/product_cat?post=5708"},{"taxonomy":"product_tag","embeddable":true,"href":"https:\/\/routinesfashione.com\/nl\/wp-json\/wp\/v2\/product_tag?post=5708"},{"taxonomy":"product_country","embeddable":true,"href":"https:\/\/routinesfashione.com\/nl\/wp-json\/wp\/v2\/product_country?post=5708"}],"curies":[{"name":"wp","href":"https:\/\/api.w.org\/{rel}","templated":true}]}}