{"id":5728,"date":"2025-08-07T18:22:12","date_gmt":"2025-08-07T18:22:12","guid":{"rendered":"https:\/\/lightgray-crow-170497.hostingersite.com\/?post_type=product&#038;p=5728"},"modified":"2025-09-30T21:21:38","modified_gmt":"2025-09-30T21:21:38","slug":"cafetera-delonghi-magnifica-start-ecam220-21-b-de-grano-a-taza-negra","status":"publish","type":"product","link":"https:\/\/routinesfashione.com\/nl\/produit\/cafetera-delonghi-magnifica-start-ecam220-21-b-de-grano-a-taza-negra\/","title":{"rendered":"Cafetera DeLonghi Magnifica Start ECAM220.21.B de grano a taza &#8211; Negra"},"content":{"rendered":"<h3 data-start=\"188\" data-end=\"217\"><strong data-start=\"192\" data-end=\"215\">Productbeschrijving<\/strong><\/h3>\n<p data-start=\"218\" data-end=\"556\">De <strong data-start=\"221\" data-end=\"262\">DeLonghi Magnifica Start ECAM220.21.B<\/strong> is een volautomatische espressomachine die jouw koffiemoment naar een hoger niveau tilt. Van versgemalen koffiebonen tot een perfecte espresso of lungo, dit apparaat biedt gemak en kwaliteit in \u00e9\u00e9n. Met \u00e9\u00e9n druk op de knop maal je de bonen en zet je koffie met een rijk aroma en volle smaak.<\/p>\n<p data-start=\"558\" data-end=\"845\">Dankzij het geavanceerde maal- en zetsysteem kun je kiezen uit verschillende koffiesterktes en hoeveelheden. De handmatige stoompijp maakt het mogelijk om melk op te schuimen voor cappuccino\u2019s en lattes. Het compacte en elegante ontwerp in zwarte afwerking past perfect in elke keuken.<\/p>\n<hr data-start=\"847\" data-end=\"850\" \/>\n<h3 data-start=\"852\" data-end=\"875\"><strong data-start=\"856\" data-end=\"873\">Specificaties<\/strong><\/h3>\n<ul data-start=\"876\" data-end=\"1684\">\n<li data-start=\"876\" data-end=\"945\">\n<p data-start=\"878\" data-end=\"945\"><strong data-start=\"878\" data-end=\"896\">Type apparaat:<\/strong> Volautomatische espressomachine (boon-tot-kop)<\/p>\n<\/li>\n<li data-start=\"946\" data-end=\"998\">\n<p data-start=\"948\" data-end=\"998\"><strong data-start=\"948\" data-end=\"958\">Model:<\/strong> DeLonghi Magnifica Start ECAM220.21.B<\/p>\n<\/li>\n<li data-start=\"999\" data-end=\"1019\">\n<p data-start=\"1001\" data-end=\"1019\"><strong data-start=\"1001\" data-end=\"1011\">Kleur:<\/strong> Zwart<\/p>\n<\/li>\n<li data-start=\"1020\" data-end=\"1060\">\n<p data-start=\"1022\" data-end=\"1060\"><strong data-start=\"1022\" data-end=\"1048\">Inhoud bonenreservoir:<\/strong> ca. 250 g<\/p>\n<\/li>\n<li data-start=\"1061\" data-end=\"1111\">\n<p data-start=\"1063\" data-end=\"1111\"><strong data-start=\"1063\" data-end=\"1082\">Waterreservoir:<\/strong> ca. 1,8 liter, uitneembaar<\/p>\n<\/li>\n<li data-start=\"1112\" data-end=\"1183\">\n<p data-start=\"1114\" data-end=\"1183\"><strong data-start=\"1114\" data-end=\"1127\">Maalwerk:<\/strong> Conische stalen maalschijven met instelbare maalstand<\/p>\n<\/li>\n<li data-start=\"1184\" data-end=\"1208\">\n<p data-start=\"1186\" data-end=\"1208\"><strong data-start=\"1186\" data-end=\"1199\">Pompdruk:<\/strong> 15 bar<\/p>\n<\/li>\n<li data-start=\"1209\" data-end=\"1265\">\n<p data-start=\"1211\" data-end=\"1265\"><strong data-start=\"1211\" data-end=\"1225\">Bediening:<\/strong> Eenvoudige knoppen en LED-indicatoren<\/p>\n<\/li>\n<li data-start=\"1266\" data-end=\"1321\">\n<p data-start=\"1268\" data-end=\"1321\"><strong data-start=\"1268\" data-end=\"1286\">Koffiesterkte:<\/strong> Instelbaar (mild, medium, sterk)<\/p>\n<\/li>\n<li data-start=\"1322\" data-end=\"1364\">\n<p data-start=\"1324\" data-end=\"1364\"><strong data-start=\"1324\" data-end=\"1355\">Aantal kopjes per zetbeurt:<\/strong> 1 of 2<\/p>\n<\/li>\n<li data-start=\"1365\" data-end=\"1440\">\n<p data-start=\"1367\" data-end=\"1440\"><strong data-start=\"1367\" data-end=\"1383\">Melksysteem:<\/strong> Handmatige stoompijp voor melkopschuimen en heet water<\/p>\n<\/li>\n<li data-start=\"1441\" data-end=\"1519\">\n<p data-start=\"1443\" data-end=\"1519\"><strong data-start=\"1443\" data-end=\"1463\">Energieverbruik:<\/strong> Automatische uitschakeling en energiebesparende modus<\/p>\n<\/li>\n<li data-start=\"1520\" data-end=\"1571\">\n<p data-start=\"1522\" data-end=\"1571\"><strong data-start=\"1522\" data-end=\"1537\">Afmetingen:<\/strong> ca. 24 x 44 x 36 cm (B x D x H)<\/p>\n<\/li>\n<li data-start=\"1572\" data-end=\"1597\">\n<p data-start=\"1574\" data-end=\"1597\"><strong data-start=\"1574\" data-end=\"1586\">Gewicht:<\/strong> ca. 9 kg<\/p>\n<\/li>\n<li data-start=\"1598\" data-end=\"1684\">\n<p data-start=\"1600\" data-end=\"1684\"><strong data-start=\"1600\" data-end=\"1629\">Meegeleverde accessoires:<\/strong> Maatlepel voor gemalen koffie, reinigingsaccessoires<\/p>\n<\/li>\n<\/ul>","protected":false},"excerpt":{"rendered":"<p>Productbeschrijving De DeLonghi Magnifica Start ECAM220.21.B is een volautomatische espressomachine die jouw koffiemoment naar een hoger niveau tilt. Van versgemalen<\/p>","protected":false},"featured_media":17576,"template":"","meta":[],"product_brand":[],"product_cat":[70],"product_tag":[71],"product_country":[1504],"class_list":{"0":"post-5728","1":"product","2":"type-product","3":"status-publish","4":"has-post-thumbnail","6":"product_cat-cofee-machine","7":"product_tag-cofee-machine","8":"product_country-netherlands","10":"first","11":"instock","12":"sale","13":"taxable","14":"shipping-taxable","15":"purchasable","16":"product-type-simple"},"_links":{"self":[{"href":"https:\/\/routinesfashione.com\/nl\/wp-json\/wp\/v2\/product\/5728","targetHints":{"allow":["GET"]}}],"collection":[{"href":"https:\/\/routinesfashione.com\/nl\/wp-json\/wp\/v2\/product"}],"about":[{"href":"https:\/\/routinesfashione.com\/nl\/wp-json\/wp\/v2\/types\/product"}],"wp:featuredmedia":[{"embeddable":true,"href":"https:\/\/routinesfashione.com\/nl\/wp-json\/wp\/v2\/media\/17576"}],"wp:attachment":[{"href":"https:\/\/routinesfashione.com\/nl\/wp-json\/wp\/v2\/media?parent=5728"}],"wp:term":[{"taxonomy":"product_brand","embeddable":true,"href":"https:\/\/routinesfashione.com\/nl\/wp-json\/wp\/v2\/product_brand?post=5728"},{"taxonomy":"product_cat","embeddable":true,"href":"https:\/\/routinesfashione.com\/nl\/wp-json\/wp\/v2\/product_cat?post=5728"},{"taxonomy":"product_tag","embeddable":true,"href":"https:\/\/routinesfashione.com\/nl\/wp-json\/wp\/v2\/product_tag?post=5728"},{"taxonomy":"product_country","embeddable":true,"href":"https:\/\/routinesfashione.com\/nl\/wp-json\/wp\/v2\/product_country?post=5728"}],"curies":[{"name":"wp","href":"https:\/\/api.w.org\/{rel}","templated":true}]}}