{"id":6019,"date":"2025-08-07T21:02:34","date_gmt":"2025-08-07T21:02:34","guid":{"rendered":"https:\/\/lightgray-crow-170497.hostingersite.com\/?post_type=product&#038;p=6019"},"modified":"2025-09-30T21:05:32","modified_gmt":"2025-09-30T21:05:32","slug":"cafetera-automatica-empotrable-bosch-ctl636es6-serie-8-plateada-y-negra","status":"publish","type":"product","link":"https:\/\/routinesfashione.com\/nl\/produit\/cafetera-automatica-empotrable-bosch-ctl636es6-serie-8-plateada-y-negra\/","title":{"rendered":"Bosch CTL636ES6 Serie 8 Inbouw Automatische Koffiezetapparaat &#8211; Zilver en Zwart"},"content":{"rendered":"<h3 data-start=\"213\" data-end=\"265\"><strong data-start=\"220\" data-end=\"263\">Productbeschrijving\u00a0<\/strong><\/h3>\n<p data-start=\"266\" data-end=\"822\">De <strong data-start=\"269\" data-end=\"296\">Bosch CTL636ES6 Serie 8<\/strong> is een luxe, volledig automatische <strong data-start=\"332\" data-end=\"342\">inbouw<\/strong> koffiemachine voor koffieliefhebbers die gemak en kwaliteit willen combineren. Met \u00e9\u00e9n druk op het intu\u00eftieve TFT-touchdisplay bereidt u perfecte espresso\u2019s, cappuccino\u2019s en latte macchiato\u2019s. Het stille keramische maalwerk maalt de bonen vers, terwijl het automatische melksysteem romig melkschuim levert. Dankzij Home Connect kunt u de machine zelfs bedienen via uw smartphone of tablet. De zilver-zwarte afwerking maakt het een stijlvolle toevoeging aan elke moderne keuken.<\/p>\n<hr data-start=\"824\" data-end=\"827\" \/>\n<h3 data-start=\"829\" data-end=\"875\"><strong data-start=\"836\" data-end=\"873\">Specificaties\u00a0<\/strong><\/h3>\n<div class=\"_tableContainer_1rjym_1\">\n<div class=\"group w-fit _tableWrapper_1rjym_13 flex flex-col-reverse\" tabindex=\"-1\">\n<table class=\"w-fit min-w-(--thread-content-width)\" data-start=\"877\" data-end=\"2051\">\n<thead data-start=\"877\" data-end=\"903\">\n<tr data-start=\"877\" data-end=\"903\">\n<th data-start=\"877\" data-end=\"887\" data-col-size=\"sm\">Kenmerk<\/th>\n<th data-start=\"887\" data-end=\"903\" data-col-size=\"md\">Specificatie<\/th>\n<\/tr>\n<\/thead>\n<tbody data-start=\"932\" data-end=\"2051\">\n<tr data-start=\"932\" data-end=\"971\">\n<td data-start=\"932\" data-end=\"944\" data-col-size=\"sm\"><strong data-start=\"934\" data-end=\"943\">Model<\/strong><\/td>\n<td data-start=\"944\" data-end=\"971\" data-col-size=\"md\">Bosch CTL636ES6 Serie 8<\/td>\n<\/tr>\n<tr data-start=\"972\" data-end=\"1025\">\n<td data-start=\"972\" data-end=\"983\" data-col-size=\"sm\"><strong data-start=\"974\" data-end=\"982\">Type<\/strong><\/td>\n<td data-start=\"983\" data-end=\"1025\" data-col-size=\"md\">Inbouw volautomatische espressomachine<\/td>\n<\/tr>\n<tr data-start=\"1026\" data-end=\"1076\">\n<td data-start=\"1026\" data-end=\"1044\" data-col-size=\"sm\"><strong data-start=\"1028\" data-end=\"1043\">Installatie<\/strong><\/td>\n<td data-start=\"1044\" data-end=\"1076\" data-col-size=\"md\">Inbouw (nishoogte ca. 45 cm)<\/td>\n<\/tr>\n<tr data-start=\"1077\" data-end=\"1138\">\n<td data-start=\"1077\" data-end=\"1094\" data-col-size=\"sm\"><strong data-start=\"1079\" data-end=\"1093\">Koffietype<\/strong><\/td>\n<td data-start=\"1094\" data-end=\"1138\" data-col-size=\"md\">Koffiebonen + gemalen koffie (optioneel)<\/td>\n<\/tr>\n<tr data-start=\"1139\" data-end=\"1206\">\n<td data-start=\"1139\" data-end=\"1154\" data-col-size=\"sm\"><strong data-start=\"1141\" data-end=\"1153\">Maalwerk<\/strong><\/td>\n<td data-start=\"1154\" data-end=\"1206\" data-col-size=\"md\">Stil keramisch maalwerk met instelbare maalgraad<\/td>\n<\/tr>\n<tr data-start=\"1207\" data-end=\"1244\">\n<td data-start=\"1207\" data-end=\"1225\" data-col-size=\"sm\"><strong data-start=\"1209\" data-end=\"1224\">Pompsysteem<\/strong><\/td>\n<td data-start=\"1225\" data-end=\"1244\" data-col-size=\"md\">19 bar pompdruk<\/td>\n<\/tr>\n<tr data-start=\"1245\" data-end=\"1296\">\n<td data-start=\"1245\" data-end=\"1266\" data-col-size=\"sm\"><strong data-start=\"1247\" data-end=\"1265\">Waterreservoir<\/strong><\/td>\n<td data-start=\"1266\" data-end=\"1296\" data-col-size=\"md\">ca. 2,4 liter (afneembaar)<\/td>\n<\/tr>\n<tr data-start=\"1297\" data-end=\"1334\">\n<td data-start=\"1297\" data-end=\"1318\" data-col-size=\"sm\"><strong data-start=\"1299\" data-end=\"1317\">Bonenreservoir<\/strong><\/td>\n<td data-start=\"1318\" data-end=\"1334\" data-col-size=\"md\">ca. 500 gram<\/td>\n<\/tr>\n<tr data-start=\"1335\" data-end=\"1428\">\n<td data-start=\"1335\" data-end=\"1353\" data-col-size=\"sm\"><strong data-start=\"1337\" data-end=\"1352\">Melksysteem<\/strong><\/td>\n<td data-start=\"1353\" data-end=\"1428\" data-col-size=\"md\">Ge\u00efntegreerd automatisch melkopschuimsysteem (afneembare melkcontainer)<\/td>\n<\/tr>\n<tr data-start=\"1429\" data-end=\"1502\">\n<td data-start=\"1429\" data-end=\"1445\" data-col-size=\"sm\"><strong data-start=\"1431\" data-end=\"1444\">Bediening<\/strong><\/td>\n<td data-start=\"1445\" data-end=\"1502\" data-col-size=\"md\">TFT kleurendisplay + Home Connect (bediening via app)<\/td>\n<\/tr>\n<tr data-start=\"1503\" data-end=\"1611\">\n<td data-start=\"1503\" data-end=\"1522\" data-col-size=\"sm\"><strong data-start=\"1505\" data-end=\"1521\">Drankenkeuze<\/strong><\/td>\n<td data-start=\"1522\" data-end=\"1611\" data-col-size=\"md\">Espresso, Caf\u00e9 Cr\u00e8me, Cappuccino, Latte Macchiato, Flat White, warme melk, heet water<\/td>\n<\/tr>\n<tr data-start=\"1612\" data-end=\"1717\">\n<td data-start=\"1612\" data-end=\"1631\" data-col-size=\"sm\"><strong data-start=\"1614\" data-end=\"1630\">Instellingen<\/strong><\/td>\n<td data-start=\"1631\" data-end=\"1717\" data-col-size=\"md\">Meerdere gebruikersprofielen, instelbare koffiesterkte, temperatuur en hoeveelheid<\/td>\n<\/tr>\n<tr data-start=\"1718\" data-end=\"1790\">\n<td data-start=\"1718\" data-end=\"1747\" data-col-size=\"sm\"><strong data-start=\"1720\" data-end=\"1746\">Automatische reiniging<\/strong><\/td>\n<td data-start=\"1747\" data-end=\"1790\" data-col-size=\"md\">Ja (melksysteem, zetgroep en leidingen)<\/td>\n<\/tr>\n<tr data-start=\"1791\" data-end=\"1863\">\n<td data-start=\"1791\" data-end=\"1814\" data-col-size=\"sm\"><strong data-start=\"1793\" data-end=\"1813\">Energiebesparing<\/strong><\/td>\n<td data-start=\"1814\" data-end=\"1863\" data-col-size=\"md\">Stand-by functie + automatische uitschakeling<\/td>\n<\/tr>\n<tr data-start=\"1864\" data-end=\"1937\">\n<td data-start=\"1864\" data-end=\"1886\" data-col-size=\"sm\"><strong data-start=\"1866\" data-end=\"1885\">Kleur\/Afwerking<\/strong><\/td>\n<td data-start=\"1886\" data-end=\"1937\" data-col-size=\"md\">Zilver en Zwart (RVS front met zwarte accenten)<\/td>\n<\/tr>\n<tr data-start=\"1938\" data-end=\"2020\">\n<td data-start=\"1938\" data-end=\"1963\" data-col-size=\"sm\"><strong data-start=\"1940\" data-end=\"1962\">Afmetingen (HxBxD)<\/strong><\/td>\n<td data-start=\"1963\" data-end=\"2020\" data-col-size=\"md\">ca. 45,5 x 59,4 x 37,5 cm (nismaten: 45 x 56 x 55 cm)<\/td>\n<\/tr>\n<tr data-start=\"2021\" data-end=\"2051\">\n<td data-start=\"2021\" data-end=\"2035\" data-col-size=\"sm\"><strong data-start=\"2023\" data-end=\"2034\">Gewicht<\/strong><\/td>\n<td data-start=\"2035\" data-end=\"2051\" data-col-size=\"md\">ca. 19\u201320 kg<\/td>\n<\/tr>\n<\/tbody>\n<\/table>\n<\/div>\n<\/div>","protected":false},"excerpt":{"rendered":"<p>Productbeschrijving\u00a0 De Bosch CTL636ES6 Serie 8 is een luxe, volledig automatische inbouw koffiemachine voor koffieliefhebbers die gemak en kwaliteit willen<\/p>","protected":false},"featured_media":25747,"template":"","meta":[],"product_brand":[],"product_cat":[70],"product_tag":[71],"product_country":[1504],"class_list":{"0":"post-6019","1":"product","2":"type-product","3":"status-publish","4":"has-post-thumbnail","6":"product_cat-cofee-machine","7":"product_tag-cofee-machine","8":"product_country-netherlands","10":"first","11":"instock","12":"sale","13":"taxable","14":"shipping-taxable","15":"purchasable","16":"product-type-simple"},"_links":{"self":[{"href":"https:\/\/routinesfashione.com\/nl\/wp-json\/wp\/v2\/product\/6019","targetHints":{"allow":["GET"]}}],"collection":[{"href":"https:\/\/routinesfashione.com\/nl\/wp-json\/wp\/v2\/product"}],"about":[{"href":"https:\/\/routinesfashione.com\/nl\/wp-json\/wp\/v2\/types\/product"}],"wp:featuredmedia":[{"embeddable":true,"href":"https:\/\/routinesfashione.com\/nl\/wp-json\/wp\/v2\/media\/25747"}],"wp:attachment":[{"href":"https:\/\/routinesfashione.com\/nl\/wp-json\/wp\/v2\/media?parent=6019"}],"wp:term":[{"taxonomy":"product_brand","embeddable":true,"href":"https:\/\/routinesfashione.com\/nl\/wp-json\/wp\/v2\/product_brand?post=6019"},{"taxonomy":"product_cat","embeddable":true,"href":"https:\/\/routinesfashione.com\/nl\/wp-json\/wp\/v2\/product_cat?post=6019"},{"taxonomy":"product_tag","embeddable":true,"href":"https:\/\/routinesfashione.com\/nl\/wp-json\/wp\/v2\/product_tag?post=6019"},{"taxonomy":"product_country","embeddable":true,"href":"https:\/\/routinesfashione.com\/nl\/wp-json\/wp\/v2\/product_country?post=6019"}],"curies":[{"name":"wp","href":"https:\/\/api.w.org\/{rel}","templated":true}]}}