{"id":610,"date":"2025-09-30T20:53:43","date_gmt":"2025-09-30T20:53:43","guid":{"rendered":"https:\/\/lightgray-crow-170497.hostingersite.com\/?post_type=product&#038;p=610"},"modified":"2025-09-30T20:53:43","modified_gmt":"2025-09-30T20:53:43","slug":"bosch-nettoyeur-haute-pression-ghp-5-75-x","status":"publish","type":"product","link":"https:\/\/routinesfashione.com\/nl\/produit\/bosch-nettoyeur-haute-pression-ghp-5-75-x\/","title":{"rendered":"Bosch Nettoyeur haute pression GHP 5-75 X"},"content":{"rendered":"<h2><strong>Avantages produit Nettoyeur Haute Pression BOSCH 0600910800 &#8211; GHP 5-75X Professional &#8211; 2600 W<\/strong><\/h2>\n<p>Puissant et polyvalent: un nettoyeur haute pression compact et durable avec\u00a0raccords en laiton et hautes performances de nettoyage<\/p>\n<p>Haute puissance de nettoyage: la pompe en aluminium eloxyd\u00e9 avec piston en acier inoxydable offre une combinaison id\u00e9ale entre haut d\u00e9bit et haute pression pour d&#8217;excellentes performances de nettoyage<\/p>\n<p>Pratique: poign\u00e9e m\u00e9tallique t\u00e9lescopique pour une grande mobilit\u00e9. Enrouleur de tuyau compact et peu encombrant<\/p>\n<p>Flexible: toujours travailler avec une pression d&#8217;eau optimale gr\u00e2ce au r\u00e9glage de pression en continu<\/p>\n<p>Arr\u00eat automatique du moteur et de la pompe: r\u00e9duit la consommation d&#8217;\u00e9lectricit\u00e9 et d&#8217;eau<\/p>\n<p>Durable: tuyau en caoutchouc arm\u00e9 et grande roulettes caoutchouc pour une utilisation sur les chantiers difficiles. Longue dur\u00e9e de vie des raccords d&#8217;eau en laiton<\/p>\n<p>Polyvalent: utilisable horizontalement ou verticalement<\/p>\n<p>Auto-aspirant: peut travailler avec de l&#8217;eau de sources externes<\/p>\n<p>Syst\u00e8me venturi<\/p>\n<p>Arr\u00eat automatique<\/p>\n<p>Fonction \u00e0 induction d&#8217;air<\/p>\n<p>Affichage de la pression (manom\u00e8tre)<\/p>\n<p>Lance spray \u00e0 jet plat librement r\u00e9glable<\/p>\n<p>Filtre \u00e0 eau (int\u00e9gr\u00e9)<\/p>\n<p>Lance Turbo\/\u00e0 jet rotatif<\/p>\n<p>Pistolet \u00e0 main<\/p>\n<p>Lance de pulv\u00e9risation r\u00e9glable avec buse plate Vario<\/p>\n<p>&nbsp;<\/p>\n<h2><strong>Caract\u00e9ristiques techniques Nettoyeur Haute Pression BOSCH 0600910800 &#8211; GHP 5-75X Professional &#8211; 2600 W<\/strong><\/h2>\n<p>Pression d\u00e9livr\u00e9e max. 185 bar<\/p>\n<p>Puissance nominale 2.600 W<\/p>\n<p>Pression de fonctionnement 140 bar<\/p>\n<p>D\u00e9bit maxi 50 \u00b0C<\/p>\n<p>Longueur de c\u00e2ble 5 m<\/p>\n<p>Longueur du flexible 10 m<\/p>\n<p>Mat\u00e9riau (tuyau) Tuyau caoutchouc renforc\u00e9<\/p>\n<p>Poids (sans accessoire) 27 kg<\/p>\n<p>Quantit\u00e9 de refoulement 560 l\/h<\/p>\n<p>D\u00e9bit max. 570 l\/h<\/p>\n<p>Syst\u00e8me \u00e0 pompe Plaque oscillante<\/p>\n<p>Pistons acier<\/p>\n<p>Type de moteur Induction<\/p>\n<p>Lance Lance 3 en 1 r\u00e9glable (acier inoxydable)<\/p>\n<p>Valeur d&#8217;\u00e9mission vibratoire ah 1.8 m\/s\u00b2<\/p>\n<p>Incertitude K 1.5 m\/s\u00b2<\/p>","protected":false},"excerpt":{"rendered":"<p>Avantages produit Nettoyeur Haute Pression BOSCH 0600910800 &#8211; GHP 5-75X Professional &#8211; 2600 W Puissant et polyvalent: un nettoyeur haute<\/p>","protected":false},"featured_media":13242,"template":"","meta":[],"product_brand":[],"product_cat":[61],"product_tag":[],"product_country":[1503],"class_list":{"0":"post-610","1":"product","2":"type-product","3":"status-publish","4":"has-post-thumbnail","6":"product_cat-sale-france","7":"product_country-france","9":"first","10":"instock","11":"sale","12":"taxable","13":"shipping-taxable","14":"purchasable","15":"product-type-simple"},"_links":{"self":[{"href":"https:\/\/routinesfashione.com\/nl\/wp-json\/wp\/v2\/product\/610","targetHints":{"allow":["GET"]}}],"collection":[{"href":"https:\/\/routinesfashione.com\/nl\/wp-json\/wp\/v2\/product"}],"about":[{"href":"https:\/\/routinesfashione.com\/nl\/wp-json\/wp\/v2\/types\/product"}],"wp:featuredmedia":[{"embeddable":true,"href":"https:\/\/routinesfashione.com\/nl\/wp-json\/wp\/v2\/media\/13242"}],"wp:attachment":[{"href":"https:\/\/routinesfashione.com\/nl\/wp-json\/wp\/v2\/media?parent=610"}],"wp:term":[{"taxonomy":"product_brand","embeddable":true,"href":"https:\/\/routinesfashione.com\/nl\/wp-json\/wp\/v2\/product_brand?post=610"},{"taxonomy":"product_cat","embeddable":true,"href":"https:\/\/routinesfashione.com\/nl\/wp-json\/wp\/v2\/product_cat?post=610"},{"taxonomy":"product_tag","embeddable":true,"href":"https:\/\/routinesfashione.com\/nl\/wp-json\/wp\/v2\/product_tag?post=610"},{"taxonomy":"product_country","embeddable":true,"href":"https:\/\/routinesfashione.com\/nl\/wp-json\/wp\/v2\/product_country?post=610"}],"curies":[{"name":"wp","href":"https:\/\/api.w.org\/{rel}","templated":true}]}}