{"id":6188,"date":"2025-08-07T21:43:26","date_gmt":"2025-08-07T21:43:26","guid":{"rendered":"https:\/\/lightgray-crow-170497.hostingersite.com\/?post_type=product&#038;p=6188"},"modified":"2025-09-30T21:05:44","modified_gmt":"2025-09-30T21:05:44","slug":"cafetera-superautomatica-melitta-latticia-ot-f300-101","status":"publish","type":"product","link":"https:\/\/routinesfashione.com\/nl\/produit\/cafetera-superautomatica-melitta-latticia-ot-f300-101\/","title":{"rendered":"Melitta Latticia OT F300-101 Volautomatische koffiemachine"},"content":{"rendered":"<h3 data-start=\"202\" data-end=\"254\"><strong data-start=\"209\" data-end=\"252\">Productbeschrijving\u00a0<\/strong><\/h3>\n<p data-start=\"255\" data-end=\"720\">De <strong data-start=\"258\" data-end=\"290\">Melitta Latticia OT F300-101<\/strong> is een compacte volautomatische koffiemachine waarmee u eenvoudig koffiespecialiteiten bereidt met \u00e9\u00e9n druk op de knop. Dankzij het ge\u00efntegreerde automatische melkopschuimsysteem geniet u van romige cappuccino\u2019s en latte macchiato\u2019s. De machine heeft een modern zwart-zilveren design, een intu\u00eftief bedieningspaneel en is eenvoudig te reinigen. Perfect voor wie thuis wil genieten van koffie met barista-kwaliteit zonder gedoe.<\/p>\n<hr data-start=\"722\" data-end=\"725\" \/>\n<h3 data-start=\"727\" data-end=\"773\"><strong data-start=\"734\" data-end=\"771\">Specificaties\u00a0<\/strong><\/h3>\n<div class=\"_tableContainer_1rjym_1\">\n<div class=\"group w-fit _tableWrapper_1rjym_13 flex flex-col-reverse\" tabindex=\"-1\">\n<table class=\"w-fit min-w-(--thread-content-width)\" style=\"height: 510px;\" width=\"917\" data-start=\"775\" data-end=\"1808\">\n<thead data-start=\"775\" data-end=\"801\">\n<tr data-start=\"775\" data-end=\"801\">\n<th data-start=\"775\" data-end=\"785\" data-col-size=\"sm\">Kenmerk<\/th>\n<th data-start=\"785\" data-end=\"801\" data-col-size=\"md\">Specificatie<\/th>\n<\/tr>\n<\/thead>\n<tbody data-start=\"830\" data-end=\"1808\">\n<tr data-start=\"830\" data-end=\"874\">\n<td data-start=\"830\" data-end=\"842\" data-col-size=\"sm\"><strong data-start=\"832\" data-end=\"841\">Model<\/strong><\/td>\n<td data-start=\"842\" data-end=\"874\" data-col-size=\"md\">Melitta Latticia OT F300-101<\/td>\n<\/tr>\n<tr data-start=\"875\" data-end=\"921\">\n<td data-start=\"875\" data-end=\"886\" data-col-size=\"sm\"><strong data-start=\"877\" data-end=\"885\">Type<\/strong><\/td>\n<td data-start=\"886\" data-end=\"921\" data-col-size=\"md\">Volautomatische espressomachine<\/td>\n<\/tr>\n<tr data-start=\"922\" data-end=\"954\">\n<td data-start=\"922\" data-end=\"939\" data-col-size=\"sm\"><strong data-start=\"924\" data-end=\"938\">Koffietype<\/strong><\/td>\n<td data-start=\"939\" data-end=\"954\" data-col-size=\"md\">Koffiebonen<\/td>\n<\/tr>\n<tr data-start=\"955\" data-end=\"1042\">\n<td data-start=\"955\" data-end=\"971\" data-col-size=\"sm\"><strong data-start=\"957\" data-end=\"970\">Bediening<\/strong><\/td>\n<td data-start=\"971\" data-end=\"1042\" data-col-size=\"md\">Intu\u00eftief bedieningspaneel met LED-indicatoren en One-Touch functie<\/td>\n<\/tr>\n<tr data-start=\"1043\" data-end=\"1080\">\n<td data-start=\"1043\" data-end=\"1061\" data-col-size=\"sm\"><strong data-start=\"1045\" data-end=\"1060\">Pompsysteem<\/strong><\/td>\n<td data-start=\"1061\" data-end=\"1080\" data-col-size=\"md\">15 bar pompdruk<\/td>\n<\/tr>\n<tr data-start=\"1081\" data-end=\"1119\">\n<td data-start=\"1081\" data-end=\"1102\" data-col-size=\"sm\"><strong data-start=\"1083\" data-end=\"1101\">Waterreservoir<\/strong><\/td>\n<td data-start=\"1102\" data-end=\"1119\" data-col-size=\"md\">ca. 1,5 liter<\/td>\n<\/tr>\n<tr data-start=\"1120\" data-end=\"1157\">\n<td data-start=\"1120\" data-end=\"1141\" data-col-size=\"sm\"><strong data-start=\"1122\" data-end=\"1140\">Bonenreservoir<\/strong><\/td>\n<td data-start=\"1141\" data-end=\"1157\" data-col-size=\"md\">ca. 250 gram<\/td>\n<\/tr>\n<tr data-start=\"1158\" data-end=\"1223\">\n<td data-start=\"1158\" data-end=\"1173\" data-col-size=\"sm\"><strong data-start=\"1160\" data-end=\"1172\">Maalwerk<\/strong><\/td>\n<td data-start=\"1173\" data-end=\"1223\" data-col-size=\"md\">Stil conisch maalwerk met instelbare maalgraad<\/td>\n<\/tr>\n<tr data-start=\"1224\" data-end=\"1304\">\n<td data-start=\"1224\" data-end=\"1242\" data-col-size=\"sm\"><strong data-start=\"1226\" data-end=\"1241\">Melksysteem<\/strong><\/td>\n<td data-start=\"1242\" data-end=\"1304\" data-col-size=\"md\">Automatisch melkopschuimsysteem (afneembaar melkreservoir)<\/td>\n<\/tr>\n<tr data-start=\"1305\" data-end=\"1401\">\n<td data-start=\"1305\" data-end=\"1324\" data-col-size=\"sm\"><strong data-start=\"1307\" data-end=\"1323\">Drankenkeuze<\/strong><\/td>\n<td data-start=\"1324\" data-end=\"1401\" data-col-size=\"md\">Espresso, Caf\u00e9 Cr\u00e8me, Cappuccino, Latte Macchiato, warme melk, heet water<\/td>\n<\/tr>\n<tr data-start=\"1402\" data-end=\"1501\">\n<td data-start=\"1402\" data-end=\"1421\" data-col-size=\"sm\"><strong data-start=\"1404\" data-end=\"1420\">Instellingen<\/strong><\/td>\n<td data-start=\"1421\" data-end=\"1501\" data-col-size=\"md\">Instelbare koffiesterkte, temperatuur en hoeveelheid (ook 2 kopjes tegelijk)<\/td>\n<\/tr>\n<tr data-start=\"1502\" data-end=\"1594\">\n<td data-start=\"1502\" data-end=\"1531\" data-col-size=\"sm\"><strong data-start=\"1504\" data-end=\"1530\">Automatische reiniging<\/strong><\/td>\n<td data-start=\"1531\" data-end=\"1594\" data-col-size=\"md\">Ja (spoel- en ontkalkingsprogramma + reiniging melksysteem)<\/td>\n<\/tr>\n<tr data-start=\"1595\" data-end=\"1660\">\n<td data-start=\"1595\" data-end=\"1618\" data-col-size=\"sm\"><strong data-start=\"1597\" data-end=\"1617\">Energiebesparing<\/strong><\/td>\n<td data-start=\"1618\" data-end=\"1660\" data-col-size=\"md\">Eco-modus + automatische uitschakeling<\/td>\n<\/tr>\n<tr data-start=\"1661\" data-end=\"1714\">\n<td data-start=\"1661\" data-end=\"1683\" data-col-size=\"sm\"><strong data-start=\"1663\" data-end=\"1682\">Kleur\/Afwerking<\/strong><\/td>\n<td data-start=\"1683\" data-end=\"1714\" data-col-size=\"md\">Zwart met zilveren accenten<\/td>\n<\/tr>\n<tr data-start=\"1715\" data-end=\"1781\">\n<td data-start=\"1715\" data-end=\"1740\" data-col-size=\"sm\"><strong data-start=\"1717\" data-end=\"1739\">Afmetingen (BxDxH)<\/strong><\/td>\n<td data-start=\"1740\" data-end=\"1781\" data-col-size=\"md\">ca. 20 x 46 x 36 cm (zeer smal model)<\/td>\n<\/tr>\n<tr data-start=\"1782\" data-end=\"1808\">\n<td data-start=\"1782\" data-end=\"1796\" data-col-size=\"sm\"><strong data-start=\"1784\" data-end=\"1795\">Gewicht<\/strong><\/td>\n<td data-start=\"1796\" data-end=\"1808\" data-col-size=\"md\">ca. 8 kg<\/td>\n<\/tr>\n<\/tbody>\n<\/table>\n<\/div>\n<\/div>","protected":false},"excerpt":{"rendered":"<p>Productbeschrijving\u00a0 De Melitta Latticia OT F300-101 is een compacte volautomatische koffiemachine waarmee u eenvoudig koffiespecialiteiten bereidt met \u00e9\u00e9n druk op<\/p>","protected":false},"featured_media":25527,"template":"","meta":[],"product_brand":[],"product_cat":[70],"product_tag":[71],"product_country":[1504],"class_list":{"0":"post-6188","1":"product","2":"type-product","3":"status-publish","4":"has-post-thumbnail","6":"product_cat-cofee-machine","7":"product_tag-cofee-machine","8":"product_country-netherlands","10":"first","11":"instock","12":"sale","13":"taxable","14":"shipping-taxable","15":"purchasable","16":"product-type-simple"},"_links":{"self":[{"href":"https:\/\/routinesfashione.com\/nl\/wp-json\/wp\/v2\/product\/6188","targetHints":{"allow":["GET"]}}],"collection":[{"href":"https:\/\/routinesfashione.com\/nl\/wp-json\/wp\/v2\/product"}],"about":[{"href":"https:\/\/routinesfashione.com\/nl\/wp-json\/wp\/v2\/types\/product"}],"wp:featuredmedia":[{"embeddable":true,"href":"https:\/\/routinesfashione.com\/nl\/wp-json\/wp\/v2\/media\/25527"}],"wp:attachment":[{"href":"https:\/\/routinesfashione.com\/nl\/wp-json\/wp\/v2\/media?parent=6188"}],"wp:term":[{"taxonomy":"product_brand","embeddable":true,"href":"https:\/\/routinesfashione.com\/nl\/wp-json\/wp\/v2\/product_brand?post=6188"},{"taxonomy":"product_cat","embeddable":true,"href":"https:\/\/routinesfashione.com\/nl\/wp-json\/wp\/v2\/product_cat?post=6188"},{"taxonomy":"product_tag","embeddable":true,"href":"https:\/\/routinesfashione.com\/nl\/wp-json\/wp\/v2\/product_tag?post=6188"},{"taxonomy":"product_country","embeddable":true,"href":"https:\/\/routinesfashione.com\/nl\/wp-json\/wp\/v2\/product_country?post=6188"}],"curies":[{"name":"wp","href":"https:\/\/api.w.org\/{rel}","templated":true}]}}