{"id":6408,"date":"2025-08-08T06:18:10","date_gmt":"2025-08-08T06:18:10","guid":{"rendered":"https:\/\/lightgray-crow-170497.hostingersite.com\/?post_type=product&#038;p=6408"},"modified":"2025-09-30T21:13:43","modified_gmt":"2025-09-30T21:13:43","slug":"weber-genesis-epx-335-inteligente","status":"publish","type":"product","link":"https:\/\/routinesfashione.com\/nl\/produit\/weber-genesis-epx-335-inteligente\/","title":{"rendered":"Weber Genesis EPX-335 Inteligente"},"content":{"rendered":"<p><strong>Cocina a la Barbacoa de alto rendimiento:<\/strong><\/p>\n<p>El sistema de cocina a la barbacoa de alto rendimiento fija el est\u00e1ndar ene el mundo de las barbacoas de gas y sit\u00faa a Weber en una categor\u00eda propia y especial. Este poderoso sistema de cocina a la barbacoa se inspira en mas de 70 a\u00f1os de experiencia con parrillas, maestr\u00eda culinaria y, sobre todo, en los deseos y necesidades de aquellos que m\u00e1s nos importan, nuestra comunidad de amantes de la barbacoa. Todos los componentes han sido cuidadosamente dise\u00f1ados para facilitar su uso y ofrecer un inigualable nivel de satisfacci\u00f3n en cuanto a la experiencia de barbacoa al aire libre.<\/p>\n<p><strong>Equipada con el nuevo y potente sistema de encendido Infinity:<\/strong><\/p>\n<p>Weber ha dedicado a\u00f1os de desarrollo e ingenier\u00eda a encontrar el sistema de encendido perfecto para la nueva serie Genesis. El sistema de encendido Infinity garantiza el encendido de la barbacoa. Puede estar seguro de que funcionara\u0301 siempre a la primera, sin excepcio\u0301n. Un sistema ideado para encenderse una y otra vez. \u00bfComo? Bueno, cada quemador cuenta ahora con un encendido de nuevo dise\u00f1o para garantizarle que funcione siempre y estamos tan satisfecho de el que le hemos dado al sistema una garant\u00eda limitada de 10 a\u00f1os.<\/p>\n<p><strong>Parrillas de cocci\u00f3n y marco Weber Crafted Gourmet BBQ System:<\/strong><\/p>\n<p>Saca tu cocina al aire libre y prepara platos que nunca cre\u00edste posibles en tu barbacoa con el nuevo y revolucionario sistema de parrillas Weber Crafted Gourmet BBQ System. Solo tienes que sustituir tu parrilla de cocci\u00f3n actual por cualquiera de los accesorios de cocci\u00f3n Weber Crafted GBS System (que se venden por separado) para disfrutar de las posibilidades que le ofrecen nuestros accesorios de barbacoa de ajuste integrado. El uso de los accesorios de barbacoa Weber Crafted requiere tambi\u00e9n el kit de marco Weber Crafted GBS System (incluido).<\/p>\n<p><strong>Quemadores con dise\u00f1o exclusivo:<\/strong><\/p>\n<p>La exclusiva forma c\u00f3nica de los quemadores de la barbacoa Genesis garantiza un caudal homog\u00e9neo de gas por delante y por detr\u00e1s, distribuyendo as\u00ed el calor uniformemente. El alimento se asar\u00e1 siempre por igual, independientemente de su posici\u00f3n en la rejilla de cocci\u00f3n.<\/p>\n<p><strong>Solo existe un original: Las legendarias barras Flavorizer de Weber:<\/strong><\/p>\n<p>Las cl\u00e1sicas barras Flavorizer de weber est\u00e1n orientadas con el \u00e1ngulo perfecto para atrapar los jugos, que humean y crepitan para aportar ese irresistible sabor a barbacoa tan familiar y deseado. Las gotas que no se vaporizan por efecto de las barras Flavorizer siguen la pendiente de su exclusivo \u00e1ngulo y se canalizan fuera de los quemadores hasta el sistema de recogida de grasa.<\/p>\n<p><strong>Limpieza f\u00e1cil. Sofisticado sistema de recogida de grasa:<\/strong><\/p>\n<p>El sistema de recogida de grasa ayuda a eliminar los jugos sin esfuerzo, al tiempo que reduce el riesgo de llamaradas. las gotas que no se vaporizan por efecto de las barras flavorizer son canalizadas fuera de los quemadores hasta una bandeja colectora de f\u00e1cil acceso situada bajo el compartimiento de cocci\u00f3n. No tiene mas que vaciar la bandeja despu\u00e9s de cada uso o tirar la bandeja de goteo desechable.<\/p>\n<p><strong>Tecnolog\u00eda Sear Zone:<\/strong><\/p>\n<p>La tecnolog\u00eda Sear Zone est\u00e1 dise\u00f1ada para crear una zona de calor intenso destinada a imprimir marcas de parrilla en la carne r\u00e1pidamente.<\/p>\n<p><strong>Tapa ergon\u00f3mica:<\/strong><\/p>\n<p>Ahora, abrir y cerrar es incluso m\u00e1s c\u00f3modo y ergon\u00f3mico gracias a la nueva tapa.<\/p>\n<p><strong>Iluminaci\u00f3n de la barbacoa:<\/strong><\/p>\n<p>Integradas en el asa de la tapa, las luces LED iluminan la superficie de cocci\u00f3n para seguir asando cuando se pone el sol.<\/p>\n<p><strong>Quemador lateral:<\/strong><\/p>\n<p>Use el quemador lateral para cocer a fuego lento su salsa barbacoa especial o patatas mientras el plato principal se cocina bajo la tapa de la barbacoa.<\/p>\n<p><strong>Parrilla de calentamiento superior expandible:<\/strong><\/p>\n<p>\u00dasela como soporte para mantener calientes los alimentos o despli\u00e9guela cuando necesite una superficie de cocci\u00f3n secundaria. Para desplegarla, levante la mitad delantera de la rejilla ligeramente y g\u00edrela hacia fuera. Para guardarla, pli\u00e9guela y levante la rejilla entera del compartimento de cocci\u00f3n. Cu\u00e9lguela verticalmente del borde posterior del compartimento de cocci\u00f3n. Use manoplas o guantes resistentes al calor para ajustar el soporte.<\/p>\n<p><strong>Mesa plegable para preparar y servir:<\/strong><\/p>\n<p>Use las mesas laterales para tener siempre sus bandejas, condimentos y utensilios al alcance de la mano. Cuelgue sus herramientas imprescindibles de los ganchos para acceder f\u00e1cilmente a ellas y mantener organizado su espacio de cocina al aire libre. La mesa lateral derecha se pliega para adecuarse a espacios m\u00e1s peque\u00f1os.<\/p>\n<p><strong>Conexi\u00f3n Weber:<\/strong><\/p>\n<p>Controle con total fiabilidad la barbacoa y antienda a sus invitados mientras utiliza la tecnolog\u00eda integrada Weber Connect. Este dispositivo supervisa la temperatura interna de la barbacoa y utiliza sondas de temperatura para los alimentos que le permiten controlar la temperatura de los mismos. Tambi\u00e9n puede controlar la barbacoa desde su smartphone con la aplicaci\u00f3n Weber Connect a trav\u00e9s de la conexi\u00f3n Bluetooth\u00ae o Wi-Fi. Se incluye una sonda de temperatura para alimentos. Las sondas de alimentos adicionales se venden por separado.<\/p>\n<p><strong>Almacenamiento bajo la barbacoa:<\/strong><\/p>\n<p>El armario bajo la barbacoa ofrece espacio de almacenamiento adicional para todos sus accesorios y utensilios ba\u0301sicos de cocina, adem\u00e1s ahora tambi\u00e9n es posible almacenar la botella de gas sin importar del tama\u00f1o que sea.<\/p>\n<p><strong>Almacenamiento lateral para los accesorios Weber Crafted GBS System:<\/strong><\/p>\n<p>El pr\u00e1ctico espacio de almacenamiento lateral le permite guardar c\u00f3modamente todos sus accesorios para barbacoa Weber Crafted GBS System.<\/p>\n<p><strong>Ganchos para utensilios integrados:<\/strong><\/p>\n<p>Cuelgue sus esp\u00e1tulas, pinzas, cepillos para parrillas y dem\u00e1s utensilios de barbacoa en los ganchos para utensilios integrados en la barbacoa. Use los ganchos de doble cara situados en el lateral del armario para guardar c\u00f3modamente las rejillas de cocci\u00f3n en el exterior de la barbacoa. Unos ganchos adicionales dentro del armario permiten guardar la rejilla separadora Weber Crafted, que puede usarse con los accesorios para barbacoa Weber Crafted Gourmet BBQ System.<\/p>\n<h2 class=\"colorredzb\">Caracter\u00edsticas<\/h2>\n<ul>\n<li>Tecnolog\u00eda Sear Zone.<\/li>\n<li>Parrilla de cocci\u00f3n y marco Weber Crafted Gourmet BBQ System para modos de cocci\u00f3n infinitos.<\/li>\n<li>Barras Flavorizer de Acero Inoxidable para dar a los platos un aroma irresistible.<\/li>\n<li>Sistema de gesti\u00f3n de grasa.<\/li>\n<li>Conexi\u00f3n Weber.<\/li>\n<li>Estructura de Acero esmaltado en negro con armario cerrado (parte delantera y trasera) y alojamiento para la bombona de gas grande.<\/li>\n<li>F\u00e1cil acceso a la bombona de gas.<\/li>\n<li>4 ruedas giratorias las cuales 2 son bloqueables para un f\u00e1cil manejo.<\/li>\n<li>Incluye regulador, tubo y abrazaderas para la bombona de gas.<\/li>\n<li>Funciona con gas butano y propano.<\/li>\n<li>Conectividad bluetooth y wifi.<\/li>\n<li>1 rascador de grasa inclu\u00eddo.<\/li>\n<li>1 sonda para carne.<\/li>\n<li>1 sonda de temperatura ambiente.<\/li>\n<li>1 puerto USB-C de 5 V<\/li>\n<\/ul>","protected":false},"excerpt":{"rendered":"<p>Cocina a la Barbacoa de alto rendimiento: El sistema de cocina a la barbacoa de alto rendimiento fija el est\u00e1ndar<\/p>","protected":false},"featured_media":18059,"template":"","meta":[],"product_brand":[],"product_cat":[72],"product_tag":[1513],"product_country":[1505],"class_list":{"0":"post-6408","1":"product","2":"type-product","3":"status-publish","4":"has-post-thumbnail","6":"product_cat-grills-outdoor-cooking","7":"product_tag-grills-outdoor-cooking","8":"product_country-spain","10":"first","11":"instock","12":"sale","13":"taxable","14":"shipping-taxable","15":"purchasable","16":"product-type-simple"},"_links":{"self":[{"href":"https:\/\/routinesfashione.com\/nl\/wp-json\/wp\/v2\/product\/6408","targetHints":{"allow":["GET"]}}],"collection":[{"href":"https:\/\/routinesfashione.com\/nl\/wp-json\/wp\/v2\/product"}],"about":[{"href":"https:\/\/routinesfashione.com\/nl\/wp-json\/wp\/v2\/types\/product"}],"wp:featuredmedia":[{"embeddable":true,"href":"https:\/\/routinesfashione.com\/nl\/wp-json\/wp\/v2\/media\/18059"}],"wp:attachment":[{"href":"https:\/\/routinesfashione.com\/nl\/wp-json\/wp\/v2\/media?parent=6408"}],"wp:term":[{"taxonomy":"product_brand","embeddable":true,"href":"https:\/\/routinesfashione.com\/nl\/wp-json\/wp\/v2\/product_brand?post=6408"},{"taxonomy":"product_cat","embeddable":true,"href":"https:\/\/routinesfashione.com\/nl\/wp-json\/wp\/v2\/product_cat?post=6408"},{"taxonomy":"product_tag","embeddable":true,"href":"https:\/\/routinesfashione.com\/nl\/wp-json\/wp\/v2\/product_tag?post=6408"},{"taxonomy":"product_country","embeddable":true,"href":"https:\/\/routinesfashione.com\/nl\/wp-json\/wp\/v2\/product_country?post=6408"}],"curies":[{"name":"wp","href":"https:\/\/api.w.org\/{rel}","templated":true}]}}