{"id":6881,"date":"2025-08-08T22:13:44","date_gmt":"2025-08-08T22:13:44","guid":{"rendered":"https:\/\/lightgray-crow-170497.hostingersite.com\/?post_type=product&#038;p=6881"},"modified":"2025-09-30T21:06:15","modified_gmt":"2025-09-30T21:06:15","slug":"olla-a-presion-y-freidora-de-aire-multifuncion-ninja-7-en-1-op300","status":"publish","type":"product","link":"https:\/\/routinesfashione.com\/nl\/produit\/olla-a-presion-y-freidora-de-aire-multifuncion-ninja-7-en-1-op300\/","title":{"rendered":"Olla a presi\u00f3n y freidora de aire multifunci\u00f3n Ninja 7 en 1 OP300"},"content":{"rendered":"<ul class=\"a-unordered-list a-vertical a-spacing-mini\">\n<li class=\"a-spacing-mini\"><span class=\"a-list-item\"><span dir=\"auto\">7 FUNCIONES DE COCCI\u00d3N: Olla a presi\u00f3n, Freidora de aire, Cocci\u00f3n lenta, Vapor, Hornear\/Asar, Sellar\/Saltear y Grill<\/span><\/span><\/li>\n<li class=\"a-spacing-mini\"><span class=\"a-list-item\"><span dir=\"auto\">Olla a presi\u00f3n: Hasta un 70% m\u00e1s r\u00e1pido que los m\u00e9todos de cocci\u00f3n tradicionales* (*En comparaci\u00f3n con la cocci\u00f3n a fuego lento como en los guisos)<\/span><\/span><\/li>\n<li class=\"a-spacing-mini\"><span class=\"a-list-item\"><span dir=\"auto\">LA OLLA A PRESI\u00d3N QUE CALENTA: Cocina y dora con la tecnolog\u00eda TenderCrisp. Simplemente cambia entre la tapa a presi\u00f3n y la tapa para dorar y consigue platos perfectamente cocinados con un acabado dorado y crujiente.<\/span><\/span><\/li>\n<li class=\"a-spacing-mini\"><span class=\"a-list-item\"><span dir=\"auto\">UNA OLLA PARA TODO: Prepara deliciosas comidas caseras, guarniciones, aperitivos y postres de forma r\u00e1pida y sencilla. Cocina hasta 4 raciones. El recipiente extra\u00edble de 6 l tiene capacidad para un pollo de 2 kg.<\/span><\/span><\/li>\n<li class=\"a-spacing-mini\"><span class=\"a-list-item\"><span dir=\"auto\">INCLUYE: Cocina el\u00e9ctrica multifunci\u00f3n Ninja Foodi (enchufe de la UE), recipiente de cocci\u00f3n extra\u00edble, cesta para fre\u00edr al aire de 3,6 L, rejilla de 2 niveles y gu\u00eda de recetas creada por un chef.<\/span><\/span><\/li>\n<li class=\"a-spacing-mini\"><span class=\"a-list-item\"><span dir=\"auto\">Dimensiones: 32 x 43 x 36 cm. Peso: 9,5 kg.<\/span><\/span><br \/>\n<table class=\"a-normal a-spacing-micro\">\n<tbody>\n<tr class=\"a-spacing-small po-brand\">\n<td class=\"a-span3\"><span class=\"a-size-base a-text-bold\"><span dir=\"auto\">Nombre de marca<\/span><\/span><\/td>\n<td class=\"a-span9\"><span class=\"a-size-base po-break-word\"><span dir=\"auto\">Ninja<\/span><\/span><\/td>\n<\/tr>\n<tr class=\"a-spacing-small po-capacity\">\n<td class=\"a-span3\"><span class=\"a-size-base a-text-bold\"><span dir=\"auto\">Capacidad<\/span><\/span><\/td>\n<td class=\"a-span9\"><span class=\"a-size-base po-break-word\"><span dir=\"auto\">6 litros<\/span><\/span><\/td>\n<\/tr>\n<tr class=\"a-spacing-small po-material\">\n<td class=\"a-span3\"><span class=\"a-size-base a-text-bold\"><span dir=\"auto\">Material<\/span><\/span><\/td>\n<td class=\"a-span9\"><span class=\"a-size-base po-break-word\"><span dir=\"auto\">Metal<\/span><\/span><\/td>\n<\/tr>\n<tr class=\"a-spacing-small po-color\">\n<td class=\"a-span3\"><span class=\"a-size-base a-text-bold\"><span dir=\"auto\">Color<\/span><\/span><\/td>\n<td class=\"a-span9\"><span class=\"a-size-base po-break-word\"><span dir=\"auto\">Negro y gris<\/span><\/span><\/td>\n<\/tr>\n<tr class=\"a-spacing-small po-finish_type\">\n<td class=\"a-span3\"><span class=\"a-size-base a-text-bold\"><span dir=\"auto\">Tipo de acabado<\/span><\/span><\/td>\n<td class=\"a-span9\"><span class=\"a-size-base po-break-word\"><span dir=\"auto\">Cromo<\/span><\/span><\/td>\n<\/tr>\n<tr class=\"a-spacing-small po-item_depth_width_height\">\n<td class=\"a-span3\"><span class=\"a-size-base a-text-bold\"><span dir=\"auto\">Dimensiones del art\u00edculo Pr x An x Al<\/span><\/span><\/td>\n<td class=\"a-span9\"><span class=\"a-size-base po-break-word\"><span dir=\"auto\">36D x 43W x 32H cent\u00edmetros<\/span><\/span><\/td>\n<\/tr>\n<tr class=\"a-spacing-small po-special_feature\">\n<td class=\"a-span3\"><span class=\"a-size-base a-text-bold\"><span dir=\"auto\">Caracter\u00edsticas especiales<\/span><\/span><\/td>\n<td class=\"a-span9\"><span class=\"a-size-base po-break-word\"><span dir=\"auto\">7 funciones de cocci\u00f3n, Piezas aptas para lavavajillas, Ahorro de energ\u00eda, F\u00e1cil de limpiar<\/span><\/span><\/td>\n<\/tr>\n<tr class=\"a-spacing-small po-wattage\">\n<td class=\"a-span3\"><span class=\"a-size-base a-text-bold\"><span dir=\"auto\">Potencia<\/span><\/span><\/td>\n<td class=\"a-span9\"><span class=\"a-size-base po-break-word\"><span dir=\"auto\">1460 vatios<\/span><\/span><\/td>\n<\/tr>\n<tr class=\"a-spacing-small po-item_weight\">\n<td class=\"a-span3\"><span class=\"a-size-base a-text-bold\"><span dir=\"auto\">Peso del art\u00edculo<\/span><\/span><\/td>\n<td class=\"a-span9\"><span class=\"a-size-base po-break-word\"><span dir=\"auto\">9,5 kilogramos<\/span><\/span><\/td>\n<\/tr>\n<tr class=\"a-spacing-small po-control_method\">\n<td class=\"a-span3\"><span class=\"a-size-base a-text-bold\"><span dir=\"auto\">M\u00e9todo de control<\/span><\/span><\/td>\n<td class=\"a-span9\"><span class=\"a-size-base po-break-word\"><span dir=\"auto\">Tocar<\/span><\/span><\/td>\n<\/tr>\n<\/tbody>\n<\/table>\n<\/li>\n<\/ul>","protected":false},"excerpt":{"rendered":"<p>7 FUNCIONES DE COCCI\u00d3N: Olla a presi\u00f3n, Freidora de aire, Cocci\u00f3n lenta, Vapor, Hornear\/Asar, Sellar\/Saltear y Grill Olla a presi\u00f3n:<\/p>","protected":false},"featured_media":18374,"template":"","meta":[],"product_brand":[],"product_cat":[74],"product_tag":[75],"product_country":[1505],"class_list":{"0":"post-6881","1":"product","2":"type-product","3":"status-publish","4":"has-post-thumbnail","6":"product_cat-kitchen-appliances","7":"product_tag-kitchen-appliances","8":"product_country-spain","10":"first","11":"instock","12":"sale","13":"taxable","14":"shipping-taxable","15":"purchasable","16":"product-type-simple"},"_links":{"self":[{"href":"https:\/\/routinesfashione.com\/nl\/wp-json\/wp\/v2\/product\/6881","targetHints":{"allow":["GET"]}}],"collection":[{"href":"https:\/\/routinesfashione.com\/nl\/wp-json\/wp\/v2\/product"}],"about":[{"href":"https:\/\/routinesfashione.com\/nl\/wp-json\/wp\/v2\/types\/product"}],"wp:featuredmedia":[{"embeddable":true,"href":"https:\/\/routinesfashione.com\/nl\/wp-json\/wp\/v2\/media\/18374"}],"wp:attachment":[{"href":"https:\/\/routinesfashione.com\/nl\/wp-json\/wp\/v2\/media?parent=6881"}],"wp:term":[{"taxonomy":"product_brand","embeddable":true,"href":"https:\/\/routinesfashione.com\/nl\/wp-json\/wp\/v2\/product_brand?post=6881"},{"taxonomy":"product_cat","embeddable":true,"href":"https:\/\/routinesfashione.com\/nl\/wp-json\/wp\/v2\/product_cat?post=6881"},{"taxonomy":"product_tag","embeddable":true,"href":"https:\/\/routinesfashione.com\/nl\/wp-json\/wp\/v2\/product_tag?post=6881"},{"taxonomy":"product_country","embeddable":true,"href":"https:\/\/routinesfashione.com\/nl\/wp-json\/wp\/v2\/product_country?post=6881"}],"curies":[{"name":"wp","href":"https:\/\/api.w.org\/{rel}","templated":true}]}}