{"id":6950,"date":"2025-08-08T22:35:15","date_gmt":"2025-08-08T22:35:15","guid":{"rendered":"https:\/\/lightgray-crow-170497.hostingersite.com\/?post_type=product&#038;p=6950"},"modified":"2025-09-30T21:17:06","modified_gmt":"2025-09-30T21:17:06","slug":"frigorifico-combi-lg-gbp62pznbc-doorcooling","status":"publish","type":"product","link":"https:\/\/routinesfashione.com\/nl\/produit\/frigorifico-combi-lg-gbp62pznbc-doorcooling\/","title":{"rendered":"LG GBP62PZNBC &#8211; Frigor\u00edfico Combi 203&#215;59.5cm Clase B Inox Grafito"},"content":{"rendered":"<p>Buscas gran capacidad en un combi? Con su capacidad \u00fatil de 384 litros entre el frigor\u00edfico y el congelador tendr\u00e1s espacio de sobra para todos tus alimentos. Motor inverter para un funcionamiento silencioso y un caj\u00f3n especial cervezas con una temperatura entre -2\u00baC y 3\u00baC.<\/p>\n<p><strong>Motor inverter:<\/strong>\u00a0con 10 a\u00f1os de garant\u00eda en su Inverter Linear Compressor, formado por menos componentes lo que hace que apenas te des cuenta que est\u00e1 en funcionamiento. Ahorra energ\u00eda y es mucho m\u00e1s duradero.<strong>Sistema NatureFRESH\u2122<\/strong>: la temperatura interior del frigor\u00edfico estar\u00e1 siempre perfecta para conservar los alimentos frescos durante m\u00e1s tiempo, para ello tiene 9 salidas de aire junto a cada balda.<strong>Smart Diagnosis\u2122:<\/strong>\u00a0vincula con tu smartphone los fallos de funcionamiento que pueda dar el frigor\u00edfico, as\u00ed no ser\u00e1 necesario llamar a un t\u00e9cnico y lo podr\u00e1s solucionar t\u00fa mismo.<strong>DoorCooling+\u2122:<\/strong>\u00a0una cascada de aire fr\u00edo caer\u00e1 sobre todos los alimentos de la puerta, adem\u00e1s de enfriar todo mucho m\u00e1s r\u00e1pido (hasta 32% m\u00e1s). Reduciendo la diferencia entre el interior y la puerta.<strong>FRESHConverter\u2122:\u00a0<\/strong>un caj\u00f3n multitempertura que permite ajustar los grados desde -2\u00baC y 3\u00baC para guardar bebidas, verduras, carne o pescado. A tu gusto.<strong>Medidas con puerta (alto x ancho x fondo):<\/strong>\u00a0203 x 59,5 x 67,5 cm.<strong>Puertas reversibles:\u00a0<\/strong>de f\u00e1brica viene con la apertura hacia la derecha pero se puede cambiar para que se adapte a cada cocina.<strong>Congelaci\u00f3n y enfriamiento r\u00e1pido:\u00a0<\/strong>cuando necesites enfriar o congelar alimentos mucho m\u00e1s r\u00e1pido o por ejemplo hagas la compra, activa estas opciones para que una vez introduzcas alimentos calientes o a temperatura ambiente se conserven mejor y m\u00e1s r\u00e1pido.<strong>Muy silencioso:<\/strong>\u00a0con tal solo 35 dB ni te dar\u00e1s cuenta que est\u00e1 encendido, as\u00ed que si tienes una cocina abierta no ser\u00e1 problema.<\/p>","protected":false},"excerpt":{"rendered":"<p>Buscas gran capacidad en un combi? Con su capacidad \u00fatil de 384 litros entre el frigor\u00edfico y el congelador tendr\u00e1s<\/p>","protected":false},"featured_media":18430,"template":"","meta":[],"product_brand":[],"product_cat":[72],"product_tag":[1513],"product_country":[1505],"class_list":{"0":"post-6950","1":"product","2":"type-product","3":"status-publish","4":"has-post-thumbnail","6":"product_cat-grills-outdoor-cooking","7":"product_tag-grills-outdoor-cooking","8":"product_country-spain","10":"first","11":"instock","12":"sale","13":"taxable","14":"shipping-taxable","15":"purchasable","16":"product-type-simple"},"_links":{"self":[{"href":"https:\/\/routinesfashione.com\/nl\/wp-json\/wp\/v2\/product\/6950","targetHints":{"allow":["GET"]}}],"collection":[{"href":"https:\/\/routinesfashione.com\/nl\/wp-json\/wp\/v2\/product"}],"about":[{"href":"https:\/\/routinesfashione.com\/nl\/wp-json\/wp\/v2\/types\/product"}],"wp:featuredmedia":[{"embeddable":true,"href":"https:\/\/routinesfashione.com\/nl\/wp-json\/wp\/v2\/media\/18430"}],"wp:attachment":[{"href":"https:\/\/routinesfashione.com\/nl\/wp-json\/wp\/v2\/media?parent=6950"}],"wp:term":[{"taxonomy":"product_brand","embeddable":true,"href":"https:\/\/routinesfashione.com\/nl\/wp-json\/wp\/v2\/product_brand?post=6950"},{"taxonomy":"product_cat","embeddable":true,"href":"https:\/\/routinesfashione.com\/nl\/wp-json\/wp\/v2\/product_cat?post=6950"},{"taxonomy":"product_tag","embeddable":true,"href":"https:\/\/routinesfashione.com\/nl\/wp-json\/wp\/v2\/product_tag?post=6950"},{"taxonomy":"product_country","embeddable":true,"href":"https:\/\/routinesfashione.com\/nl\/wp-json\/wp\/v2\/product_country?post=6950"}],"curies":[{"name":"wp","href":"https:\/\/api.w.org\/{rel}","templated":true}]}}