{"id":7034,"date":"2025-08-08T23:26:32","date_gmt":"2025-08-08T23:26:32","guid":{"rendered":"https:\/\/lightgray-crow-170497.hostingersite.com\/?post_type=product&#038;p=7034"},"modified":"2025-09-30T21:17:12","modified_gmt":"2025-09-30T21:17:12","slug":"moulinex-companion-xl-hf80c8-food-processor-3-l-12-programmes-quiet-with-recipe-book-app-6-accessories","status":"publish","type":"product","link":"https:\/\/routinesfashione.com\/nl\/produit\/moulinex-companion-xl-hf80c8-food-processor-3-l-12-programmes-quiet-with-recipe-book-app-6-accessories\/","title":{"rendered":"Procesador de alimentos Moulinex Companion XL HF80C8 3 L 12 programas Silencioso con libro de recetas App 6 accesorios"},"content":{"rendered":"<ul class=\"a-unordered-list a-vertical a-spacing-mini\">\n<li class=\"a-spacing-mini\"><span class=\"a-list-item\"><strong>ROBOT DE COCINA QUE LO HACE TODO:<\/strong> Con 12 programas autom\u00e1ticos y un modo manual, simplifica tus tareas culinarias con versatilidad y precisi\u00f3n. Desde batidos matutinos hasta postres exquisitos, ofrece una soluci\u00f3n para cada receta.<\/span><\/li>\n<li class=\"a-spacing-mini\"><span class=\"a-list-item\"><strong>PR\u00c1CTICAMENTE SILENCIOSO:<\/strong> El procesador de alimentos m\u00e1s silencioso en comparaci\u00f3n con los m\u00e1s vendidos, seg\u00fan pruebas externas basadas en est\u00e1ndares internacionales.<\/span><\/li>\n<li class=\"a-spacing-mini\"><span class=\"a-list-item\"><strong>APP MOULINEX:<\/strong> Encuentra recetas ilimitadas, guarda tus favoritas y crea listas de compras directamente en la app, adem\u00e1s insp\u00edrate y reduce desperdicios con la funci\u00f3n On My Fridge<\/span><\/li>\n<li class=\"a-spacing-mini\"><span class=\"a-list-item\"><strong>DELIITE A TODA SU FAMILIA:<\/strong> La generosa capacidad de 3L del procesador de alimentos de cocina le permite preparar abundantes comidas caseras para compartir con sus seres queridos, garantizando momentos deliciosos y memorables juntos.<\/span><\/li>\n<li class=\"a-spacing-mini\"><span class=\"a-list-item\"><strong>ACCESORIOS INCLUIDOS:<\/strong> 6 accesorios eficaces y espec\u00edficos para preparar cualquier receta: cuchilla Ultrablade, cuchilla amasadora\/trituradora, varillas, batidora, cesto de vapor, accesorio para base XL<\/span><\/li>\n<li class=\"a-spacing-mini\"><span class=\"a-list-item\"><strong>SEGURIDAD TOTAL:<\/strong> La tapa se cierra autom\u00e1ticamente cuando el robot est\u00e1 en funcionamiento y cuenta con una cuenta regresiva de 10 segundos al final de cada proceso con altas velocidades o temperaturas para ayudar a prevenir salpicaduras y garantizar su seguridad.<\/span><\/li>\n<li class=\"a-spacing-mini\"><span class=\"a-list-item\"><strong>F\u00c1CIL DE LIMPIAR:<\/strong> Limpieza sin esfuerzo gracias a un dise\u00f1o apto para lavavajillas.<\/span><br \/>\n<table class=\"a-normal a-spacing-micro\">\n<tbody>\n<tr class=\"a-spacing-small po-brand\">\n<td class=\"a-span3\"><span class=\"a-size-base a-text-bold\">Nombre de marca<\/span><\/td>\n<td class=\"a-span9\"><span class=\"a-size-base po-break-word\">Moulinex<\/span><\/td>\n<\/tr>\n<tr class=\"a-spacing-small po-special_feature\">\n<td class=\"a-span3\"><span class=\"a-size-base a-text-bold\">Caracter\u00edsticas especiales<\/span><\/td>\n<td class=\"a-span9\"><span class=\"a-size-base po-break-word\">Programable<\/span><\/td>\n<\/tr>\n<tr class=\"a-spacing-small po-item_depth_width_height\">\n<td class=\"a-span3\"><span class=\"a-size-base a-text-bold\">Dimensiones del art\u00edculo Pr x An x Al<\/span><\/td>\n<td class=\"a-span9\"><span class=\"a-size-base po-break-word\">35D x 31W x 32H cent\u00edmetros<\/span><\/td>\n<\/tr>\n<tr class=\"a-spacing-small po-color\">\n<td class=\"a-span3\"><span class=\"a-size-base a-text-bold\">Color<\/span><\/td>\n<td class=\"a-span9\"><span class=\"a-size-base po-break-word\">Blanco y gris<\/span><\/td>\n<\/tr>\n<tr class=\"a-spacing-small po-bowl_capacity\">\n<td class=\"a-span3\"><span class=\"a-size-base a-text-bold\">Capacidad del recipiente<\/span><\/td>\n<td class=\"a-span9\"><span class=\"a-size-base po-break-word\">4,5 litros litros<\/span><\/td>\n<\/tr>\n<tr class=\"a-spacing-small po-recommended_uses_for_product\">\n<td class=\"a-span3\"><span class=\"a-size-base a-text-bold\">Usos recomendados del producto<\/span><\/td>\n<td class=\"a-span9\"><span class=\"a-size-base po-break-word\">Mezcla<\/span><\/td>\n<\/tr>\n<tr class=\"a-spacing-small po-number_of_speeds\">\n<td class=\"a-span3\"><span class=\"a-size-base a-text-bold\">N\u00famero de velocidades<\/span><\/td>\n<td class=\"a-span9\"><span class=\"a-size-base po-break-word\">12<\/span><\/td>\n<\/tr>\n<tr class=\"a-spacing-small po-care_instructions\">\n<td class=\"a-span3\"><span class=\"a-size-base a-text-bold\">Instrucciones de cuidado del producto<\/span><\/td>\n<td class=\"a-span9\"><span class=\"a-size-base po-break-word\">Apto para lavavajillas<\/span><\/td>\n<\/tr>\n<tr class=\"a-spacing-small po-included_components\">\n<td class=\"a-span3\"><span class=\"a-size-base a-text-bold\">Componentes incluidos<\/span><\/td>\n<td class=\"a-span9\"><span class=\"a-size-base\"><span class=\"a-truncate po-truncate-attribute\" data-a-word-break=\"normal\" data-a-truncate-name=\"po-attribute-truncate-8\" data-a-max-rows=\"3\" data-a-overflow-marker=\"&amp;hellip;\" data-a-recalculate=\"false\" data-a-updated=\"true\"><span class=\"a-truncate-full a-offscreen\">caja de almacenamiento, cesta de vapor, cuchillo para masa\/encofrado, caja de almacenamiento, cuchillo picador, licuadora, accesorio de fondo plano<\/span><span class=\"a-truncate-cut\" aria-hidden=\"true\">caja de almacenamiento, cesta de vapor, cuchillo para masa\/encofrado, caja de almacenamiento, cuchillo picador, licuadora, accesorio de fondo plano<\/span><\/span><\/span><\/td>\n<\/tr>\n<tr class=\"a-spacing-small po-model_name\">\n<td class=\"a-span3\"><span class=\"a-size-base a-text-bold\">Nombre del modelo<\/span><\/td>\n<td class=\"a-span9\"><span class=\"a-size-base po-break-word\">SG<\/span><\/td>\n<\/tr>\n<\/tbody>\n<\/table>\n<\/li>\n<\/ul>","protected":false},"excerpt":{"rendered":"<p>ROBOT DE COCINA QUE LO HACE TODO: Con 12 programas autom\u00e1ticos y un modo manual, simplifica tus tareas culinarias con<\/p>","protected":false},"featured_media":18485,"template":"","meta":[],"product_brand":[],"product_cat":[74],"product_tag":[75],"product_country":[1505],"class_list":{"0":"post-7034","1":"product","2":"type-product","3":"status-publish","4":"has-post-thumbnail","6":"product_cat-kitchen-appliances","7":"product_tag-kitchen-appliances","8":"product_country-spain","10":"first","11":"instock","12":"sale","13":"taxable","14":"shipping-taxable","15":"purchasable","16":"product-type-simple"},"_links":{"self":[{"href":"https:\/\/routinesfashione.com\/nl\/wp-json\/wp\/v2\/product\/7034","targetHints":{"allow":["GET"]}}],"collection":[{"href":"https:\/\/routinesfashione.com\/nl\/wp-json\/wp\/v2\/product"}],"about":[{"href":"https:\/\/routinesfashione.com\/nl\/wp-json\/wp\/v2\/types\/product"}],"wp:featuredmedia":[{"embeddable":true,"href":"https:\/\/routinesfashione.com\/nl\/wp-json\/wp\/v2\/media\/18485"}],"wp:attachment":[{"href":"https:\/\/routinesfashione.com\/nl\/wp-json\/wp\/v2\/media?parent=7034"}],"wp:term":[{"taxonomy":"product_brand","embeddable":true,"href":"https:\/\/routinesfashione.com\/nl\/wp-json\/wp\/v2\/product_brand?post=7034"},{"taxonomy":"product_cat","embeddable":true,"href":"https:\/\/routinesfashione.com\/nl\/wp-json\/wp\/v2\/product_cat?post=7034"},{"taxonomy":"product_tag","embeddable":true,"href":"https:\/\/routinesfashione.com\/nl\/wp-json\/wp\/v2\/product_tag?post=7034"},{"taxonomy":"product_country","embeddable":true,"href":"https:\/\/routinesfashione.com\/nl\/wp-json\/wp\/v2\/product_country?post=7034"}],"curies":[{"name":"wp","href":"https:\/\/api.w.org\/{rel}","templated":true}]}}