{"id":7041,"date":"2025-08-08T23:32:32","date_gmt":"2025-08-08T23:32:32","guid":{"rendered":"https:\/\/lightgray-crow-170497.hostingersite.com\/?post_type=product&#038;p=7041"},"modified":"2025-09-30T21:17:12","modified_gmt":"2025-09-30T21:17:12","slug":"miele-placa-vitroceramica-km-6520-fr","status":"publish","type":"product","link":"https:\/\/routinesfashione.com\/nl\/produit\/miele-placa-vitroceramica-km-6520-fr\/","title":{"rendered":"Miele Placa vitrocer\u00e1mica KM 6520 FR"},"content":{"rendered":"<p><strong>DISE\u00d1O<\/strong><br \/>\n\u2022 Dimensiones talladas: 560 x 490 mm<br \/>\n\u2022 Controles EasySelect dispuestos centralmente<br \/>\n\u2022 Indicador digital de la potencia configurada<\/p>\n<p><strong>RESULTADOS Y RENDIMIENTOS DE COCCI\u00d3N<\/strong><br \/>\n\u2022 4 zonas con inicio de cocci\u00f3n autom\u00e1tico, 1 de las cuales puede extenderse<br \/>\n\u2022 9 niveles de potencia<br \/>\n\u2022 Funci\u00f3n &#8222;Stop &amp; Go&#8220; para bajar todas las zonas de cocci\u00f3n al nivel 1 con un solo bot\u00f3n<\/p>\n<p><strong>COMODIDAD DE USO<\/strong><br \/>\n\u2022 Temporizador con apagado autom\u00e1tico para cada zona de cocci\u00f3n<br \/>\n\u2022 Apagado de seguridad y control de fallas<br \/>\n\u2022 Funci\u00f3n y bloqueo de encendido<br \/>\n\u2022 Indicador de calor residual para cada zona de cocci\u00f3n<\/p>\n<p class=\"h6\"><strong>Ficha t\u00e9cnica<\/strong><\/p>\n<dl class=\"data-sheet\">\n<dt class=\"name\">Dimensiones (An. x Al. x Pr.)<\/dt>\n<dd class=\"value\">574x43x504 mm<\/dd>\n<dt class=\"name\">Acabado<\/dt>\n<dd class=\"value\">Nero con Cornice Inox<br \/>\nVitrocer\u00e1mica negra<\/dd>\n<dt class=\"name\">Zonas de cocci\u00f3n<\/dt>\n<dd class=\"value\">4<\/dd>\n<dt class=\"name\">Absorci\u00f3n total<\/dt>\n<dd class=\"value\">6.7 kW<\/dd>\n<dt class=\"name\">Cuadr\u00edculas<\/dt>\n<dd class=\"value\">No<\/dd>\n<\/dl>","protected":false},"excerpt":{"rendered":"<p>DISE\u00d1O \u2022 Dimensiones talladas: 560 x 490 mm \u2022 Controles EasySelect dispuestos centralmente \u2022 Indicador digital de la potencia configurada<\/p>","protected":false},"featured_media":18491,"template":"","meta":[],"product_brand":[],"product_cat":[74],"product_tag":[75],"product_country":[1505],"class_list":{"0":"post-7041","1":"product","2":"type-product","3":"status-publish","4":"has-post-thumbnail","6":"product_cat-kitchen-appliances","7":"product_tag-kitchen-appliances","8":"product_country-spain","10":"first","11":"instock","12":"sale","13":"taxable","14":"shipping-taxable","15":"purchasable","16":"product-type-simple"},"_links":{"self":[{"href":"https:\/\/routinesfashione.com\/nl\/wp-json\/wp\/v2\/product\/7041","targetHints":{"allow":["GET"]}}],"collection":[{"href":"https:\/\/routinesfashione.com\/nl\/wp-json\/wp\/v2\/product"}],"about":[{"href":"https:\/\/routinesfashione.com\/nl\/wp-json\/wp\/v2\/types\/product"}],"wp:featuredmedia":[{"embeddable":true,"href":"https:\/\/routinesfashione.com\/nl\/wp-json\/wp\/v2\/media\/18491"}],"wp:attachment":[{"href":"https:\/\/routinesfashione.com\/nl\/wp-json\/wp\/v2\/media?parent=7041"}],"wp:term":[{"taxonomy":"product_brand","embeddable":true,"href":"https:\/\/routinesfashione.com\/nl\/wp-json\/wp\/v2\/product_brand?post=7041"},{"taxonomy":"product_cat","embeddable":true,"href":"https:\/\/routinesfashione.com\/nl\/wp-json\/wp\/v2\/product_cat?post=7041"},{"taxonomy":"product_tag","embeddable":true,"href":"https:\/\/routinesfashione.com\/nl\/wp-json\/wp\/v2\/product_tag?post=7041"},{"taxonomy":"product_country","embeddable":true,"href":"https:\/\/routinesfashione.com\/nl\/wp-json\/wp\/v2\/product_country?post=7041"}],"curies":[{"name":"wp","href":"https:\/\/api.w.org\/{rel}","templated":true}]}}