{"id":7065,"date":"2025-08-08T23:39:08","date_gmt":"2025-08-08T23:39:08","guid":{"rendered":"https:\/\/lightgray-crow-170497.hostingersite.com\/?post_type=product&#038;p=7065"},"modified":"2025-09-30T21:17:14","modified_gmt":"2025-09-30T21:17:14","slug":"placa-induccion-balay-3ebc976lh","status":"publish","type":"product","link":"https:\/\/routinesfashione.com\/nl\/produit\/placa-induccion-balay-3ebc976lh\/","title":{"rendered":"Placa inducci\u00f3n Balay 3EBC976LH"},"content":{"rendered":"<h2 class=\"ecode_product_custom_title\">Descripci\u00f3n<\/h2>\n<div class=\"ecode_container_content\">\n<p>La\u00a0<strong>Placa de FlexInducci\u00f3n con Extractor Integrado Balay 3EBC976LH<\/strong>\u00a0es la soluci\u00f3n perfecta para aquellos que buscan la eficiencia y la est\u00e9tica en un mismo producto. Con\u00a0<strong>70 cm de ancho y dos zonas de cocci\u00f3n<\/strong>, este electrodom\u00e9stico te brinda la experiencia culinaria que deseas.<\/p>\n<h3>Conoce todas sus ventajas<\/h3>\n<hr \/>\n<ul>\n<li>Especial para espacios donde la cocina es un ambiente integrado,\u00a0<strong>tiene un extractor integrado<\/strong>\u00a0que elimina los olores y el humo que se produce mientras cocinas. Se acabaron las molestias de los olores impregnados en la ropa o en los muebles.<\/li>\n<li><strong>Gracias a la funcionalidad Home Connect, puedes controlar la placa desde tu smartphone o tablet.<\/strong>\u00a0Ajusta la temperatura, el tiempo de cocci\u00f3n y activa el extractor cuando lo necesites, todo a distancia.<\/li>\n<li>La\u00a0<strong>FlexInducci\u00f3n<\/strong>\u00a0te permite utilizar el tama\u00f1o de olla o sart\u00e9n que quieras, sin limitarte a las zonas establecidas. Disfruta de la libertad de tener un espacio de cocci\u00f3n adaptable a todas tus necesidades.<\/li>\n<li><strong>Seguridad avanzada:<\/strong>\u00a0 adem\u00e1s de su sistema de apagado autom\u00e1tico, incorpora bloqueo de seguridad para ni\u00f1os y un indicador de calor residual, asegurando un uso totalmente seguro.<\/li>\n<\/ul>\n<p>&nbsp;<\/p>\n<h3>Caracter\u00edsticas de la placa<\/h3>\n<hr \/>\n<table border=\"1\">\n<tbody>\n<tr>\n<td>Tipo de placa<\/td>\n<td>Con extractor integrado<\/td>\n<\/tr>\n<tr>\n<td>Ancho<\/td>\n<td>70 Cm<\/td>\n<\/tr>\n<tr>\n<td>N\u00ba de zonas de cocci\u00f3n<\/td>\n<td>2 Felx<\/td>\n<\/tr>\n<tr>\n<td>Dimensiones de las zonas de cocci\u00f3n<\/td>\n<td>38 x 21 Cm<\/td>\n<\/tr>\n<tr>\n<td>Potencia total de la placa<\/td>\n<td>7400 W<\/td>\n<\/tr>\n<tr>\n<td>Tipo de acabado<\/td>\n<td>Biselado<\/td>\n<\/tr>\n<tr>\n<td>Funci\u00f3n Sprint<\/td>\n<td>Si<\/td>\n<\/tr>\n<tr>\n<td>Tipo de control<\/td>\n<td>MultiTouch+<\/td>\n<\/tr>\n<tr>\n<td>N\u00ba de niveles de potencia<\/td>\n<td>17<\/td>\n<\/tr>\n<tr>\n<td>Dispositivos de seguridad<\/td>\n<td>\n<ul>\n<li>Autodesconexi\u00f3n<\/li>\n<li>Detecci\u00f3n de recipiente<\/li>\n<li>Funci\u00f3n Pausa<\/li>\n<li>Seguro para ni\u00f1os<\/li>\n<li>Indicador de calor residual<\/li>\n<\/ul>\n<\/td>\n<\/tr>\n<tr>\n<td>Home Connect<\/td>\n<td>Si<\/td>\n<\/tr>\n<tr>\n<td>Funci\u00f3n Programaci\u00f3n<\/td>\n<td>Si<\/td>\n<\/tr>\n<tr>\n<td>Indicador de calor residual<\/td>\n<td>Si<\/td>\n<\/tr>\n<tr>\n<td>Color<\/td>\n<td>Negro<\/td>\n<\/tr>\n<\/tbody>\n<\/table>\n<\/div>","protected":false},"excerpt":{"rendered":"<p>Descripci\u00f3n La\u00a0Placa de FlexInducci\u00f3n con Extractor Integrado Balay 3EBC976LH\u00a0es la soluci\u00f3n perfecta para aquellos que buscan la eficiencia y la<\/p>","protected":false},"featured_media":18503,"template":"","meta":[],"product_brand":[],"product_cat":[74],"product_tag":[75],"product_country":[1505],"class_list":{"0":"post-7065","1":"product","2":"type-product","3":"status-publish","4":"has-post-thumbnail","6":"product_cat-kitchen-appliances","7":"product_tag-kitchen-appliances","8":"product_country-spain","10":"first","11":"instock","12":"sale","13":"taxable","14":"shipping-taxable","15":"purchasable","16":"product-type-simple"},"_links":{"self":[{"href":"https:\/\/routinesfashione.com\/nl\/wp-json\/wp\/v2\/product\/7065","targetHints":{"allow":["GET"]}}],"collection":[{"href":"https:\/\/routinesfashione.com\/nl\/wp-json\/wp\/v2\/product"}],"about":[{"href":"https:\/\/routinesfashione.com\/nl\/wp-json\/wp\/v2\/types\/product"}],"wp:featuredmedia":[{"embeddable":true,"href":"https:\/\/routinesfashione.com\/nl\/wp-json\/wp\/v2\/media\/18503"}],"wp:attachment":[{"href":"https:\/\/routinesfashione.com\/nl\/wp-json\/wp\/v2\/media?parent=7065"}],"wp:term":[{"taxonomy":"product_brand","embeddable":true,"href":"https:\/\/routinesfashione.com\/nl\/wp-json\/wp\/v2\/product_brand?post=7065"},{"taxonomy":"product_cat","embeddable":true,"href":"https:\/\/routinesfashione.com\/nl\/wp-json\/wp\/v2\/product_cat?post=7065"},{"taxonomy":"product_tag","embeddable":true,"href":"https:\/\/routinesfashione.com\/nl\/wp-json\/wp\/v2\/product_tag?post=7065"},{"taxonomy":"product_country","embeddable":true,"href":"https:\/\/routinesfashione.com\/nl\/wp-json\/wp\/v2\/product_country?post=7065"}],"curies":[{"name":"wp","href":"https:\/\/api.w.org\/{rel}","templated":true}]}}