{"id":7155,"date":"2025-08-09T00:09:07","date_gmt":"2025-08-09T00:09:07","guid":{"rendered":"https:\/\/lightgray-crow-170497.hostingersite.com\/?post_type=product&#038;p=7155"},"modified":"2025-09-30T21:17:20","modified_gmt":"2025-09-30T21:17:20","slug":"cocina-balay-3hi833xp-placa-de-induccion-3-zonasv","status":"publish","type":"product","link":"https:\/\/routinesfashione.com\/nl\/produit\/cocina-balay-3hi833xp-placa-de-induccion-3-zonasv\/","title":{"rendered":"Cocina Balay 3hi833xp Placa de inducci\u00f3n 3 zonas"},"content":{"rendered":"<div class=\"o-product-detail-informations__description\">\n<p>Kit electrodom\u00e9stico configurado con placa de inducci\u00f3n y horno de 66 litros de capacidad con puerta fr\u00eda de vidrio. Incluye bandeja y rejilla regulables (4 posiciones de cocci\u00f3n). Dispone de un cuadro de mandos manual para seleccionar el tiempo, la temperatura y el programa con el que se desee cocinar. El horno cuenta con 5 programas de cocci\u00f3n. Clase energ\u00e9tica A. Medidas del horno: 59,4 x 59,5 x 54,8 cm (ancho x alto x fondo). Placa de inducci\u00f3n: 59,2 x 52 cm (ancho x largo).<\/p>\n<p>Horno con puerta fr\u00eda: evita accidentes<\/p>\n<p>Placa con funci\u00f3n Booster: calentamiento r\u00e1pido e intenso<\/p>\n<\/div>\n<table class=\"o-product-features\" role=\"presentation\" data-cerberus=\"TABLE_AttributesProduct\">\n<caption class=\"kl-hidden-accessibility\">\u00a0<\/caption>\n<tbody>\n<tr class=\"m-product-attr-row\">\n<th class=\"m-product-attr-row__name\" scope=\"row\">Marca del producto<\/th>\n<td class=\"m-product-attr-row__value\">BALAY<\/td>\n<\/tr>\n<tr class=\"m-product-attr-row\">\n<th class=\"m-product-attr-row__name\" scope=\"row\">Tipo de producto<\/th>\n<td class=\"m-product-attr-row__value\">Horno y placa de induccion<\/td>\n<\/tr>\n<tr class=\"m-product-attr-row\">\n<th class=\"m-product-attr-row__name\" scope=\"row\">Color<\/th>\n<td class=\"m-product-attr-row__value\">Negro<\/td>\n<\/tr>\n<tr class=\"m-product-attr-row\">\n<th class=\"m-product-attr-row__name\" scope=\"row\">Cantidad de zonas placa<\/th>\n<td class=\"m-product-attr-row__value\">3<\/td>\n<\/tr>\n<tr class=\"m-product-attr-row\">\n<th class=\"m-product-attr-row__name\" scope=\"row\">Clase energ\u00e9tica horno<\/th>\n<td class=\"m-product-attr-row__value\">A<\/td>\n<\/tr>\n<tr class=\"m-product-attr-row\">\n<th class=\"m-product-attr-row__name\" scope=\"row\">Capacidad del horno (en l)<\/th>\n<td class=\"m-product-attr-row__value\">66<\/td>\n<\/tr>\n<tr class=\"m-product-attr-row\">\n<th class=\"m-product-attr-row__name\" scope=\"row\">Garant\u00eda (en a\u00f1os)<\/th>\n<td class=\"m-product-attr-row__value\">3<\/td>\n<\/tr>\n<tr class=\"m-product-attr-row\">\n<th class=\"m-product-attr-row__name\" scope=\"row\">Tipo de apertura<\/th>\n<td class=\"m-product-attr-row__value\">Abatible<\/td>\n<\/tr>\n<tr class=\"m-product-attr-row\">\n<th class=\"m-product-attr-row__name\" scope=\"row\">Anchura placa (en cm)<\/th>\n<td class=\"m-product-attr-row__value\">59.2<\/td>\n<\/tr>\n<tr class=\"m-product-attr-row\">\n<th class=\"m-product-attr-row__name\" scope=\"row\">Anchura horno (en cm)<\/th>\n<td class=\"m-product-attr-row__value\">59.4<\/td>\n<\/tr>\n<tr class=\"m-product-attr-row\">\n<th class=\"m-product-attr-row__name\" scope=\"row\">Anchura de empotrado de la placa (en cm)<\/th>\n<td class=\"m-product-attr-row__value\">59.2<\/td>\n<\/tr>\n<tr class=\"m-product-attr-row\">\n<th class=\"m-product-attr-row__name\" scope=\"row\">Anchura de empotrado del horno (en cm)<\/th>\n<td class=\"m-product-attr-row__value\">59.4<\/td>\n<\/tr>\n<tr class=\"m-product-attr-row\">\n<th class=\"m-product-attr-row__name\" scope=\"row\">Profundidad de la placa (en cm)<\/th>\n<td class=\"m-product-attr-row__value\">52<\/td>\n<\/tr>\n<tr class=\"m-product-attr-row\">\n<th class=\"m-product-attr-row__name\" scope=\"row\">Profundidad de empotrado placa (en cm)<\/th>\n<td class=\"m-product-attr-row__value\">49<\/td>\n<\/tr>\n<tr class=\"m-product-attr-row\">\n<th class=\"m-product-attr-row__name\" scope=\"row\">Profundidad de empotrado horno (en cm)<\/th>\n<td class=\"m-product-attr-row__value\">54.8<\/td>\n<\/tr>\n<tr class=\"m-product-attr-row\">\n<th class=\"m-product-attr-row__name\" scope=\"row\">Altura placa (en cm)<\/th>\n<td class=\"m-product-attr-row__value\">5.1<\/td>\n<\/tr>\n<tr class=\"m-product-attr-row\">\n<th class=\"m-product-attr-row__name\" scope=\"row\">Altura de empotrado placa (en cm)<\/th>\n<td class=\"m-product-attr-row__value\">5.1<\/td>\n<\/tr>\n<tr class=\"m-product-attr-row\">\n<th class=\"m-product-attr-row__name\" scope=\"row\">Altura horno (en cm)<\/th>\n<td class=\"m-product-attr-row__value\">59.5<\/td>\n<\/tr>\n<tr class=\"m-product-attr-row\">\n<th class=\"m-product-attr-row__name\" scope=\"row\">Altura de empotrado horno (en cm)<\/th>\n<td class=\"m-product-attr-row__value\">59.5<\/td>\n<\/tr>\n<tr class=\"m-product-attr-row\">\n<th class=\"m-product-attr-row__name\" scope=\"row\">Consumo energ\u00e9tico con calor envolvente (en kW-h)<\/th>\n<td class=\"m-product-attr-row__value\">0<\/td>\n<\/tr>\n<tr class=\"m-product-attr-row\">\n<th class=\"m-product-attr-row__name\" scope=\"row\">Consumo energ\u00e9tico con cocci\u00f3n convencional (en kW-h)<\/th>\n<td class=\"m-product-attr-row__value\">0<\/td>\n<\/tr>\n<tr class=\"m-product-attr-row\">\n<th class=\"m-product-attr-row__name\" scope=\"row\">Control placa<\/th>\n<td class=\"m-product-attr-row__value\">Controles sensibles frontales<\/td>\n<\/tr>\n<tr class=\"m-product-attr-row\">\n<th class=\"m-product-attr-row__name\" scope=\"row\">Funci\u00f3n vapor<\/th>\n<td class=\"m-product-attr-row__value\">No<\/td>\n<\/tr>\n<tr class=\"m-product-attr-row\">\n<th class=\"m-product-attr-row__name\" scope=\"row\">Modo de cocci\u00f3n<\/th>\n<td class=\"m-product-attr-row__value\">Multifunci\u00f3n<\/td>\n<\/tr>\n<tr class=\"m-product-attr-row\">\n<th class=\"m-product-attr-row__name\" scope=\"row\">Modo de funcionamiento<\/th>\n<td class=\"m-product-attr-row__value\">Evacuaci\u00f3n |\u00a0 Reciclaje<\/td>\n<\/tr>\n<tr class=\"m-product-attr-row\">\n<th class=\"m-product-attr-row__name\" scope=\"row\">Modo de limpieza<\/th>\n<td class=\"m-product-attr-row__value\">Limpieza manual<\/td>\n<\/tr>\n<tr class=\"m-product-attr-row\">\n<th class=\"m-product-attr-row__name\" scope=\"row\">Potencia zonas placa (en W)<\/th>\n<td class=\"m-product-attr-row__value\">4600<\/td>\n<\/tr>\n<tr class=\"m-product-attr-row\">\n<th class=\"m-product-attr-row__name\" scope=\"row\">Puerta fr\u00eda<\/th>\n<td class=\"m-product-attr-row__value\">S\u00ed<\/td>\n<\/tr>\n<tr class=\"m-product-attr-row\">\n<th class=\"m-product-attr-row__name\" scope=\"row\">Seguridad gas<\/th>\n<td class=\"m-product-attr-row__value\">No<\/td>\n<\/tr>\n<tr class=\"m-product-attr-row\">\n<th class=\"m-product-attr-row__name\" scope=\"row\">Testigo de calor residual<\/th>\n<td class=\"m-product-attr-row__value\">S\u00ed<\/td>\n<\/tr>\n<tr class=\"m-product-attr-row\">\n<th class=\"m-product-attr-row__name\" scope=\"row\">Tipo de control<\/th>\n<td class=\"m-product-attr-row__value\">Mediante palanca(s)<\/td>\n<\/tr>\n<tr class=\"m-product-attr-row\">\n<th class=\"m-product-attr-row__name\" scope=\"row\">Producto empaquetado: peso (en kg)<\/th>\n<td class=\"m-product-attr-row__value\">42<\/td>\n<\/tr>\n<\/tbody>\n<\/table>","protected":false},"excerpt":{"rendered":"<p>Kit electrodom\u00e9stico configurado con placa de inducci\u00f3n y horno de 66 litros de capacidad con puerta fr\u00eda de vidrio. Incluye<\/p>","protected":false},"featured_media":18565,"template":"","meta":[],"product_brand":[],"product_cat":[74],"product_tag":[75],"product_country":[1505],"class_list":{"0":"post-7155","1":"product","2":"type-product","3":"status-publish","4":"has-post-thumbnail","6":"product_cat-kitchen-appliances","7":"product_tag-kitchen-appliances","8":"product_country-spain","10":"first","11":"instock","12":"sale","13":"taxable","14":"shipping-taxable","15":"purchasable","16":"product-type-simple"},"_links":{"self":[{"href":"https:\/\/routinesfashione.com\/nl\/wp-json\/wp\/v2\/product\/7155","targetHints":{"allow":["GET"]}}],"collection":[{"href":"https:\/\/routinesfashione.com\/nl\/wp-json\/wp\/v2\/product"}],"about":[{"href":"https:\/\/routinesfashione.com\/nl\/wp-json\/wp\/v2\/types\/product"}],"wp:featuredmedia":[{"embeddable":true,"href":"https:\/\/routinesfashione.com\/nl\/wp-json\/wp\/v2\/media\/18565"}],"wp:attachment":[{"href":"https:\/\/routinesfashione.com\/nl\/wp-json\/wp\/v2\/media?parent=7155"}],"wp:term":[{"taxonomy":"product_brand","embeddable":true,"href":"https:\/\/routinesfashione.com\/nl\/wp-json\/wp\/v2\/product_brand?post=7155"},{"taxonomy":"product_cat","embeddable":true,"href":"https:\/\/routinesfashione.com\/nl\/wp-json\/wp\/v2\/product_cat?post=7155"},{"taxonomy":"product_tag","embeddable":true,"href":"https:\/\/routinesfashione.com\/nl\/wp-json\/wp\/v2\/product_tag?post=7155"},{"taxonomy":"product_country","embeddable":true,"href":"https:\/\/routinesfashione.com\/nl\/wp-json\/wp\/v2\/product_country?post=7155"}],"curies":[{"name":"wp","href":"https:\/\/api.w.org\/{rel}","templated":true}]}}