{"id":7341,"date":"2025-08-09T12:52:19","date_gmt":"2025-08-09T12:52:19","guid":{"rendered":"https:\/\/lightgray-crow-170497.hostingersite.com\/?post_type=product&#038;p=7341"},"modified":"2025-09-30T21:06:24","modified_gmt":"2025-09-30T21:06:24","slug":"caseta-de-jardin-de-policarbonato-skylight-palram-canopia-185x304x217m-562m%c2%b2-gris","status":"publish","type":"product","link":"https:\/\/routinesfashione.com\/nl\/produit\/caseta-de-jardin-de-policarbonato-skylight-palram-canopia-185x304x217m-562m%c2%b2-gris\/","title":{"rendered":"Caseta de jard\u00edn de policarbonato SkyLight, Palram\/Canopia, 1,85&#215;3,04&#215;2,17m, 5,62m\u00b2, Gris"},"content":{"rendered":"<ul>\n<li>Dimensiones exteriores al nivel del suelo: 1,75&#215;3,017m<\/li>\n<li>Muy dura y duradera, protegida al 100% contra los rayos UV. Paneles de policarbonato.<\/li>\n<li>Estructuras de aluminio que crean una estructura resistente.<\/li>\n<li>Techo SkyLight \u00fanico \u2013 Transmite una luz natural y suave dentro de la caseta de jard\u00edn<\/li>\n<li>F\u00e1cil y simple sistema de montaje con un sistema de paneles que se estira y ajusta.<\/li>\n<li>Puertas con cerrojo opcional para aumentar la seguridad (candado no incluido)<\/li>\n<li>Suelo incluido con picas de anclaje opcionales.<\/li>\n<li>Salidas de aire frontales y finales para proveer ventilaci\u00f3n<\/li>\n<li>Grandes dobles ventanas<\/li>\n<li>Bajo umbral para facilitar el acceso<\/li>\n<li>Sin costes de mantenimiento \u2013 lavable, sin oxidaci\u00f3n, podredumbre y no se pela<\/li>\n<li>100% reciclable<\/li>\n<\/ul>\n<p>Las casetas de jard\u00edn en policarbonato te ayudan a organizar tus utensilios de jard\u00edn, juguetes, equipamiento deportivo y mucho m\u00e1s. La resistente, duradera y bien dise\u00f1ada caseta de jard\u00edn es f\u00e1cil de montar y no tiene costes de mantenimiento, adem\u00e1s, es extremadamente duradera. Es perfecta para almacenar de forma segura todos tus utensilios de jard\u00edn, la barbacoa y, quiz\u00e1s, algunos de los juguetes y equipamiento deportivo. El techo \u00fanico SkyLight asegura una suave luz dentro de la caseta de jard\u00edn durante el d\u00eda. Con la caseta de jard\u00edn de policarbonato, puedes despedirte del desorden y dar la bienvenida al almacenamiento seguro y al orden.<\/p>\n<p>Los innovadores paneles del techo transmiten luz natural dentro de la caseta, para que puedas encontrar todas tus cosas durante el d\u00eda. Adem\u00e1s, el techo SkyLight cuenta con una estructura opaca para garantizar la privacidad y prevenir que da\u00f1inos rayos UV entren en la caseta y da\u00f1en las cosas almacenadas.<\/p>","protected":false},"excerpt":{"rendered":"<p>Dimensiones exteriores al nivel del suelo: 1,75&#215;3,017m Muy dura y duradera, protegida al 100% contra los rayos UV. Paneles de<\/p>","protected":false},"featured_media":25685,"template":"","meta":[],"product_brand":[],"product_cat":[76],"product_tag":[77],"product_country":[1505],"class_list":{"0":"post-7341","1":"product","2":"type-product","3":"status-publish","4":"has-post-thumbnail","6":"product_cat-shed","7":"product_tag-shed","8":"product_country-spain","10":"first","11":"instock","12":"sale","13":"taxable","14":"shipping-taxable","15":"purchasable","16":"product-type-simple"},"_links":{"self":[{"href":"https:\/\/routinesfashione.com\/nl\/wp-json\/wp\/v2\/product\/7341","targetHints":{"allow":["GET"]}}],"collection":[{"href":"https:\/\/routinesfashione.com\/nl\/wp-json\/wp\/v2\/product"}],"about":[{"href":"https:\/\/routinesfashione.com\/nl\/wp-json\/wp\/v2\/types\/product"}],"wp:featuredmedia":[{"embeddable":true,"href":"https:\/\/routinesfashione.com\/nl\/wp-json\/wp\/v2\/media\/25685"}],"wp:attachment":[{"href":"https:\/\/routinesfashione.com\/nl\/wp-json\/wp\/v2\/media?parent=7341"}],"wp:term":[{"taxonomy":"product_brand","embeddable":true,"href":"https:\/\/routinesfashione.com\/nl\/wp-json\/wp\/v2\/product_brand?post=7341"},{"taxonomy":"product_cat","embeddable":true,"href":"https:\/\/routinesfashione.com\/nl\/wp-json\/wp\/v2\/product_cat?post=7341"},{"taxonomy":"product_tag","embeddable":true,"href":"https:\/\/routinesfashione.com\/nl\/wp-json\/wp\/v2\/product_tag?post=7341"},{"taxonomy":"product_country","embeddable":true,"href":"https:\/\/routinesfashione.com\/nl\/wp-json\/wp\/v2\/product_country?post=7341"}],"curies":[{"name":"wp","href":"https:\/\/api.w.org\/{rel}","templated":true}]}}