{"id":7345,"date":"2025-08-09T14:47:43","date_gmt":"2025-08-09T14:47:43","guid":{"rendered":"https:\/\/lightgray-crow-170497.hostingersite.com\/?post_type=product&#038;p=7345"},"modified":"2025-09-30T21:06:25","modified_gmt":"2025-09-30T21:06:25","slug":"darwin-6x8-190x244x221-cm-y-45m2-marron","status":"publish","type":"product","link":"https:\/\/routinesfashione.com\/nl\/produit\/darwin-6x8-190x244x221-cm-y-45m2-marron\/","title":{"rendered":"Darwin 6&#215;8. 190x244x221 cm y 4,5m2 &#8211; Marr\u00f3n"},"content":{"rendered":"<p>Fabricada con nuestro exclusivo material EvotechTM, la caseta de resina para jard\u00edn Darwin 6&#215;8 tiene un elegante aspecto imitaci\u00f3n a madera. El material es de gran resistencia y durabilidad. Fabricada con paneles de doble pared para mayor resistencia, rejillas de ventilaci\u00f3n para facilitar el flujo de aire en el interior, un tragaluz para la iluminaci\u00f3n interior y puertas dobles para un f\u00e1cil acceso con ventanas para gran entrada de luz natural. Todo en una caseta que mantiene tus herramientas y todo los art\u00edculos de tu jard\u00edn seguros y protegidos. La caseta Darwin 6&#215;8, tiene un elegante aspecto imitaci\u00f3n a madera con todas las ventajas de la resina, sin necesidad de mantenimiento y resistente a cualquier climatolog\u00eda. No se pudre, ni se agrieta ni se desgasta<\/p>\n<ul class=\"product-specs__list\" role=\"grid\">\n<li class=\"product-specs__item\" role=\"row\"><span class=\"product-specs__item-title\" role=\"cell\">N\u00famero de ventanas<\/span><span class=\"product-specs__item-value\" role=\"cell\">2<\/span><\/li>\n<li class=\"product-specs__item\" role=\"row\"><span class=\"product-specs__item-title\" role=\"cell\">Colecci\u00f3n<\/span><span class=\"product-specs__item-value\" role=\"cell\">Darwin<\/span><\/li>\n<li class=\"product-specs__item\" role=\"row\"><span class=\"product-specs__item-title\" role=\"cell\">Familia de colores<\/span><span class=\"product-specs__item-value\" role=\"cell\">Marr\u00f3n<\/span><\/li>\n<li class=\"product-specs__item\" role=\"row\"><span class=\"product-specs__item-title\" role=\"cell\">Ancho de entrada<\/span><span class=\"product-specs__item-value\" role=\"cell\">119 cent\u00edmetros<\/span><\/li>\n<li class=\"product-specs__item\" role=\"row\"><span class=\"product-specs__item-title\" role=\"cell\">Profundidad externa<\/span><span class=\"product-specs__item-value\" role=\"cell\">244 cent\u00edmetros<\/span><\/li>\n<li class=\"product-specs__item\" role=\"row\"><span class=\"product-specs__item-title\" role=\"cell\">Tama\u00f1o m\u00ednimo de cimentaci\u00f3n<\/span><span class=\"product-specs__item-value\" role=\"cell\">190 x 244 cm<\/span><\/li>\n<li class=\"product-specs__item\" role=\"row\"><span class=\"product-specs__item-title\" role=\"cell\">Altura exterior<\/span><span class=\"product-specs__item-value\" role=\"cell\">221 cent\u00edmetros<\/span><\/li>\n<li class=\"product-specs__item\" role=\"row\"><span class=\"product-specs__item-title\" role=\"cell\">Anchura externa<\/span><span class=\"product-specs__item-value\" role=\"cell\">190 cent\u00edmetros<\/span><\/li>\n<li class=\"product-specs__item\" role=\"row\"><span class=\"product-specs__item-title\" role=\"cell\">Preparaci\u00f3n necesaria<\/span><span class=\"product-specs__item-value\" role=\"cell\">S\u00ed<\/span><\/li>\n<li class=\"product-specs__item\" role=\"row\"><span class=\"product-specs__item-title\" role=\"cell\">Peso del env\u00edo<\/span><span class=\"product-specs__item-value\" role=\"cell\">102 kilogramos<\/span><\/li>\n<li class=\"product-specs__item\" role=\"row\"><span class=\"product-specs__item-title\" role=\"cell\">Profundidad interna<\/span><span class=\"product-specs__item-value\" role=\"cell\">234 cent\u00edmetros<\/span><\/li>\n<li class=\"product-specs__item\" role=\"row\"><span class=\"product-specs__item-title\" role=\"cell\">Altura interior<\/span><span class=\"product-specs__item-value\" role=\"cell\">212 cent\u00edmetros<\/span><\/li>\n<li class=\"product-specs__item\" role=\"row\"><span class=\"product-specs__item-title\" role=\"cell\">Anchura interna<\/span><span class=\"product-specs__item-value\" role=\"cell\">174 cent\u00edmetros<\/span><\/li>\n<\/ul>","protected":false},"excerpt":{"rendered":"<p>Fabricada con nuestro exclusivo material EvotechTM, la caseta de resina para jard\u00edn Darwin 6&#215;8 tiene un elegante aspecto imitaci\u00f3n a<\/p>","protected":false},"featured_media":18711,"template":"","meta":[],"product_brand":[],"product_cat":[76],"product_tag":[77],"product_country":[1505],"class_list":{"0":"post-7345","1":"product","2":"type-product","3":"status-publish","4":"has-post-thumbnail","6":"product_cat-shed","7":"product_tag-shed","8":"product_country-spain","10":"first","11":"instock","12":"sale","13":"taxable","14":"shipping-taxable","15":"purchasable","16":"product-type-simple"},"_links":{"self":[{"href":"https:\/\/routinesfashione.com\/nl\/wp-json\/wp\/v2\/product\/7345","targetHints":{"allow":["GET"]}}],"collection":[{"href":"https:\/\/routinesfashione.com\/nl\/wp-json\/wp\/v2\/product"}],"about":[{"href":"https:\/\/routinesfashione.com\/nl\/wp-json\/wp\/v2\/types\/product"}],"wp:featuredmedia":[{"embeddable":true,"href":"https:\/\/routinesfashione.com\/nl\/wp-json\/wp\/v2\/media\/18711"}],"wp:attachment":[{"href":"https:\/\/routinesfashione.com\/nl\/wp-json\/wp\/v2\/media?parent=7345"}],"wp:term":[{"taxonomy":"product_brand","embeddable":true,"href":"https:\/\/routinesfashione.com\/nl\/wp-json\/wp\/v2\/product_brand?post=7345"},{"taxonomy":"product_cat","embeddable":true,"href":"https:\/\/routinesfashione.com\/nl\/wp-json\/wp\/v2\/product_cat?post=7345"},{"taxonomy":"product_tag","embeddable":true,"href":"https:\/\/routinesfashione.com\/nl\/wp-json\/wp\/v2\/product_tag?post=7345"},{"taxonomy":"product_country","embeddable":true,"href":"https:\/\/routinesfashione.com\/nl\/wp-json\/wp\/v2\/product_country?post=7345"}],"curies":[{"name":"wp","href":"https:\/\/api.w.org\/{rel}","templated":true}]}}