{"id":7351,"date":"2025-08-09T14:53:06","date_gmt":"2025-08-09T14:53:06","guid":{"rendered":"https:\/\/lightgray-crow-170497.hostingersite.com\/?post_type=product&#038;p=7351"},"modified":"2025-09-30T21:06:26","modified_gmt":"2025-09-30T21:06:26","slug":"cobertizo-de-exterior-sio-ultra-177x113x134-cm-y-2000l-marron","status":"publish","type":"product","link":"https:\/\/routinesfashione.com\/nl\/produit\/cobertizo-de-exterior-sio-ultra-177x113x134-cm-y-2000l-marron\/","title":{"rendered":"Cobertizo de exterior SIO Ultra &#8211; 177x113x134 cm y 2000L &#8211; Marr\u00f3n"},"content":{"rendered":"<p><span dir=\"auto\">El cobertizo para herramientas Store-It-Out Ultra ofrece f\u00e1cil acceso gracias a su tapa integrada con pist\u00f3n. La posibilidad de organizar el interior con estantes ajustables ofrece una soluci\u00f3n de almacenamiento flexible. Los orificios de ventilaci\u00f3n ayudan a mantener el interior fresco, mientras que el suelo incluido protege las herramientas de la humedad y la suciedad. El cierre proporciona mayor seguridad. Con este cobertizo para herramientas, no solo obtiene un sistema de almacenamiento eficiente, sino tambi\u00e9n una soluci\u00f3n vers\u00e1til y segura para mantener su espacio exterior organizado y protegido.<\/span><\/p>\n<h2 class=\"subheading-desc\"><span dir=\"auto\">Caracter\u00edsticas t\u00e9cnicas<\/span><\/h2>\n<ul>\n<li><span dir=\"auto\">Material: resina efecto madera<\/span><\/li>\n<li><span dir=\"auto\">Dimensiones: 177x113x134h cm<\/span><\/li>\n<li><span dir=\"auto\">Estructura interna: geometr\u00eda de panal para una resistencia duradera<\/span><\/li>\n<li><span dir=\"auto\">Capacidad: 1200L<\/span><\/li>\n<li><span dir=\"auto\">Posibilidad de organizar el espacio interior con estanter\u00edas.<\/span><\/li>\n<li><span dir=\"auto\">Tapa equipada con pistones autom\u00e1ticos para f\u00e1cil apertura y cierre.<\/span><\/li>\n<li><span dir=\"auto\">Piso con rampa para f\u00e1cil acceso a contenedores y bicicletas.<\/span><\/li>\n<li><span dir=\"auto\">Cierre con cerradura para mayor seguridad.<\/span><\/li>\n<li><span dir=\"auto\">F\u00e1cil de montar<\/span><\/li>\n<li><span dir=\"auto\">Resistente a los rayos UV y a la intemperie<\/span><\/li>\n<\/ul>","protected":false},"excerpt":{"rendered":"<p>El cobertizo para herramientas Store-It-Out Ultra ofrece f\u00e1cil acceso gracias a su tapa integrada con pist\u00f3n. La posibilidad de organizar<\/p>","protected":false},"featured_media":18716,"template":"","meta":[],"product_brand":[],"product_cat":[76],"product_tag":[77],"product_country":[1505],"class_list":{"0":"post-7351","1":"product","2":"type-product","3":"status-publish","4":"has-post-thumbnail","6":"product_cat-shed","7":"product_tag-shed","8":"product_country-spain","10":"first","11":"instock","12":"sale","13":"taxable","14":"shipping-taxable","15":"purchasable","16":"product-type-simple"},"_links":{"self":[{"href":"https:\/\/routinesfashione.com\/nl\/wp-json\/wp\/v2\/product\/7351","targetHints":{"allow":["GET"]}}],"collection":[{"href":"https:\/\/routinesfashione.com\/nl\/wp-json\/wp\/v2\/product"}],"about":[{"href":"https:\/\/routinesfashione.com\/nl\/wp-json\/wp\/v2\/types\/product"}],"wp:featuredmedia":[{"embeddable":true,"href":"https:\/\/routinesfashione.com\/nl\/wp-json\/wp\/v2\/media\/18716"}],"wp:attachment":[{"href":"https:\/\/routinesfashione.com\/nl\/wp-json\/wp\/v2\/media?parent=7351"}],"wp:term":[{"taxonomy":"product_brand","embeddable":true,"href":"https:\/\/routinesfashione.com\/nl\/wp-json\/wp\/v2\/product_brand?post=7351"},{"taxonomy":"product_cat","embeddable":true,"href":"https:\/\/routinesfashione.com\/nl\/wp-json\/wp\/v2\/product_cat?post=7351"},{"taxonomy":"product_tag","embeddable":true,"href":"https:\/\/routinesfashione.com\/nl\/wp-json\/wp\/v2\/product_tag?post=7351"},{"taxonomy":"product_country","embeddable":true,"href":"https:\/\/routinesfashione.com\/nl\/wp-json\/wp\/v2\/product_country?post=7351"}],"curies":[{"name":"wp","href":"https:\/\/api.w.org\/{rel}","templated":true}]}}