{"id":7466,"date":"2025-09-30T20:11:35","date_gmt":"2025-09-30T20:11:35","guid":{"rendered":"https:\/\/lightgray-crow-170497.hostingersite.com\/?post_type=product&#038;p=7466"},"modified":"2025-09-30T21:06:34","modified_gmt":"2025-09-30T21:06:34","slug":"holzpellets-standard-975-kg","status":"publish","type":"product","link":"https:\/\/routinesfashione.com\/nl\/produit\/holzpellets-standard-975-kg\/","title":{"rendered":"Holzpellets Standard 975 kg"},"content":{"rendered":"<div class=\"std\">\n<div class=\"std\">\n<div class=\"std\">\n<div class=\"std\">\n<div class=\"std\">\n<div class=\"std\">\n<div class=\"std\">\n<div class=\"std\">\n<div class=\"std\">\n<div class=\"std\">\n<div class=\"std\">\n<div class=\"tabs-group product-collateral\">\n<div class=\"row\">\n<div class=\"col-lg-12 col-md-9 col-sm-12 col-xs-12\">\n<div id=\"tab-description\" class=\"tab-content box-description\">\n<div class=\"std\">\n<div class=\"std\">\n<p>Holzpellets Standard 975 kg<\/p>\n<p>Holzpellets in guter Qualit\u00e4t, verpackt auf Paletten \u00e0 ca. 975 kg.<\/p>\n<p>Diese Holzpellets haben ziemlich hohen Brennwert und ganz wenig Aschegehalt.<\/p>\n<p>Die Pellets sind je 15 Kilo Sack verpackt.<\/p>\n<p>Die Farbe von Granulat ist das Ergebnis der Verwendung f\u00fcr die Herstellung von Material ausschlie\u00dflich aus den Kieferb\u00e4umen.<\/p>\n<p>Keine Zusatzstoffe und Bindemittel, 100% umweltfreundliches Naturprodukt, CO2 neutral.<\/p>\n<p><strong>Rohstoff: Kiefer;<\/strong><\/p>\n<p><strong>Brennwert: min. 4,9 kWh\/kg (=20,5 MJ im trockenen Zustand);<\/strong><\/p>\n<p><strong>Aschegehalt: max 0,3%;<\/strong><\/p>\n<p><strong>Restfeuchte: max 6,8%;<\/strong><\/p>\n<p>Verpackt: 65 Sack a 15 kg = 975 kg;<\/p>\n<p>Bitte beachten Sie unsere <a title=\"Lieferbedingungen\" href=\"https:\/\/anreut.de\/lieferbedingungen\/\" target=\"_blank\" rel=\"noopener\">Lieferbedingungen<\/a>.<br \/> Bitte beachten Sie, dass wir gegen eine geringe <a title=\"Lieferkosten\" href=\"https:\/\/anreut.de\/lieferung\" target=\"_blank\" rel=\"noopener\">Pauschale<\/a> liefern k\u00f6nnen.<\/p>\n<\/p>\n<\/div>\n<\/div>\n<\/div>\n<\/div>\n<\/div>\n<\/div>\n<\/div>\n<\/div>\n<\/div>\n<\/div>\n<\/div>\n<\/div>\n<\/div>\n<\/div>\n<\/div>\n<\/div>\n<\/div>","protected":false},"excerpt":{"rendered":"<table style=\"height: 95px\" width=\"304\">\n<tbody>\n<tr>\n<td width=\"20px\"><img loading=\"lazy\" decoding=\"async\" class=\"alignnone wp-image-1203\" src=\"https:\/\/anreut.de\/wp-content\/uploads\/gewicht.svg\" alt=\"\" width=\"20\" height=\"20\" \/><\/td>\n<td>Nettogewicht: 975 kg<\/td>\n<\/tr>\n<tr>\n<td><img loading=\"lazy\" decoding=\"async\" class=\"alignnone wp-image-1202\" src=\"https:\/\/anreut.de\/wp-content\/uploads\/ruler.svg\" alt=\"\" width=\"20\" height=\"20\" \/><\/td>\n<td>Abmessung: 6mm, Sackware je 15 kg<\/td>\n<\/tr>\n<tr>\n<td><a href=\"https:\/\/anreut.de\/wp-content\/uploads\/euro.svg\"><img loading=\"lazy\" decoding=\"async\" class=\"alignnone wp-image-1337\" src=\"https:\/\/anreut.de\/wp-content\/uploads\/euro.svg\" alt=\"\" width=\"20\" height=\"20\" \/><\/a><\/td>\n<td>Preis pro kg 0,308 \u20ac<\/td>\n<\/tr>\n<\/tbody>\n<\/table>","protected":false},"featured_media":7467,"template":"","meta":[],"product_brand":[],"product_cat":[15],"product_tag":[],"product_country":[1501],"class_list":{"0":"post-7466","1":"product","2":"type-product","3":"status-publish","4":"has-post-thumbnail","6":"product_cat-non-classe","7":"product_country-germany","9":"first","10":"instock","11":"sale","12":"taxable","13":"shipping-taxable","14":"purchasable","15":"product-type-simple"},"_links":{"self":[{"href":"https:\/\/routinesfashione.com\/nl\/wp-json\/wp\/v2\/product\/7466","targetHints":{"allow":["GET"]}}],"collection":[{"href":"https:\/\/routinesfashione.com\/nl\/wp-json\/wp\/v2\/product"}],"about":[{"href":"https:\/\/routinesfashione.com\/nl\/wp-json\/wp\/v2\/types\/product"}],"wp:featuredmedia":[{"embeddable":true,"href":"https:\/\/routinesfashione.com\/nl\/wp-json\/wp\/v2\/media\/7467"}],"wp:attachment":[{"href":"https:\/\/routinesfashione.com\/nl\/wp-json\/wp\/v2\/media?parent=7466"}],"wp:term":[{"taxonomy":"product_brand","embeddable":true,"href":"https:\/\/routinesfashione.com\/nl\/wp-json\/wp\/v2\/product_brand?post=7466"},{"taxonomy":"product_cat","embeddable":true,"href":"https:\/\/routinesfashione.com\/nl\/wp-json\/wp\/v2\/product_cat?post=7466"},{"taxonomy":"product_tag","embeddable":true,"href":"https:\/\/routinesfashione.com\/nl\/wp-json\/wp\/v2\/product_tag?post=7466"},{"taxonomy":"product_country","embeddable":true,"href":"https:\/\/routinesfashione.com\/nl\/wp-json\/wp\/v2\/product_country?post=7466"}],"curies":[{"name":"wp","href":"https:\/\/api.w.org\/{rel}","templated":true}]}}