{"id":7476,"date":"2025-09-30T20:11:34","date_gmt":"2025-09-30T20:11:34","guid":{"rendered":"https:\/\/lightgray-crow-170497.hostingersite.com\/?post_type=product&#038;p=7476"},"modified":"2025-09-30T21:06:36","modified_gmt":"2025-09-30T21:06:36","slug":"hartholzbriketts-pinikay-480kg-65-cm-x-65-cm-x-25-cm","status":"publish","type":"product","link":"https:\/\/routinesfashione.com\/nl\/produit\/hartholzbriketts-pinikay-480kg-65-cm-x-65-cm-x-25-cm\/","title":{"rendered":"Hartholzbriketts \u201cPini&#038;Kay\u201d 480kg (6,5 cm X 6,5 cm X 25 cm)"},"content":{"rendered":"<div class=\"std\">\n<div class=\"std\">\n<div class=\"std\">\n<div class=\"std\">\n<div class=\"std\">\n<div class=\"std\">\n<div class=\"std\">\n<div class=\"std\">\n<div class=\"std\">\n<p>Hartholzbriketts \u201cPini&#038;Kay\u201d 480kg<br \/> (6,5 cm X 6,5 cm X 25 cm)<\/p>\n<p>Material: Buche\/Eiche<br \/> Form: Pini &#038; Kay, achteckig mit Loch<br \/> Abmessung: \u00d8 7cm x 21-25m (6\u00d76 cm)<br \/> Ascheanfall: 0,5 \u2013 0,7 %<br \/> Flammdauer: ca. 1,5 \u2013 2 Stunden<br \/> Glutdauer: ca. 2,5 \u2013 3 Stunden<br \/> Heizwert: ca. 5-5,3 kWh\/kg<br \/> Abpackung: Schrumpffolie<br \/> Paketabmessung: 18 x 24 x 25-33 cm<br \/> St\u00fcck pro Einzelpaket: 12 St\u00fcck<br \/> Gewicht pro Paket: 10 kg<br \/> Menge pro Palette: 48 St. x 10kg (halbe Palette)<br \/> Palettenma\u00df (LxBxH): ca. 120cm x ca. 120cm x ca. 100cm<br \/> Palettengewicht: 480kg netto<\/p>\n<p>Diese Briketts sind f\u00fcr Kamin, Ofen und Grill bestens geeignet.<\/p>\n<p>Die \u00d6ko-Briketts mit dem Zugloch brennen l\u00e4nger und gleichm\u00e4\u00dfiger, es entstehen deutlich weniger Feuerfunken, als bei den Briketts ohne Zugloch!<\/p>\n<p>Unsere Briketts sind 100 % \u00d6ko aus Buche und Eiche, ohne sonstige Zusatzstoffe.<\/p>\n<p>Unsere Bucheholzbriketts sind echte Platzsparer, leicht stapelbar und sehr sauber.<\/p>\n<p>Briketts sind nicht zur Lagerung im Freien geeignet.<\/p>\n<p>Die Einwegpalette ist kostenlos und wird mitgeliefert. Die Einwegpalette kann nur bei der folgenden Bestellung mitgenommen werden.<\/p>\n<p>Bitte beachten Sie, dass wir gegen eine\u00a0<a title=\"Lieferkosten\" href=\"https:\/\/anreut.de\/lieferung\" target=\"_blank\" rel=\"noopener\">Pauschale<\/a>\u00a0bis zu 6 kleinen Paletten auf einmal\u00a0liefern k\u00f6nnen.<br \/> Bitte beachten Sie unsere\u00a0<a title=\"Lieferbedingungen\" href=\"https:\/\/anreut.de\/lieferbedingungen\/\" target=\"_blank\" rel=\"noopener\">Lieferbedingungen<\/a>.<\/p>\n<\/p>\n<\/div>\n<\/div>\n<\/div>\n<\/div>\n<\/div>\n<\/div>\n<\/div>\n<\/div>\n<\/div>","protected":false},"excerpt":{"rendered":"<table>\n<tbody>\n<tr>\n<td><img loading=\"lazy\" decoding=\"async\" class=\"alignnone wp-image-1183\" src=\"https:\/\/anreut.de\/wp-content\/uploads\/fire.svg\" alt=\"\" width=\"20\" height=\"20\" \/><\/td>\n<td>Heizwert: ca. 5,2 kWh\/kg<\/td>\n<\/tr>\n<tr>\n<td><img loading=\"lazy\" decoding=\"async\" class=\"alignnone wp-image-1203\" src=\"https:\/\/anreut.de\/wp-content\/uploads\/gewicht.svg\" alt=\"\" width=\"20\" height=\"20\" \/><\/td>\n<td>Nettogewicht: 480 kg<\/td>\n<\/tr>\n<tr>\n<td><img loading=\"lazy\" decoding=\"async\" class=\"alignnone wp-image-1202\" src=\"https:\/\/anreut.de\/wp-content\/uploads\/ruler.svg\" alt=\"\" width=\"20\" height=\"20\" \/><\/td>\n<td>Abmessung: \u00d8 7 cm x 21-25 cm<\/td>\n<\/tr>\n<tr>\n<td><a href=\"https:\/\/anreut.de\/wp-content\/uploads\/euro.svg\"><img loading=\"lazy\" decoding=\"async\" class=\"alignnone wp-image-1337\" src=\"https:\/\/anreut.de\/wp-content\/uploads\/euro.svg\" alt=\"\" width=\"20\" height=\"20\" \/><\/a><\/td>\n<td>Preis pro kg: 0,365 \u20ac<\/td>\n<\/tr>\n<\/tbody>\n<\/table>\n<p>\u00a0<\/p>","protected":false},"featured_media":7477,"template":"","meta":[],"product_brand":[],"product_cat":[25],"product_tag":[45],"product_country":[1501],"class_list":{"0":"post-7476","1":"product","2":"type-product","3":"status-publish","4":"has-post-thumbnail","6":"product_cat-holzbriketts","7":"product_tag-pinikay-480-kg","8":"product_country-germany","10":"first","11":"instock","12":"sale","13":"taxable","14":"shipping-taxable","15":"purchasable","16":"product-type-simple"},"_links":{"self":[{"href":"https:\/\/routinesfashione.com\/nl\/wp-json\/wp\/v2\/product\/7476","targetHints":{"allow":["GET"]}}],"collection":[{"href":"https:\/\/routinesfashione.com\/nl\/wp-json\/wp\/v2\/product"}],"about":[{"href":"https:\/\/routinesfashione.com\/nl\/wp-json\/wp\/v2\/types\/product"}],"wp:featuredmedia":[{"embeddable":true,"href":"https:\/\/routinesfashione.com\/nl\/wp-json\/wp\/v2\/media\/7477"}],"wp:attachment":[{"href":"https:\/\/routinesfashione.com\/nl\/wp-json\/wp\/v2\/media?parent=7476"}],"wp:term":[{"taxonomy":"product_brand","embeddable":true,"href":"https:\/\/routinesfashione.com\/nl\/wp-json\/wp\/v2\/product_brand?post=7476"},{"taxonomy":"product_cat","embeddable":true,"href":"https:\/\/routinesfashione.com\/nl\/wp-json\/wp\/v2\/product_cat?post=7476"},{"taxonomy":"product_tag","embeddable":true,"href":"https:\/\/routinesfashione.com\/nl\/wp-json\/wp\/v2\/product_tag?post=7476"},{"taxonomy":"product_country","embeddable":true,"href":"https:\/\/routinesfashione.com\/nl\/wp-json\/wp\/v2\/product_country?post=7476"}],"curies":[{"name":"wp","href":"https:\/\/api.w.org\/{rel}","templated":true}]}}