{"id":7505,"date":"2025-08-09T17:09:38","date_gmt":"2025-08-09T17:09:38","guid":{"rendered":"https:\/\/lightgray-crow-170497.hostingersite.com\/?post_type=product&#038;p=7505"},"modified":"2025-09-30T21:06:40","modified_gmt":"2025-09-30T21:06:40","slug":"outsunny-cobertizo-de-jardin-25m%c2%b2-con-base-de-refuerzo-sin-suelo-213x130x185-cm-caseta-de-jardin-exterior-con-2-puertas-correderas-y-4-ventanas-para-almacenamiento-de-herramientas-marron","status":"publish","type":"product","link":"https:\/\/routinesfashione.com\/nl\/produit\/outsunny-cobertizo-de-jardin-25m%c2%b2-con-base-de-refuerzo-sin-suelo-213x130x185-cm-caseta-de-jardin-exterior-con-2-puertas-correderas-y-4-ventanas-para-almacenamiento-de-herramientas-marron\/","title":{"rendered":"Outsunny Cobertizo de Jard\u00edn 2,5m\u00b2 con Base de Refuerzo Sin Suelo 213x130x185 cm Caseta de Jard\u00edn Exterior con 2 Puertas Correderas y 4 Ventanas para Almacenamiento de Herramientas Marr\u00f3n"},"content":{"rendered":"<p>A\u00f1ade espacio de almacenaje con este cobertizo de jard\u00edn de Outsunny. Este cobertizo de exterior es ideal para tener en tu jard\u00edn o terraza, para almacenar herramientas, utensilios de jardiner\u00eda y m\u00e1s. Una caseta de acero tiene distintas ventajas en comparaci\u00f3n con las de madera, no se pudre con la humedad ni el paso del tiempo, es ign\u00edfuga y no requiere apenas mantenimiento. Gracias a su estructura galvanizada, los respiraderos y la base de refuerzo, tendr\u00e1s cobertizo garantizado por a\u00f1os. Caracter\u00edsticas: Sirve como cobertizo para herramientas, para bicicletas, para generadores o para guardar el cortac\u00e9sped Caseta de jard\u00edn con amplio espacio de almacenamiento para herramientas de jard\u00edn, equipos para el cuidado del c\u00e9sped, suministros y m\u00e1s Construido con acero galvanizado El techo inclinado evita la humedad y acumulaci\u00f3n de agua Puertas correderas dobles para un f\u00e1cil acceso y ahorro de espacio Cuatro rejillas de ventilaci\u00f3n para mayor ventilaci\u00f3n y dejar pasar la luz del d\u00eda Este cobertizo de jard\u00edn exterior requiere montaje Especificaciones: Color: marr\u00f3n Material: acero galvanizado Medidas totales: 213x130x185 cm (LxANxAL) Medidas interiores: 203x117x185 cm (LxANxAL) Medidas de la puerta: 96\u00d7152 cm (LxAL) Medidas del respiradero: 21,8\u00d79,8 cm (LxAN) Referencia: 845-030V00BN Importante: Este producto se env\u00eda por separado en diferentes cajas, por lo tanto, el tiempo de entrega puede ser distinto en cada una. Cantidad de caja: 2<\/p>","protected":false},"excerpt":{"rendered":"<p>A\u00f1ade espacio de almacenaje con este cobertizo de jard\u00edn de Outsunny. Este cobertizo de exterior es ideal para tener en<\/p>","protected":false},"featured_media":18847,"template":"","meta":[],"product_brand":[],"product_cat":[76],"product_tag":[77],"product_country":[1505],"class_list":{"0":"post-7505","1":"product","2":"type-product","3":"status-publish","4":"has-post-thumbnail","6":"product_cat-shed","7":"product_tag-shed","8":"product_country-spain","10":"first","11":"instock","12":"sale","13":"taxable","14":"shipping-taxable","15":"purchasable","16":"product-type-simple"},"_links":{"self":[{"href":"https:\/\/routinesfashione.com\/nl\/wp-json\/wp\/v2\/product\/7505","targetHints":{"allow":["GET"]}}],"collection":[{"href":"https:\/\/routinesfashione.com\/nl\/wp-json\/wp\/v2\/product"}],"about":[{"href":"https:\/\/routinesfashione.com\/nl\/wp-json\/wp\/v2\/types\/product"}],"wp:featuredmedia":[{"embeddable":true,"href":"https:\/\/routinesfashione.com\/nl\/wp-json\/wp\/v2\/media\/18847"}],"wp:attachment":[{"href":"https:\/\/routinesfashione.com\/nl\/wp-json\/wp\/v2\/media?parent=7505"}],"wp:term":[{"taxonomy":"product_brand","embeddable":true,"href":"https:\/\/routinesfashione.com\/nl\/wp-json\/wp\/v2\/product_brand?post=7505"},{"taxonomy":"product_cat","embeddable":true,"href":"https:\/\/routinesfashione.com\/nl\/wp-json\/wp\/v2\/product_cat?post=7505"},{"taxonomy":"product_tag","embeddable":true,"href":"https:\/\/routinesfashione.com\/nl\/wp-json\/wp\/v2\/product_tag?post=7505"},{"taxonomy":"product_country","embeddable":true,"href":"https:\/\/routinesfashione.com\/nl\/wp-json\/wp\/v2\/product_country?post=7505"}],"curies":[{"name":"wp","href":"https:\/\/api.w.org\/{rel}","templated":true}]}}