{"id":756,"date":"2025-09-30T20:13:45","date_gmt":"2025-09-30T20:13:45","guid":{"rendered":"https:\/\/lightgray-crow-170497.hostingersite.com\/?post_type=product&#038;p=756"},"modified":"2025-09-30T21:01:45","modified_gmt":"2025-09-30T21:01:45","slug":"rancilio-silvia-e","status":"publish","type":"product","link":"https:\/\/routinesfashione.com\/nl\/produit\/rancilio-silvia-e\/","title":{"rendered":"Rancilio Silvia E"},"content":{"rendered":"<div class=\"cms-section pos-3 cms-section-default\">\n<div class=\"cms-section-default boxed\">\n<div class=\"cms-block pos-0 cms-block-product-description-reviews\">\n<div class=\"cms-block-container\">\n<div class=\"cms-block-container-row row cms-row\">\n<div class=\"col-12\" data-cms-element-id=\"27d30f400e2145deabceb5e29bc9a774\">\n<div class=\"product-detail-tabs cms-element-product-description-reviews\">\n<div class=\"card card-tabs\">\n<div class=\"product-detail-tabs-content card-body\">\n<div class=\"tab-content\">\n<div id=\"description-tab-9f396da27b3e4f3e85e227d9dcefb62f-pane\" class=\"tab-pane fade show active\" role=\"tabpanel\" aria-labelledby=\"description-tab-9f396da27b3e4f3e85e227d9dcefb62f\">\n<div class=\"offcanvas-header\"><\/div>\n<div class=\"offcanvas-body\">\n<div class=\"product-detail-description tab-pane-container\">\n<div class=\"product-detail-description-text\">\n<h2>Rancilio Silvia E V6 \u2013 Espressomaschine, Edelstahl matt<\/h2>\n<p>Die Espressomaschine ist eine Einkreiser Siebtr\u00e4germaschine im kompakten Design. Mit dem gut isolierten Messingkessel, der Vibrationspumpe, einer sehr guten Dampffunktion, hat die Espressomaschine alle wichtigen Bauteile verbaut. Das Design der halbautomatischen Kaffeemaschine ist schlicht und kompakt, ideal auch f\u00fcr ihre kleine Barista K\u00fcche. Als Einkreiser hat die Espressomaschine eine kurze Aufheizzeit. Der Wassertank (2,5 Liter) ist nach oben entnehmbar und zu bef\u00fcllen. Genie\u00dfen sie einen Espresso, Cappuccino oder Latte Macchiato \u2013 mit der Rancilio Silvia E ist dies jederzeit m\u00f6glich!<\/p>\n<ul>\n<li>kompakte Einkreiser Siebtr\u00e4germaschine<\/li>\n<li>einfache Bedienung mit Kippschaltern<\/li>\n<li>professionelle Br\u00fchgruppe mit Siebtr\u00e4gerhalterung<\/li>\n<li>bewegliche Dampflanze zum Aufsch\u00e4umen von Milch<\/li>\n<li>Pumpe: Vibrationspumpe, 16 bar<\/li>\n<li>Robuster Messingkessel: 0,3 Liter<\/li>\n<li>Hei\u00dfwasser und Dampffunktion<\/li>\n<li>Wassertank nach oben entnehmbar (2,5 Liter)<\/li>\n<li>mit dem innovativen ECO Modus<\/li>\n<li>Farbe: Edelstahl matt<\/li>\n<\/ul>\n<h3>Kompaktes Einsteigermodell mit hoher Verarbeitung und besten Bauteilen<\/h3>\n<p>Die Rancilio Silvia ist eine tolle Espressomaschine mit einer einfachen Bedienung (Kippschalter) und der gewohnt hohen Rancilio Qualit\u00e4t. Mit den besten Bauteilen ist die Espressomaschine perfekt abgestimmt. Br\u00fchen sie einen leckeren Espresso oder sch\u00e4umen sie anschlie\u00dfend Milch oder Milchalternativen auf f\u00fcr einen Cappuccino oder Latte Macchiato.<\/p>\n<h3>Rancilio Silvia E \u2013 Ein kompakter Einkreiser f\u00fcr den perfekten Espressogenuss<\/h3>\n<p>Die Siebtr\u00e4germaschine hat neben ihren Bauteilen auch sinnvolle Funktionen wie den innovativen Eco Modus. Die Maschine schaltet sich nach 30 Minuten Inaktivit\u00e4t ab und hat einen sehr geringen Verbrauch im Standby Modus. Mit den Kippschaltern l\u00e4sst sich die Dampffunktion und Wasser einschalten und mit dem Drehrad l\u00e4sst sich die Dampfmenge regulieren. Der Wassertank hat ein Fassungsverm\u00f6gen von 2,5 Liter. Im Lieferumfang enthalten ist: 1 Siebtr\u00e4ger mit 2er Auslauf, Tassensieb f\u00fcr 1 Tasse (7g) und 2 Tassen (14g), Blindsieb, Messl\u00f6ffel und einem Tamper f\u00fcr 58mm Siebtr\u00e4ger.<\/p>\n<\/p>\n<\/div>\n<\/div>\n<\/div>\n<\/div>\n<\/div>\n<\/div>\n<\/div>\n<\/div>\n<\/div>\n<\/div>\n<\/div>\n<\/div>\n<\/div>\n<\/div>\n<p>\u00a0<\/p>\n<h2>Spezifikationen<\/h2>\n<table class=\"table table-striped product-detail-properties-table\">\n<tbody>\n<tr class=\"properties-row\">\n<th class=\"properties-label\">Farbe<\/th>\n<td class=\"properties-value\">Edelstahl matt, Schwarz<\/td>\n<\/tr>\n<tr class=\"properties-row\">\n<th class=\"properties-label\">Anzahl Br\u00fchgruppen<\/th>\n<td class=\"properties-value\">1<\/td>\n<\/tr>\n<tr class=\"properties-row\">\n<th class=\"properties-label\">Aufheizzeit (Minuten)<\/th>\n<td class=\"properties-value\">\u00fcber 7 Minuten<\/td>\n<\/tr>\n<tr class=\"properties-row\">\n<th class=\"properties-label\">Bauart<\/th>\n<td class=\"properties-value\">Einkreiser<\/td>\n<\/tr>\n<tr class=\"properties-row\">\n<th class=\"properties-label\">Br\u00fchgruppe<\/th>\n<td class=\"properties-value\">generisch<\/td>\n<\/tr>\n<tr class=\"properties-row\">\n<th class=\"properties-label\">Br\u00fchgruppe E61<\/th>\n<td class=\"properties-value\">Nein<\/td>\n<\/tr>\n<tr class=\"properties-row\">\n<th class=\"properties-label\">Br\u00fchtemperatur steuerbar<\/th>\n<td class=\"properties-value\">Nein<\/td>\n<\/tr>\n<tr class=\"properties-row\">\n<th class=\"properties-label\">Br\u00fchwassererw\u00e4rmung<\/th>\n<td class=\"properties-value\">Kessel<\/td>\n<\/tr>\n<tr class=\"properties-row\">\n<th class=\"properties-label\">Festwasseranschluss<\/th>\n<td class=\"properties-value\">Nein<\/td>\n<\/tr>\n<tr class=\"properties-row\">\n<th class=\"properties-label\">Kesselmaterial<\/th>\n<td class=\"properties-value\">Messing<\/td>\n<\/tr>\n<tr class=\"properties-row\">\n<th class=\"properties-label\">Manometer<\/th>\n<td class=\"properties-value\">Kein<\/td>\n<\/tr>\n<tr class=\"properties-row\">\n<th class=\"properties-label\">Pumpentyp<\/th>\n<td class=\"properties-value\">Vibrationspumpe<\/td>\n<\/tr>\n<tr class=\"properties-row\">\n<th class=\"properties-label\">Siebtr\u00e4gerdurchmesser<\/th>\n<td class=\"properties-value\">58mm<\/td>\n<\/tr>\n<tr class=\"properties-row\">\n<th class=\"properties-label\">Tassenw\u00e4rmer<\/th>\n<td class=\"properties-value\">Ja<\/td>\n<\/tr>\n<\/tbody>\n<\/table>","protected":false},"excerpt":{"rendered":"<ul>\n<li>Ma\u00dfe: (BxHxT) 29x34x23,5 cm<\/li>\n<li>Ger\u00e4tegewicht: 14 kg<\/li>\n<li>Leistung: 1100 W<\/li>\n<li>Spannung: 220-230 V<\/li>\n<li>Netzfrequenz: 50\/60 Hz<\/li>\n<li>mit Netzstecker<\/li>\n<\/ul>","protected":false},"featured_media":757,"template":"","meta":[],"product_brand":[],"product_cat":[29],"product_tag":[],"product_country":[1501],"class_list":{"0":"post-756","1":"product","2":"type-product","3":"status-publish","4":"has-post-thumbnail","6":"product_cat-espressomaschinen","7":"product_country-germany","9":"first","10":"instock","11":"sale","12":"taxable","13":"shipping-taxable","14":"purchasable","15":"product-type-simple"},"_links":{"self":[{"href":"https:\/\/routinesfashione.com\/nl\/wp-json\/wp\/v2\/product\/756","targetHints":{"allow":["GET"]}}],"collection":[{"href":"https:\/\/routinesfashione.com\/nl\/wp-json\/wp\/v2\/product"}],"about":[{"href":"https:\/\/routinesfashione.com\/nl\/wp-json\/wp\/v2\/types\/product"}],"wp:featuredmedia":[{"embeddable":true,"href":"https:\/\/routinesfashione.com\/nl\/wp-json\/wp\/v2\/media\/757"}],"wp:attachment":[{"href":"https:\/\/routinesfashione.com\/nl\/wp-json\/wp\/v2\/media?parent=756"}],"wp:term":[{"taxonomy":"product_brand","embeddable":true,"href":"https:\/\/routinesfashione.com\/nl\/wp-json\/wp\/v2\/product_brand?post=756"},{"taxonomy":"product_cat","embeddable":true,"href":"https:\/\/routinesfashione.com\/nl\/wp-json\/wp\/v2\/product_cat?post=756"},{"taxonomy":"product_tag","embeddable":true,"href":"https:\/\/routinesfashione.com\/nl\/wp-json\/wp\/v2\/product_tag?post=756"},{"taxonomy":"product_country","embeddable":true,"href":"https:\/\/routinesfashione.com\/nl\/wp-json\/wp\/v2\/product_country?post=756"}],"curies":[{"name":"wp","href":"https:\/\/api.w.org\/{rel}","templated":true}]}}