{"id":7576,"date":"2025-08-09T17:25:26","date_gmt":"2025-08-09T17:25:26","guid":{"rendered":"https:\/\/lightgray-crow-170497.hostingersite.com\/?post_type=product&#038;p=7576"},"modified":"2025-09-30T21:06:44","modified_gmt":"2025-09-30T21:06:44","slug":"outsunny-caseta-de-jardin-213x130x172-cm","status":"publish","type":"product","link":"https:\/\/routinesfashione.com\/nl\/produit\/outsunny-caseta-de-jardin-213x130x172-cm\/","title":{"rendered":"Outsunny Caseta de Jard\u00edn 213x130x172 cm"},"content":{"rendered":"<h1 class=\"a-size-base-plus a-text-bold\">Acerca de este producto<\/h1>\n<ul class=\"a-unordered-list a-vertical a-spacing-mini\">\n<li class=\"a-spacing-mini\"><span class=\"a-list-item\">CASETA DE JARD\u00cdN ESPACIOSA: Este gran armario metalico de exterior tiene un amplio espacio interior. Ideal para guardar herramientas de jardiner\u00eda, accesorios para piscinas o cualquier otra cosa que necesites guardar<\/span><\/li>\n<li class=\"a-spacing-mini\"><span class=\"a-list-item\">ESTRUCTURA RESISTENTE: Este cobertizo de exterior para guardar herramientas tiene una estructura de acero galvanizado con un acabado resistente a la intemperie y al \u00f3xido, lo que hace que sea ideal para utilizarlo y mantenerlo en el exterior<\/span><\/li>\n<li class=\"a-spacing-mini\"><span class=\"a-list-item\">BUENA VENTILACI\u00d3N Y TECHO INCLINADO: Para garantizar una buena ventilaci\u00f3n, esta caseta de almacenamiento tiene 2 aberturas en la parte delantera. Adem\u00e1s, el techo inclinado permite que el agua drene y no se acumule la nieve<\/span><\/li>\n<li class=\"a-spacing-mini\"><span class=\"a-list-item\">DOBLE PUERTA CORREDERA: Este cobertizo met\u00e1lico est\u00e1 dise\u00f1ado para que pueda a\u00f1adir un candado (no incluido) en las puertas correderas dobles para asegurarte de que todo lo que ponga dentro pueda guardarse de forma segura<\/span><\/li>\n<li class=\"a-spacing-mini\"><span class=\"a-list-item\">MEDIDAS TOTALES: 213x130x172 cm (LxANxAL). Medidas de la puerta: 96&#215;152 cm. Medidas interiores: 200&#215;105 cm. Se requieren 2 personas para su montaje en aproximadamente tres horas. SIEMPRE usar guantes. No instalar con viento<\/span><\/li>\n<\/ul>","protected":false},"excerpt":{"rendered":"<p>Acerca de este producto CASETA DE JARD\u00cdN ESPACIOSA: Este gran armario metalico de exterior tiene un amplio espacio interior. Ideal<\/p>","protected":false},"featured_media":18892,"template":"","meta":[],"product_brand":[],"product_cat":[76],"product_tag":[77],"product_country":[1505],"class_list":{"0":"post-7576","1":"product","2":"type-product","3":"status-publish","4":"has-post-thumbnail","6":"product_cat-shed","7":"product_tag-shed","8":"product_country-spain","10":"first","11":"instock","12":"sale","13":"taxable","14":"shipping-taxable","15":"purchasable","16":"product-type-simple"},"_links":{"self":[{"href":"https:\/\/routinesfashione.com\/nl\/wp-json\/wp\/v2\/product\/7576","targetHints":{"allow":["GET"]}}],"collection":[{"href":"https:\/\/routinesfashione.com\/nl\/wp-json\/wp\/v2\/product"}],"about":[{"href":"https:\/\/routinesfashione.com\/nl\/wp-json\/wp\/v2\/types\/product"}],"wp:featuredmedia":[{"embeddable":true,"href":"https:\/\/routinesfashione.com\/nl\/wp-json\/wp\/v2\/media\/18892"}],"wp:attachment":[{"href":"https:\/\/routinesfashione.com\/nl\/wp-json\/wp\/v2\/media?parent=7576"}],"wp:term":[{"taxonomy":"product_brand","embeddable":true,"href":"https:\/\/routinesfashione.com\/nl\/wp-json\/wp\/v2\/product_brand?post=7576"},{"taxonomy":"product_cat","embeddable":true,"href":"https:\/\/routinesfashione.com\/nl\/wp-json\/wp\/v2\/product_cat?post=7576"},{"taxonomy":"product_tag","embeddable":true,"href":"https:\/\/routinesfashione.com\/nl\/wp-json\/wp\/v2\/product_tag?post=7576"},{"taxonomy":"product_country","embeddable":true,"href":"https:\/\/routinesfashione.com\/nl\/wp-json\/wp\/v2\/product_country?post=7576"}],"curies":[{"name":"wp","href":"https:\/\/api.w.org\/{rel}","templated":true}]}}