{"id":76,"date":"2025-09-30T20:55:57","date_gmt":"2025-09-30T20:55:57","guid":{"rendered":"https:\/\/lightgray-crow-170497.hostingersite.com\/?post_type=product&#038;p=76"},"modified":"2025-09-30T20:55:57","modified_gmt":"2025-09-30T20:55:57","slug":"bosch-lawnmower-battery-gra-18v2-46","status":"publish","type":"product","link":"https:\/\/routinesfashione.com\/nl\/produit\/bosch-lawnmower-battery-gra-18v2-46\/","title":{"rendered":"Batterie pour tondeuse \u00e0 gazon Bosch GRA 18V2-46"},"content":{"rendered":"<h3 data-start=\"165\" data-end=\"200\"><strong data-start=\"172\" data-end=\"198\">Description du produit<\/strong><\/h3>\n<p data-start=\"201\" data-end=\"605\">La <strong data-start=\"204\" data-end=\"256\">batterie pour tondeuse \u00e0 gazon Bosch GRA 18V2-46<\/strong> est sp\u00e9cialement con\u00e7ue pour offrir une puissance fiable et une autonomie prolong\u00e9e \u00e0 votre tondeuse sans fil. Gr\u00e2ce \u00e0 la technologie Lithium-Ion 18 V de Bosch, elle fournit une performance constante, sans effet m\u00e9moire, et se recharge rapidement. Elle est robuste, l\u00e9g\u00e8re et parfaitement adapt\u00e9e aux exigences des travaux de jardinage intensifs.<\/p>\n<p data-start=\"607\" data-end=\"777\">Elle fait partie du syst\u00e8me <strong data-start=\"635\" data-end=\"661\">Bosch Professional 18V<\/strong> qui permet d\u2019utiliser la m\u00eame batterie sur plusieurs outils compatibles, ce qui apporte flexibilit\u00e9 et \u00e9conomies.<\/p>\n<hr data-start=\"779\" data-end=\"782\" \/>\n<h3 data-start=\"784\" data-end=\"824\"><strong data-start=\"791\" data-end=\"822\">Caract\u00e9ristiques techniques<\/strong><\/h3>\n<ul data-start=\"826\" data-end=\"1676\">\n<li data-start=\"826\" data-end=\"882\">\n<p data-start=\"828\" data-end=\"882\"><strong data-start=\"828\" data-end=\"848\">Type de batterie<\/strong> : Lithium-Ion haute performance<\/p>\n<\/li>\n<li data-start=\"883\" data-end=\"905\">\n<p data-start=\"885\" data-end=\"905\"><strong data-start=\"885\" data-end=\"896\">Tension<\/strong> : 18 V<\/p>\n<\/li>\n<li data-start=\"906\" data-end=\"1004\">\n<p data-start=\"908\" data-end=\"1004\"><strong data-start=\"908\" data-end=\"925\">Compatibilit\u00e9<\/strong> : Tondeuse Bosch GRA 18V2-46 et outils Bosch Professional 18V (selon mod\u00e8le)<\/p>\n<\/li>\n<li data-start=\"1005\" data-end=\"1070\">\n<p data-start=\"1007\" data-end=\"1070\"><strong data-start=\"1007\" data-end=\"1019\">Capacit\u00e9<\/strong> : 4,0 Ah \/ 5,0 Ah \/ 8,0 Ah selon version choisie<\/p>\n<\/li>\n<li data-start=\"1071\" data-end=\"1176\">\n<p data-start=\"1073\" data-end=\"1176\"><strong data-start=\"1073\" data-end=\"1088\">Technologie<\/strong> : CoolPack pour une meilleure dissipation de la chaleur et une dur\u00e9e de vie prolong\u00e9e<\/p>\n<\/li>\n<li data-start=\"1177\" data-end=\"1286\">\n<p data-start=\"1179\" data-end=\"1286\"><strong data-start=\"1179\" data-end=\"1192\">Autonomie<\/strong> : Adapt\u00e9e pour les grandes surfaces (en fonction de la capacit\u00e9 et des conditions de tonte)<\/p>\n<\/li>\n<li data-start=\"1287\" data-end=\"1360\">\n<p data-start=\"1289\" data-end=\"1360\"><strong data-start=\"1289\" data-end=\"1301\">Recharge<\/strong> : Rapide avec chargeur Bosch Professional GAL compatible<\/p>\n<\/li>\n<li data-start=\"1361\" data-end=\"1423\">\n<p data-start=\"1363\" data-end=\"1423\"><strong data-start=\"1363\" data-end=\"1372\">Poids<\/strong> : L\u00e9ger et ergonomique pour un changement facile<\/p>\n<\/li>\n<li data-start=\"1424\" data-end=\"1519\">\n<p data-start=\"1426\" data-end=\"1519\"><strong data-start=\"1426\" data-end=\"1438\">S\u00e9curit\u00e9<\/strong> : Protection contre les surcharges, les surchauffes et les d\u00e9charges profondes<\/p>\n<\/li>\n<li data-start=\"1520\" data-end=\"1583\">\n<p data-start=\"1522\" data-end=\"1583\"><strong data-start=\"1522\" data-end=\"1536\">Durabilit\u00e9<\/strong> : Conception robuste pour un usage ext\u00e9rieur<\/p>\n<\/li>\n<li data-start=\"1584\" data-end=\"1676\">\n<p data-start=\"1586\" data-end=\"1676\"><strong data-start=\"1586\" data-end=\"1613\">Syst\u00e8me interchangeable<\/strong> : Compatible avec de nombreux outils Bosch Professional 18 V<\/p>\n<\/li>\n<\/ul>","protected":false},"excerpt":{"rendered":"<p>Description du produit La batterie pour tondeuse \u00e0 gazon Bosch GRA 18V2-46 est sp\u00e9cialement con\u00e7ue pour offrir une puissance fiable<\/p>","protected":false},"featured_media":19386,"template":"","meta":[],"product_brand":[],"product_cat":[64],"product_tag":[65],"product_country":[1503],"class_list":{"0":"post-76","1":"product","2":"type-product","3":"status-publish","4":"has-post-thumbnail","6":"product_cat-movers","7":"product_tag-movers","8":"product_country-france","10":"first","11":"instock","12":"sale","13":"taxable","14":"shipping-taxable","15":"purchasable","16":"product-type-simple"},"_links":{"self":[{"href":"https:\/\/routinesfashione.com\/nl\/wp-json\/wp\/v2\/product\/76","targetHints":{"allow":["GET"]}}],"collection":[{"href":"https:\/\/routinesfashione.com\/nl\/wp-json\/wp\/v2\/product"}],"about":[{"href":"https:\/\/routinesfashione.com\/nl\/wp-json\/wp\/v2\/types\/product"}],"wp:featuredmedia":[{"embeddable":true,"href":"https:\/\/routinesfashione.com\/nl\/wp-json\/wp\/v2\/media\/19386"}],"wp:attachment":[{"href":"https:\/\/routinesfashione.com\/nl\/wp-json\/wp\/v2\/media?parent=76"}],"wp:term":[{"taxonomy":"product_brand","embeddable":true,"href":"https:\/\/routinesfashione.com\/nl\/wp-json\/wp\/v2\/product_brand?post=76"},{"taxonomy":"product_cat","embeddable":true,"href":"https:\/\/routinesfashione.com\/nl\/wp-json\/wp\/v2\/product_cat?post=76"},{"taxonomy":"product_tag","embeddable":true,"href":"https:\/\/routinesfashione.com\/nl\/wp-json\/wp\/v2\/product_tag?post=76"},{"taxonomy":"product_country","embeddable":true,"href":"https:\/\/routinesfashione.com\/nl\/wp-json\/wp\/v2\/product_country?post=76"}],"curies":[{"name":"wp","href":"https:\/\/api.w.org\/{rel}","templated":true}]}}