{"id":760,"date":"2025-09-30T20:13:45","date_gmt":"2025-09-30T20:13:45","guid":{"rendered":"https:\/\/lightgray-crow-170497.hostingersite.com\/?post_type=product&#038;p=760"},"modified":"2025-09-30T21:01:45","modified_gmt":"2025-09-30T21:01:45","slug":"bezzera-bz10","status":"publish","type":"product","link":"https:\/\/routinesfashione.com\/nl\/produit\/bezzera-bz10\/","title":{"rendered":"Bezzera BZ10"},"content":{"rendered":"<div class=\"product-detail-description-text\">\n<h2>Bezzera BZ10 Espressomaschine, edelstahl<\/h2>\n<p>Die Siebtr\u00e4germaschine ist eine Zweikreiser-Maschine mit getrennten Wasserkreisl\u00e4ufen und erlaubt somit den gleichzeitigen Bezug des Espressi und dem Aufsch\u00e4umen der Milch f\u00fcr zum Beispiel einen leckeren Cappuccino. Mit den leistungsstarken Komponenten erreicht die Espressomaschine eine kurze Aufheizzeit und gibt wichtige Werte wie den Br\u00fch- und Kesseldruck \u00fcber das Doppelmanometer wieder. Die spezielle Br\u00fchgruppenheizung, der Kupferkessel (1,5l) mit W\u00e4rmetauscher und weitere Komponenten sorgen f\u00fcr eine stabile Br\u00fchtemperatur und einen genussvollen Espresso. Passenden Dampf zum Milchsch\u00e4umen k\u00f6nnen sie mit Hilfe der Dampflanze erzeugen und auch ein Bezug von hei\u00dfem Wasser f\u00fcr zum Beispiel einen Tee ist m\u00f6glich.<\/p>\n<h3>Die Espressomaschine Bezzera BZ10 \u2013 Ein echter Klassiker!<\/h3>\n<ul>\n<li>Siebtr\u00e4ger- und Espressomaschine mit Edelstahlgeh\u00e4use<\/li>\n<li>Kippschalter und LED Kontrollleuchten<\/li>\n<li>Pumpe: ULKA Vibrationspumpe 15 bar<\/li>\n<li>Doppel-Manometer: Kessel- und Pumpenmanometer 16 bar<\/li>\n<li>Elektrisch beheizte Br\u00fchgruppe<\/li>\n<li>Dampflanze (2-Loch) Bezug \u00fcber Kippventil oder Drehrad<\/li>\n<li>inkl. hei\u00dfem Wasser Bezug<\/li>\n<li>Kupferkessel: 1,5l<\/li>\n<li>herausnehmbarer Wassertank (F\u00fcllmenge: 3 Liter)<\/li>\n<li>Abschaltautomatik bei geringem Wasserstand<\/li>\n<li>Geh\u00e4use aus mattiertem Edelstahl AISI 304<\/li>\n<\/ul>\n<h3>Immer gut informiert \u2013 Die Anzeigen der Bezzera BZ10<\/h3>\n<p>Um einen guten Espresso zu br\u00fchen braucht es gute Komponenten, welche die richtigen Werte liefern. Den Kessel- und Br\u00fchdruck behalten sie \u00fcber das Doppelmanometer immer im Blick. Die Anzeigen zeigen, wann die Siebtr\u00e4germaschine betriebsbereit ist, der Mahlgrad des Espressomehls stimmt und erinnert sie an eine notwendige Entkalkung. Ist der herausnehmbare Wassertank (F\u00fcllmenge: 3 Liter) mit zu wenig Wasser bef\u00fcllt, schaltet sich die Espressomaschine automatisch ab.<\/p>\n<h3>Beliebtes Einsteigermodell, solide Espressomaschine \u2013 Bezzera BZ10<\/h3>\n<p>Eine tolle Zweikreislauf-Maschine f\u00fcr den Einstiegsbereich mit allen wichtigen Funktionen und dem gleichzeitigen Bezug von Espresso und Dampf zum Aufsch\u00e4umen von Milch. Im klassischen Edelstahl Design und der kompakten Bauweise, ideal f\u00fcr ihre K\u00fcche. Im Lieferumfang enthalten ist alles, was sie f\u00fcr einen Espresso Bezug ben\u00f6tigen: 1 Siebtr\u00e4ger mit 2er Auslauf (58mm), 2 Siebeins\u00e4tze (7 und 14g) und einem Blindsieb zur Reinigung, 1 Tamper aus Kunststoff und einer Reinigungsb\u00fcrste.<\/p>\n<\/p>\n<\/div>","protected":false},"excerpt":{"rendered":"<ul>\n<li>Ma\u00dfe: (BxHxT) 25\u00d737,5\u00d742,5 cm (250x375x425 mm)<\/li>\n<li>Ger\u00e4tegewicht: 19 kg<\/li>\n<li>Leistung: 1500 Watt<\/li>\n<li>Spannung: 230 Volt<\/li>\n<li>Mit Netzstecker<\/li>\n<\/ul>","protected":false},"featured_media":761,"template":"","meta":[],"product_brand":[],"product_cat":[29],"product_tag":[],"product_country":[1501],"class_list":{"0":"post-760","1":"product","2":"type-product","3":"status-publish","4":"has-post-thumbnail","6":"product_cat-espressomaschinen","7":"product_country-germany","9":"first","10":"instock","11":"sale","12":"taxable","13":"shipping-taxable","14":"purchasable","15":"product-type-simple"},"_links":{"self":[{"href":"https:\/\/routinesfashione.com\/nl\/wp-json\/wp\/v2\/product\/760","targetHints":{"allow":["GET"]}}],"collection":[{"href":"https:\/\/routinesfashione.com\/nl\/wp-json\/wp\/v2\/product"}],"about":[{"href":"https:\/\/routinesfashione.com\/nl\/wp-json\/wp\/v2\/types\/product"}],"wp:featuredmedia":[{"embeddable":true,"href":"https:\/\/routinesfashione.com\/nl\/wp-json\/wp\/v2\/media\/761"}],"wp:attachment":[{"href":"https:\/\/routinesfashione.com\/nl\/wp-json\/wp\/v2\/media?parent=760"}],"wp:term":[{"taxonomy":"product_brand","embeddable":true,"href":"https:\/\/routinesfashione.com\/nl\/wp-json\/wp\/v2\/product_brand?post=760"},{"taxonomy":"product_cat","embeddable":true,"href":"https:\/\/routinesfashione.com\/nl\/wp-json\/wp\/v2\/product_cat?post=760"},{"taxonomy":"product_tag","embeddable":true,"href":"https:\/\/routinesfashione.com\/nl\/wp-json\/wp\/v2\/product_tag?post=760"},{"taxonomy":"product_country","embeddable":true,"href":"https:\/\/routinesfashione.com\/nl\/wp-json\/wp\/v2\/product_country?post=760"}],"curies":[{"name":"wp","href":"https:\/\/api.w.org\/{rel}","templated":true}]}}