{"id":7683,"date":"2025-08-09T18:16:29","date_gmt":"2025-08-09T18:16:29","guid":{"rendered":"https:\/\/lightgray-crow-170497.hostingersite.com\/?post_type=product&#038;p=7683"},"modified":"2025-09-30T21:14:03","modified_gmt":"2025-09-30T21:14:03","slug":"cobertizo-de-madera-para-jardin-a246x418x420cm-16m2-timbela-m330m330g","status":"publish","type":"product","link":"https:\/\/routinesfashione.com\/nl\/produit\/cobertizo-de-madera-para-jardin-a246x418x420cm-16m2-timbela-m330m330g\/","title":{"rendered":"Cobertizo de madera para jard\u00edn &#8211; A246x418x420cm\/16m2 &#8211; TIMBELA M330+M330G"},"content":{"rendered":"<div id=\"attribute-1\" class=\"tabs__content data item content\" role=\"tabpanel\" aria-labelledby=\"tab1\" aria-hidden=\"false\">\n<div class=\"product-information-comercial-content-tab\">\n<p>Resiste las inclemencias del tiempo: gracias a la calidad de los materiales, el contenido est\u00e1 protegido de los elementos.<\/p>\n<p>Luz natural: a diferencia de otras casetas de jard\u00edn, la caseta de jard\u00edn de madera Timbela tiene ventanas que hacen que el interior sea luminoso y agradable.<\/p>\n<p>F\u00e1cil acceso: gracias a la doble puerta de entrada en la parte delantera y la puerta lateral, es f\u00e1cil entrar.<\/p>\n<p>Materiales y artesan\u00eda de alta calidad: obtenemos y procesamos nuestros materiales en Europa a partir de madera natural certificada.<\/p>\n<p><b>Especificaciones<\/b><br \/>\n&#8211; Material: pino n\u00f3rdico \/ Abeto<br \/>\n&#8211; Espesor del panel: 17 mm<br \/>\n&#8211; Dimensiones externas sin techo: L 401 x An 395 cm<br \/>\n&#8211; Dimensiones del techo: L 420 x An 418 cm<br \/>\n&#8211; Superficie \u00fatil: 15,84 m\u00b2<br \/>\n&#8211; Altura: 246 cm \/ 183 cm<br \/>\n&#8211; Techo impermeable de madera contrachapada OSB-3 (12 mm) con revestimiento bituminoso gris (solo para uso a corto plazo)<br \/>\n&#8211; Ventanas de vidrio org\u00e1nico integradas: 56 x 59 cm<br \/>\n&#8211; Puertas: 155 x 176 cm<br \/>\n&#8211; Perno de puerta<br \/>\n&#8211; Kit de montaje (tornillos, bisagras)<br \/>\n&#8211; Manual de instrucciones de montaje<br \/>\n&#8211; CON PISO IMPREGNADO: Grosor superior 19 mm, altura inferior 6 cm<br \/>\n&#8211; Peso: 733 kg<br \/>\n&#8211; El paquete contiene: 1 paquete<br \/>\n&#8211; Garant\u00eda: 2 a\u00f1os<\/p>\n<p><b>Informaci\u00f3n importante:<\/b><br \/>\n&#8211; Las dimensiones pueden variar entre 1 y 2 mm.<br \/>\n&#8211; Todas las piezas de madera se entregan naturales. Durante el montaje, la leng\u00fceta y la ranura se deben recubrir con un conservante de madera para evitar que se pudra. El exterior debe pintarse inmediatamente despu\u00e9s de la instalaci\u00f3n con un barniz conservante de madera pigmentado de poro abierto.<br \/>\n&#8211; La cubierta bituminosa para tejados incluida en el paquete solo est\u00e1 dise\u00f1ada para un uso a corto plazo. Para una mejor protecci\u00f3n, instale una cubierta adicional de tejas bituminosas.<br \/>\n&#8211; La entrega, llevada a cabo por grandes camiones, se realiza en la entrada de la casa. Preste atenci\u00f3n a las dimensiones de la carga y aseg\u00farese de que las m\u00e1quinas de gran tama\u00f1o ser\u00e1n podr\u00e1n entregar la carga en su direcci\u00f3n.<br \/>\n&#8211; Es OBLIGATORIO proporcionar un n\u00famero de tel\u00e9fono para la entrega. \u00a1Si no hay forma de contactar al comprador, el servicio de mensajer\u00eda no entregar\u00e1 la mercanc\u00eda!<\/p>\n<\/div>\n<\/div>","protected":false},"excerpt":{"rendered":"<p>Resiste las inclemencias del tiempo: gracias a la calidad de los materiales, el contenido est\u00e1 protegido de los elementos. Luz<\/p>","protected":false},"featured_media":18967,"template":"","meta":[],"product_brand":[],"product_cat":[76],"product_tag":[77],"product_country":[1505],"class_list":{"0":"post-7683","1":"product","2":"type-product","3":"status-publish","4":"has-post-thumbnail","6":"product_cat-shed","7":"product_tag-shed","8":"product_country-spain","10":"first","11":"instock","12":"sale","13":"taxable","14":"shipping-taxable","15":"purchasable","16":"product-type-simple"},"_links":{"self":[{"href":"https:\/\/routinesfashione.com\/nl\/wp-json\/wp\/v2\/product\/7683","targetHints":{"allow":["GET"]}}],"collection":[{"href":"https:\/\/routinesfashione.com\/nl\/wp-json\/wp\/v2\/product"}],"about":[{"href":"https:\/\/routinesfashione.com\/nl\/wp-json\/wp\/v2\/types\/product"}],"wp:featuredmedia":[{"embeddable":true,"href":"https:\/\/routinesfashione.com\/nl\/wp-json\/wp\/v2\/media\/18967"}],"wp:attachment":[{"href":"https:\/\/routinesfashione.com\/nl\/wp-json\/wp\/v2\/media?parent=7683"}],"wp:term":[{"taxonomy":"product_brand","embeddable":true,"href":"https:\/\/routinesfashione.com\/nl\/wp-json\/wp\/v2\/product_brand?post=7683"},{"taxonomy":"product_cat","embeddable":true,"href":"https:\/\/routinesfashione.com\/nl\/wp-json\/wp\/v2\/product_cat?post=7683"},{"taxonomy":"product_tag","embeddable":true,"href":"https:\/\/routinesfashione.com\/nl\/wp-json\/wp\/v2\/product_tag?post=7683"},{"taxonomy":"product_country","embeddable":true,"href":"https:\/\/routinesfashione.com\/nl\/wp-json\/wp\/v2\/product_country?post=7683"}],"curies":[{"name":"wp","href":"https:\/\/api.w.org\/{rel}","templated":true}]}}