{"id":7828,"date":"2025-09-30T20:11:33","date_gmt":"2025-09-30T20:11:33","guid":{"rendered":"https:\/\/lightgray-crow-170497.hostingersite.com\/?post_type=product&#038;p=7828"},"modified":"2025-09-30T21:14:13","modified_gmt":"2025-09-30T21:14:13","slug":"worx-landroid-vision-m600-maehroboter-fuer-bis-zu-600-m%c2%b2","status":"publish","type":"product","link":"https:\/\/routinesfashione.com\/nl\/produit\/worx-landroid-vision-m600-maehroboter-fuer-bis-zu-600-m%c2%b2\/","title":{"rendered":"WORX Landroid Vision M600 \u2013 M\u00e4hroboter f\u00fcr bis zu 600 m\u00b2"},"content":{"rendered":"<ul class=\"list_list__Wwwc3\">\n<li class=\"list_listItemBullet___5nbU list_listItem__jBNlu\"><strong>In wenigen Minuten einsatzbereit:\u00a0<\/strong>Dank modernster Technologie ben\u00f6tigt der WORX Landroid Vision M600 kein Begrenzungskabel, um zu wissen, wo er m\u00e4hen muss. Somit ist Dein neuer WORX M\u00e4hroboter und die dazugeh\u00f6rige Ladestation schnell installiert. Lege den WORX Landroid Vision M600 einfach auf Deinen Rasen, schlie\u00dfe die Ladestation an eine Steckdose an, lasse den M\u00e4hroboter aufladen und verbinde ihn abschlie\u00dfend noch per WLAN oder Bluetooth. Fertig!<\/li>\n<li class=\"list_listItemBullet___5nbU list_listItem__jBNlu\"><strong>M\u00e4ht Deinen Rasen schonend und gr\u00fcndlich:\u00a0<\/strong>Beim M\u00e4hen achtet der WORX Landroid Vision M600 darauf, keine Menschen, Tiere oder Gegenst\u00e4nde zu verletzen. Wie er das macht? Die intelligenten Sensoren registrieren Hindernisse. Zudem erfasst er Regen und Frost. Er m\u00e4ht also nur dann, wenn es sinnvoll ist. Die Cut-to-Edge Technologie minimiert zus\u00e4tzlich Deinen Aufwand, dass Du kaum nacharbeiten musst.<\/li>\n<li class=\"list_listItemBullet___5nbU list_listItem__jBNlu\"><strong>Arbeit ohne Begrenzungskabel dank Kameras und KI:\u00a0<\/strong>Einige M\u00e4hroboter ben\u00f6tigen ein separates Begrenzungskabel, das Du vor der Inbetriebnahme des M\u00e4hroboters erst noch aufw\u00e4ndig verlegen musst. Solche Kabel sind anf\u00e4llig f\u00fcr Br\u00fcche. Der WORX Landroid Vision M600 arbeitet komplett ohne Begrenzungskabel, sondern nur mit seinen verbauten Sensoren. Dein Garten bleibt frei von Kabeln und wird dennoch perfekt gem\u00e4ht.<\/li>\n<li class=\"list_listItemBullet___5nbU list_listItem__jBNlu\"><strong>Zukunftssicher mit automatischen Updates:\u00a0<\/strong>Nicht nur wegen seiner modernen Technik ist der WORX Landroid Vision M600 eine langfristige Investition. Die Over-the-Air-Software-Updates bringen Deinen M\u00e4hroboter immer wieder von ganz alleine auf den neusten Stand. Die verbaute Full-HD-Weitwinkelkamera mit HDR erkennt Hindernisse und Rasenkanten. In der App verwaltest Du gleich mehrere Zonen und adaptive Zeitpl\u00e4ne passen die Arbeitszeit des Landroid automatisch an die Gegebenheiten von Gras und Boden Deines Gartens an.<\/li>\n<li class=\"list_listItemBullet___5nbU list_listItem__jBNlu\"><strong>Ein PowerShare-Akku, viele M\u00f6glichkeiten:\u00a0<\/strong>Der leistungsstarke PowerShare-Akku von WORX l\u00e4sst sich f\u00fcr alle WORX-Werkzeuge benutzen. Das ist praktisch, da Du so den Akku mit mehreren Ger\u00e4ten teilen kannst. Mit einer Kapazit\u00e4t von ganzen 2 Ah, steckt eine Menge Power in dem kleinen Ger\u00e4t. Er l\u00e4sst sich dazu auch ganz einfach \u00fcber die mitgelieferte Ladestation aufladen.<\/li>\n<li class=\"list_listItemBullet___5nbU list_listItem__jBNlu\"><strong>Immer die volle Kontrolle per App:\u00a0<\/strong>Mit der WORX-App hast Du jederzeit die volle Kontrolle \u00fcber Deinen smarten WORX Landroid Vision M600. Bestimme hier nicht nur den M\u00e4hbereich, in dem Dein Landroid arbeiten soll, sondern lege auch fest, wann er arbeiten soll. In der App siehst Du immer, ob Dein Landroid gerade arbeitet, den Akkustatus und hast au\u00dferdem die M\u00f6glichkeit, ihm M\u00e4hauftr\u00e4ge zu erteilen.<\/li>\n<\/ul>","protected":false},"excerpt":{"rendered":"<p>In wenigen Minuten einsatzbereit:\u00a0Dank modernster Technologie ben\u00f6tigt der WORX Landroid Vision M600 kein Begrenzungskabel, um zu wissen, wo er m\u00e4hen<\/p>","protected":false},"featured_media":7829,"template":"","meta":[],"product_brand":[],"product_cat":[32],"product_tag":[],"product_country":[1501],"class_list":{"0":"post-7828","1":"product","2":"type-product","3":"status-publish","4":"has-post-thumbnail","6":"product_cat-electronic","7":"product_country-germany","9":"first","10":"instock","11":"sale","12":"taxable","13":"shipping-taxable","14":"purchasable","15":"product-type-simple"},"_links":{"self":[{"href":"https:\/\/routinesfashione.com\/nl\/wp-json\/wp\/v2\/product\/7828","targetHints":{"allow":["GET"]}}],"collection":[{"href":"https:\/\/routinesfashione.com\/nl\/wp-json\/wp\/v2\/product"}],"about":[{"href":"https:\/\/routinesfashione.com\/nl\/wp-json\/wp\/v2\/types\/product"}],"wp:featuredmedia":[{"embeddable":true,"href":"https:\/\/routinesfashione.com\/nl\/wp-json\/wp\/v2\/media\/7829"}],"wp:attachment":[{"href":"https:\/\/routinesfashione.com\/nl\/wp-json\/wp\/v2\/media?parent=7828"}],"wp:term":[{"taxonomy":"product_brand","embeddable":true,"href":"https:\/\/routinesfashione.com\/nl\/wp-json\/wp\/v2\/product_brand?post=7828"},{"taxonomy":"product_cat","embeddable":true,"href":"https:\/\/routinesfashione.com\/nl\/wp-json\/wp\/v2\/product_cat?post=7828"},{"taxonomy":"product_tag","embeddable":true,"href":"https:\/\/routinesfashione.com\/nl\/wp-json\/wp\/v2\/product_tag?post=7828"},{"taxonomy":"product_country","embeddable":true,"href":"https:\/\/routinesfashione.com\/nl\/wp-json\/wp\/v2\/product_country?post=7828"}],"curies":[{"name":"wp","href":"https:\/\/api.w.org\/{rel}","templated":true}]}}