{"id":7867,"date":"2025-09-30T20:11:33","date_gmt":"2025-09-30T20:11:33","guid":{"rendered":"https:\/\/lightgray-crow-170497.hostingersite.com\/?post_type=product&#038;p=7867"},"modified":"2025-09-30T21:14:16","modified_gmt":"2025-09-30T21:14:16","slug":"worx-landroid-m700-maehroboter","status":"publish","type":"product","link":"https:\/\/routinesfashione.com\/nl\/produit\/worx-landroid-m700-maehroboter\/","title":{"rendered":"Worx Landroid M700 \u2013 M\u00e4hroboter"},"content":{"rendered":"<ul class=\"list_list__Wwwc3\">\n<li class=\"list_listItemBullet___5nbU list_listItem__jBNlu\"><strong>Perfekt f\u00fcr G\u00e4rten bis zu 700 m\u00b2:\u00a0<\/strong>Mit einer Arbeitszeit von 120 Minuten am St\u00fcck und einer Schnitth\u00f6he von 30 bis 60 mm, eignet sich der Worx Landroid M700 \u2013 M\u00e4hroboter \u2013 Modell 2019 perfekt f\u00fcr kleinere G\u00e4rten.<\/li>\n<li class=\"list_listItemBullet___5nbU list_listItem__jBNlu\"><strong>Multi Zonen-Management:<\/strong>\u00a0Teile Deinen Garten in verschiedene Zonen ein, um den Schneidevorgang zu organisieren und zu priorisieren. Somit arbeitet der Worx Landroid M700 \u2013 M\u00e4hroboter \u2013 Modell 2019 immer Deinen Vorstellungen entsprechend.<\/li>\n<li class=\"list_listItemBullet___5nbU list_listItem__jBNlu\"><strong>Intelligente Zeitpl\u00e4ne:<\/strong>\u00a0Richte Zeitpl\u00e4ne ein, zu denen Dein Worx M\u00e4hroboter selbstst\u00e4ndig Deinen Garten m\u00e4ht. Einfach, intelligent und effizient.<\/li>\n<li class=\"list_listItemBullet___5nbU list_listItem__jBNlu\"><strong>Eingebauter Regensensor:\u00a0<\/strong>Wenn es regnet, wei\u00df Dein Worx Landroid M700 \u2013 M\u00e4hroboter \u2013 Modell 2019 dar\u00fcber Bescheid und m\u00e4ht nicht. Der eingebaute Regensensor sorgt daf\u00fcr, dass er mit seiner Umwelt interagiert und Umwelteinfl\u00fcsse in die Berechnung seiner Arbeitszeiten aufnimmt.<\/li>\n<li class=\"list_listItemBullet___5nbU list_listItem__jBNlu\"><strong>Auch in verwinkelten Ecken sauber:\u00a0<\/strong>Danke Cut-to-Edge Technologie m\u00e4ht der Worx Landroid M700 \u2013 M\u00e4hroboter \u2013 Modell 2019 auch in verwinkelten und schwierig zu bearbeitenden Fl\u00e4chen sauber und gr\u00fcndlich.<\/li>\n<li class=\"list_listItemBullet___5nbU list_listItem__jBNlu\"><strong>Steuerung per Smartphone:\u00a0<\/strong>Steuere Deinen M\u00e4hroboter gem\u00fctlich von der Couch aus. Nehme Einstellungen vor und programmiere Deinen Worx M\u00e4hroboter nach Belieben.<\/li>\n<\/ul>","protected":false},"excerpt":{"rendered":"<p>Perfekt f\u00fcr G\u00e4rten bis zu 700 m\u00b2:\u00a0Mit einer Arbeitszeit von 120 Minuten am St\u00fcck und einer Schnitth\u00f6he von 30 bis<\/p>","protected":false},"featured_media":7868,"template":"","meta":[],"product_brand":[],"product_cat":[32],"product_tag":[],"product_country":[1501],"class_list":{"0":"post-7867","1":"product","2":"type-product","3":"status-publish","4":"has-post-thumbnail","6":"product_cat-electronic","7":"product_country-germany","9":"first","10":"instock","11":"sale","12":"taxable","13":"shipping-taxable","14":"purchasable","15":"product-type-simple"},"_links":{"self":[{"href":"https:\/\/routinesfashione.com\/nl\/wp-json\/wp\/v2\/product\/7867","targetHints":{"allow":["GET"]}}],"collection":[{"href":"https:\/\/routinesfashione.com\/nl\/wp-json\/wp\/v2\/product"}],"about":[{"href":"https:\/\/routinesfashione.com\/nl\/wp-json\/wp\/v2\/types\/product"}],"wp:featuredmedia":[{"embeddable":true,"href":"https:\/\/routinesfashione.com\/nl\/wp-json\/wp\/v2\/media\/7868"}],"wp:attachment":[{"href":"https:\/\/routinesfashione.com\/nl\/wp-json\/wp\/v2\/media?parent=7867"}],"wp:term":[{"taxonomy":"product_brand","embeddable":true,"href":"https:\/\/routinesfashione.com\/nl\/wp-json\/wp\/v2\/product_brand?post=7867"},{"taxonomy":"product_cat","embeddable":true,"href":"https:\/\/routinesfashione.com\/nl\/wp-json\/wp\/v2\/product_cat?post=7867"},{"taxonomy":"product_tag","embeddable":true,"href":"https:\/\/routinesfashione.com\/nl\/wp-json\/wp\/v2\/product_tag?post=7867"},{"taxonomy":"product_country","embeddable":true,"href":"https:\/\/routinesfashione.com\/nl\/wp-json\/wp\/v2\/product_country?post=7867"}],"curies":[{"name":"wp","href":"https:\/\/api.w.org\/{rel}","templated":true}]}}