{"id":7931,"date":"2025-08-09T20:23:44","date_gmt":"2025-08-09T20:23:44","guid":{"rendered":"https:\/\/lightgray-crow-170497.hostingersite.com\/?post_type=product&#038;p=7931"},"modified":"2025-09-30T21:14:20","modified_gmt":"2025-09-30T21:14:20","slug":"pergola-de-jardin-gardiun-fenix-12-m2-300x401x282-cm-madera-laminada","status":"publish","type":"product","link":"https:\/\/routinesfashione.com\/nl\/produit\/pergola-de-jardin-gardiun-fenix-12-m2-300x401x282-cm-madera-laminada\/","title":{"rendered":"P\u00e9rgola de Jard\u00edn Gardiun F\u00e9nix 12 m2 300x401x282 cm madera Laminada"},"content":{"rendered":"<p>Crea un espacio acogedor y vers\u00e1til con esta p\u00e9rgola de jard\u00edn tipo cenador de Gardiun. Con su robusta estructura de madera y su moderna cubierta a dos aguas, el modelo F\u00e9nix te dar\u00e1 toda la elegancia y el resguardo que quieres para tu jard\u00edn. La estructura es de acero zincado y madera laminada. Aunque ligera, este tipo de madera es ideal para estructuras de exterior, ya que proporciona una mayor durabilidad y estabilidad que la madera maciza gracias a su fabricaci\u00f3n mediante capas. Adem\u00e1s, la madera laminada cuenta con un tratamiento que impide que la humedad del material supere el 10%, lo que contribuye a su estabilidad y resistencia a la intemperie. Por su parte, la cubierta est\u00e1 fabricada en acero galvanizado, por lo que podr\u00e1s disfrutar de una estructura resistente a la corrosi\u00f3n y a diferentes condiciones clim\u00e1ticas, apta para el uso exterior durante todas las estaciones del a\u00f1o. Para alargar la vida \u00fatil de la p\u00e9rgola y ofrecerte dise\u00f1os de la m\u00e1s alta calidad, los postes de las p\u00e9rgolas Gardiun cuentan con un grosor de 14&#215;14 cm, superior al de las p\u00e9rgolas est\u00e1ndar. As\u00ed, nuestras p\u00e9rgolas destacan por tener una base maciza y duradera con la que conseguir\u00e1s la estabilidad que necesitas. Se incluyen los soportes de fijaci\u00f3n y la torniller\u00eda necesaria para un montaje sencillo. Despu\u00e9s de instalarla en una superficie lisa y nivelada, podr\u00e1s adaptar este espacio con el mobiliario que quieras para disfrutar de los d\u00edas soleados de invierno y primavera, preparar una cena de verano y relajarte mientras ves caer las hojas en oto\u00f1o. \u00a1S\u00e1cale provecho a tu jard\u00edn con las p\u00e9rgolas Gardiun! Caracter\u00edsticas: &#8211; Medidas: 300x401x282 cm. &#8211; Medidas entre pilares: 224x348x200 cm. &#8211; Base: 4 postes de 14&#215;14 cm. &#8211; Material estructura: acero zincado y madera laminada. &#8211; Material cubierta: acero galvanizado de 0,40 mm. &#8211; Color: madera y gris antracita. &#8211; Superficie de la cubierta: 12 m2 &#8211; Peso: 174 Kg &#8211; Montaje: incluye soportes de fijaci\u00f3n y torniller\u00eda. &#8211; Uso exterior. &#8211; Certificado: CE.<\/p>","protected":false},"excerpt":{"rendered":"<p>Crea un espacio acogedor y vers\u00e1til con esta p\u00e9rgola de jard\u00edn tipo cenador de Gardiun. Con su robusta estructura de<\/p>","protected":false},"featured_media":19158,"template":"","meta":[],"product_brand":[],"product_cat":[78],"product_tag":[79],"product_country":[1505],"class_list":{"0":"post-7931","1":"product","2":"type-product","3":"status-publish","4":"has-post-thumbnail","6":"product_cat-gazebos-pergolas","7":"product_tag-gazebos-pergolas","8":"product_country-spain","10":"first","11":"instock","12":"sale","13":"taxable","14":"shipping-taxable","15":"purchasable","16":"product-type-simple"},"_links":{"self":[{"href":"https:\/\/routinesfashione.com\/nl\/wp-json\/wp\/v2\/product\/7931","targetHints":{"allow":["GET"]}}],"collection":[{"href":"https:\/\/routinesfashione.com\/nl\/wp-json\/wp\/v2\/product"}],"about":[{"href":"https:\/\/routinesfashione.com\/nl\/wp-json\/wp\/v2\/types\/product"}],"wp:featuredmedia":[{"embeddable":true,"href":"https:\/\/routinesfashione.com\/nl\/wp-json\/wp\/v2\/media\/19158"}],"wp:attachment":[{"href":"https:\/\/routinesfashione.com\/nl\/wp-json\/wp\/v2\/media?parent=7931"}],"wp:term":[{"taxonomy":"product_brand","embeddable":true,"href":"https:\/\/routinesfashione.com\/nl\/wp-json\/wp\/v2\/product_brand?post=7931"},{"taxonomy":"product_cat","embeddable":true,"href":"https:\/\/routinesfashione.com\/nl\/wp-json\/wp\/v2\/product_cat?post=7931"},{"taxonomy":"product_tag","embeddable":true,"href":"https:\/\/routinesfashione.com\/nl\/wp-json\/wp\/v2\/product_tag?post=7931"},{"taxonomy":"product_country","embeddable":true,"href":"https:\/\/routinesfashione.com\/nl\/wp-json\/wp\/v2\/product_country?post=7931"}],"curies":[{"name":"wp","href":"https:\/\/api.w.org\/{rel}","templated":true}]}}