{"id":7974,"date":"2025-08-09T20:48:41","date_gmt":"2025-08-09T20:48:41","guid":{"rendered":"https:\/\/lightgray-crow-170497.hostingersite.com\/?post_type=product&#038;p=7974"},"modified":"2025-09-30T21:14:23","modified_gmt":"2025-09-30T21:14:23","slug":"outsunny-pergola-de-jardin-metalica","status":"publish","type":"product","link":"https:\/\/routinesfashione.com\/nl\/produit\/outsunny-pergola-de-jardin-metalica\/","title":{"rendered":"Outsunny P\u00e9rgola de Jard\u00edn met\u00e1lica"},"content":{"rendered":"<ul>\n<li style=\"list-style-type: none;\">\n<ul>\n<li>P\u00c9RGOLA MODERNA Y ELEGANTE: Su dise\u00f1o moderno con techo curvo y onda decorativa en el marco de acero complementar\u00e1 cualquier decoraci\u00f3n al aire libre y aportar\u00e1 elegancia a su jard\u00edn, terraza, etc.<\/li>\n<li>-RESISTENTE: Carpa de jard\u00edn con estructura met\u00e1lica con recubrimiento en polvo para mayor resistencia a la intemperie y uso prolongado. El techo est\u00e1 hecho de tejido de poli\u00e9ster de 180 g\/m\u00b2 resistente a la decoloraci\u00f3n y a los rayos UV<\/li>\n<li>-MULTIUSOS: Este cenador es perfecto para montar sobre la puerta de entrada, de una ventana o frente a una pared para dar sombra en el exterior. Incluye todos los accesorios para su instalaci\u00f3n, viene con soportes para fijar en la pared y 8 estacas de suelo<\/li>\n<li>-4 ORIFICIOS DE DRENAJE: Esta p\u00e9rgola cuenta con 16 orificios de drenaje en la parte superior que evitan que el agua se acumule en el medio<\/li>\n<li>-MEDIDAS TOTALES: 395x297x198\/254 cm (LxANxAL). Altura de la p\u00e9rgola: 198 cm (aleros delanteros) y 254 cm (parte posterior). Espaciado entre columnas: 387&#215;290 cm (LxAN)<\/li>\n<\/ul>\n<\/li>\n<\/ul>\n<p>Nuestra p\u00e9rgola de Outsunny de acero es ideal para jard\u00edn, terraza, patio, etc. El dosel del techo est\u00e1 hecho de poli\u00e9ster con un revestimiento de PA resistente a la intemperie, a los rayos UV y al agua. Esta carpa se puede montar contra una pared cerca de una puerta o ventana, y ofrece la posibilidad de fijarla a la pared para mayor estabilidad. Su dise\u00f1o elegante de techo curvo y onda decorativa combinar\u00e1 f\u00e1cilmente en cualquier rinc\u00f3n de su hogar aportando elegancia.<\/p>\n<p><b>Caracter\u00edsticas:<\/b><\/p>\n<ul>\n<li>Gazebo de 4&#215;3 m con toldo Ideal para montar delante de una pared, incluso con puertas y ventanas, proporcionando un espacio sombrado y protegido P\u00e9rgola con estructura met\u00e1lica con recubrimiento en polvo para mayor resistencia a la intemperie y a la corrosi\u00f3n Dosel de poli\u00e9ster resistente a los rayos UV, al agua y a la intemperie, con revestimiento de PA 16 orificios de drenaje en la parte superior para evitar que el agua se acumule en el medio Incluye clavijas de acero galvanizado para fijar la p\u00e9rgola al suelo y 4 clips y 4 tornillos de expansi\u00f3n para fijar la p\u00e9rgola a la pared Incluye todos los accesorios necesarios para su montaje<\/li>\n<\/ul>\n<p><b>Especificaciones:<\/b><\/p>\n<ul>\n<li>Color: gris y negro<\/li>\n<li>Material: metal y poli\u00e9ster<\/li>\n<li>Medidas totales: 395x297x198\/254 cm (LxANxAL)<\/li>\n<li>Altura de la p\u00e9rgola: 198 cm (aleros delanteros) y 254 cm (parte posterior)<\/li>\n<li>Espaciado entre columnas: 387&#215;290 cm (LxAN)<\/li>\n<\/ul>","protected":false},"excerpt":{"rendered":"<p>P\u00c9RGOLA MODERNA Y ELEGANTE: Su dise\u00f1o moderno con techo curvo y onda decorativa en el marco de acero complementar\u00e1 cualquier<\/p>","protected":false},"featured_media":19183,"template":"","meta":[],"product_brand":[],"product_cat":[78],"product_tag":[79],"product_country":[1505],"class_list":{"0":"post-7974","1":"product","2":"type-product","3":"status-publish","4":"has-post-thumbnail","6":"product_cat-gazebos-pergolas","7":"product_tag-gazebos-pergolas","8":"product_country-spain","10":"first","11":"instock","12":"sale","13":"taxable","14":"shipping-taxable","15":"purchasable","16":"product-type-simple"},"_links":{"self":[{"href":"https:\/\/routinesfashione.com\/nl\/wp-json\/wp\/v2\/product\/7974","targetHints":{"allow":["GET"]}}],"collection":[{"href":"https:\/\/routinesfashione.com\/nl\/wp-json\/wp\/v2\/product"}],"about":[{"href":"https:\/\/routinesfashione.com\/nl\/wp-json\/wp\/v2\/types\/product"}],"wp:featuredmedia":[{"embeddable":true,"href":"https:\/\/routinesfashione.com\/nl\/wp-json\/wp\/v2\/media\/19183"}],"wp:attachment":[{"href":"https:\/\/routinesfashione.com\/nl\/wp-json\/wp\/v2\/media?parent=7974"}],"wp:term":[{"taxonomy":"product_brand","embeddable":true,"href":"https:\/\/routinesfashione.com\/nl\/wp-json\/wp\/v2\/product_brand?post=7974"},{"taxonomy":"product_cat","embeddable":true,"href":"https:\/\/routinesfashione.com\/nl\/wp-json\/wp\/v2\/product_cat?post=7974"},{"taxonomy":"product_tag","embeddable":true,"href":"https:\/\/routinesfashione.com\/nl\/wp-json\/wp\/v2\/product_tag?post=7974"},{"taxonomy":"product_country","embeddable":true,"href":"https:\/\/routinesfashione.com\/nl\/wp-json\/wp\/v2\/product_country?post=7974"}],"curies":[{"name":"wp","href":"https:\/\/api.w.org\/{rel}","templated":true}]}}