{"id":8060,"date":"2025-08-09T21:20:10","date_gmt":"2025-08-09T21:20:10","guid":{"rendered":"https:\/\/lightgray-crow-170497.hostingersite.com\/?post_type=product&#038;p=8060"},"modified":"2025-09-30T21:06:51","modified_gmt":"2025-09-30T21:06:51","slug":"pergola-outsunny-295x295x226-cm-crema","status":"publish","type":"product","link":"https:\/\/routinesfashione.com\/nl\/produit\/pergola-outsunny-295x295x226-cm-crema\/","title":{"rendered":"P\u00e9rgola Outsunny 295x295x226 cm crema"},"content":{"rendered":"<h2>Descripci\u00f3n del producto<\/h2>\n<div class=\"aplus-v2 desktop celwidget\" data-cel-widget=\"aplus\" data-csa-c-id=\"9wvwql-e36c27-mhtx1a-rb0vem\">\n<div class=\"celwidget aplus-module 3p-module-b aplus-standard\" data-cel-widget=\"aplus-3p-module-b\" data-csa-c-id=\"c00c7l-tddsg2-530fye-v9lply\">\n<div class=\"aplus-module-wrapper aplus-3p-fixed-width\">\n<p class=\"a-spacing-base\">Esta p\u00e9rgola flexible le permite ajustar el toldo que desea disfrutar del sol o descansar en la sombra. P\u00f3ngalo dentro de su silla y mesa al aire libre, cree un espacio privado incre\u00edble, puedes disfrutar tiempo ocio con tu familia o amigos. Descanse en un \u00e1rea de sombra fant\u00e1stica m\u00e1s all\u00e1 de la exposici\u00f3n a los rayos UV, bebiendo una taza de bebida fr\u00eda en los d\u00edas calurosos. \u00a1Agregue este estilo duradero a tu patio que brinda a tu espacio de vida al aire libre!<\/p>\n<h1 class=\"a-size-base-plus a-text-bold\">Acerca de este producto<\/h1>\n<ul class=\"a-unordered-list a-vertical a-spacing-mini\">\n<li class=\"a-spacing-mini\"><span class=\"a-list-item\">TOLDO RETR\u00c1CTIL: Toldo deslizante retr\u00e1ctil, se puede ajustar en ambos lados para proporcionar la mayor sombra posible<\/span><\/li>\n<li class=\"a-spacing-mini\"><span class=\"a-list-item\">ESTRUCTURA ROBUSTA: Las 4 vigas superiores est\u00e1n reforzadas y los postes de soporte son de acero robusto, de modo esta p\u00e9rgola tiene una estructura muy resistente y estable<\/span><\/li>\n<li class=\"a-spacing-mini\"><span class=\"a-list-item\">REFUGIO PR\u00c1CTICO: La cubierta es de tejido de poli\u00e9ster recubierto con PA. Te resguardar\u00e1 de los d\u00edas de lluvia y tambi\u00e9n del calor del sol. Puedes mover la tela para adaptar la sombra a tus necesidades<\/span><\/li>\n<li class=\"a-spacing-mini\"><span class=\"a-list-item\">MULTI-USO: El dise\u00f1o de este gazebo met\u00e1lico es elegante y funcional, ideal para uso dom\u00e9stico y comercial<\/span><\/li>\n<li class=\"a-spacing-mini\"><span class=\"a-list-item\">MEDIDAS TOTALES: 295x295x226 cm (LxANxAL). Longitud de tela de techo y lateral: 5,3 m<\/span><\/li>\n<\/ul>\n<div id=\"twister_feature_div\" class=\"celwidget\" data-feature-name=\"twister\" data-csa-c-type=\"widget\" data-csa-c-content-id=\"twister\" data-csa-c-slot-id=\"twister_feature_div\" data-csa-c-asin=\"B07DXB3YGH\" data-csa-c-is-in-initial-active-row=\"false\" data-cel-widget=\"twister_feature_div\" data-csa-c-id=\"g31dfd-aj5oco-g53kng-deaw82\">\n<div id=\"twister-plus-desktop-twister-container\" class=\"a-cardui-deck inline-twister-container-margins\" data-csa-c-content-id=\"twister-plus-inline-twister-container\" data-csa-c-slot-id=\"twister-plus-inline-twister-container\" data-csa-c-type=\"slot\" data-csa-c-id=\"quvzaq-v66yus-th2ayy-n1rejw\">\n<div id=\"twister-plus-inline-twister-card\" class=\"a-cardui inline-twister-card-padding\" data-a-card-type=\"basic\">\n<div class=\"a-cardui-body\">\n<div id=\"twister-plus-inline-twister\" class=\"a-section\">\n<div id=\"inline-twister-singleton-header-color_name\" class=\"a-section a-spacing-none inline-twister-singleton-header\"><span class=\"a-size-base a-color-secondary inline-twister-dim-title\"><strong>Color:<\/strong>\u00a0<\/span><span id=\"inline-twister-expanded-dimension-text-color_name\" class=\"a-size-base inline-twister-dim-title-value-truncate a-text-bold\">Crema<\/span><\/div>\n<div id=\"inline-twister-singleton-header-size_name\" class=\"a-section a-spacing-none inline-twister-singleton-header\"><span class=\"a-size-base a-color-secondary inline-twister-dim-title\"><strong>Tama\u00f1o<\/strong>:\u00a0<\/span><span id=\"inline-twister-expanded-dimension-text-size_name\" class=\"a-size-base inline-twister-dim-title-value-truncate a-text-bold\">295x295x226 cm<\/span><\/div>\n<\/div>\n<\/div>\n<\/div>\n<\/div>\n<\/div>\n<div id=\"bundles_feature_div\" class=\"celwidget\" data-feature-name=\"bundles\" data-csa-c-type=\"widget\" data-csa-c-content-id=\"bundles\" data-csa-c-slot-id=\"bundles_feature_div\" data-csa-c-asin=\"B07DXB3YGH\" data-csa-c-is-in-initial-active-row=\"false\" data-cel-widget=\"bundles_feature_div\" data-csa-c-id=\"kwztrz-xsd79j-qg7mql-mbj5rh\"><\/div>\n<div id=\"gestaltPredefinedCustomizations_feature_div\" class=\"celwidget\" data-feature-name=\"gestaltPredefinedCustomizations\" data-csa-c-type=\"widget\" data-csa-c-content-id=\"gestaltPredefinedCustomizations\" data-csa-c-slot-id=\"gestaltPredefinedCustomizations_feature_div\" data-csa-c-asin=\"B07DXB3YGH\" data-csa-c-is-in-initial-active-row=\"false\" data-cel-widget=\"gestaltPredefinedCustomizations_feature_div\" data-csa-c-id=\"t0wbmn-tc5t7r-mypu3t-o0gwmd\"><\/div>\n<div id=\"productOverview_feature_div\" class=\"celwidget\" data-feature-name=\"productOverview\" data-csa-c-type=\"widget\" data-csa-c-content-id=\"productOverview\" data-csa-c-slot-id=\"productOverview_feature_div\" data-csa-c-asin=\"B07DXB3YGH\" data-csa-c-is-in-initial-active-row=\"false\" data-cel-widget=\"productOverview_feature_div\" data-csa-c-id=\"xfvpq1-q68aw0-p4s7if-1usirf\">\n<div id=\"poExpander\" class=\"a-expander-collapsed-height a-row a-expander-container a-spacing-none a-expander-partial-collapse-container\" data-a-expander-name=\"product_overview\" data-a-expander-collapsed-height=\"210\">\n<div class=\"a-expander-content a-expander-partial-collapse-content a-expander-content-expanded\" data-expanded=\"true\">\n<div class=\"a-section a-spacing-small a-spacing-top-small\">\n<table class=\"a-normal a-spacing-micro\">\n<tbody>\n<tr class=\"a-spacing-small po-brand\">\n<td class=\"a-span3\"><span class=\"a-size-base a-text-bold\">Marca<\/span><\/td>\n<td class=\"a-span9\"><span class=\"a-size-base po-break-word\">Outsunny<\/span><\/td>\n<\/tr>\n<tr class=\"a-spacing-small po-material\">\n<td class=\"a-span3\"><span class=\"a-size-base a-text-bold\">Material<\/span><\/td>\n<td class=\"a-span9\"><span class=\"a-size-base po-break-word\">Acero y tela de poli\u00e9ster<\/span><\/td>\n<\/tr>\n<tr class=\"a-spacing-small po-style\">\n<td class=\"a-span3\"><span class=\"a-size-base a-text-bold\">Estilo<\/span><\/td>\n<td class=\"a-span9\"><span class=\"a-size-base po-break-word\">Vers\u00e1til<\/span><\/td>\n<\/tr>\n<tr class=\"a-spacing-small po-item_length_width_height\">\n<td class=\"a-span3\"><span class=\"a-size-base a-text-bold\">Dimensiones del producto<\/span><\/td>\n<td class=\"a-span9\"><span class=\"a-size-base po-break-word\">2,95l. x 2,95an. x 2,26al. metros<\/span><\/td>\n<\/tr>\n<tr class=\"a-spacing-small po-item_weight\">\n<td class=\"a-span3\"><span class=\"a-size-base a-text-bold\">Peso del producto<\/span><\/td>\n<td class=\"a-span9\"><span class=\"a-size-base po-break-word\">20,5 Kilogramos<\/span><\/td>\n<\/tr>\n<tr class=\"a-spacing-small po-frame.material\">\n<td class=\"a-span3\"><span class=\"a-size-base a-text-bold\">Material del marco<\/span><\/td>\n<td class=\"a-span9\"><span class=\"a-size-base po-break-word\">Acero,Met\u00e1lico<\/span><\/td>\n<\/tr>\n<tr class=\"a-spacing-small po-water_resistance_level\">\n<td class=\"a-span3\"><span class=\"a-size-base a-text-bold\">Nivel de resistencia al agua<\/span><\/td>\n<td class=\"a-span9\"><span class=\"a-size-base po-break-word\">Resistente al agua<\/span><\/td>\n<\/tr>\n<tr class=\"a-spacing-small po-item_shape\">\n<td class=\"a-span3\"><span class=\"a-size-base a-text-bold\">Forma<\/span><\/td>\n<td class=\"a-span9\"><span class=\"a-size-base po-break-word\">Cuadrado<\/span><\/td>\n<\/tr>\n<tr class=\"a-spacing-small po-ultraviolet_light_protection\">\n<td class=\"a-span3\"><span class=\"a-size-base a-text-bold\">Protecci\u00f3n frente a la luz ultravioleta<\/span><\/td>\n<td class=\"a-span9\"><span class=\"a-size-base po-break-word\">resistente a los rayos UV<\/span><\/td>\n<\/tr>\n<tr class=\"a-spacing-small po-is_assembly_required\">\n<td class=\"a-span3\"><span class=\"a-size-base a-text-bold\">Requiere montaje<\/span><\/td>\n<td class=\"a-span9\"><span class=\"a-size-base po-break-word\">S\u00ed<\/span><\/td>\n<\/tr>\n<\/tbody>\n<\/table>\n<\/div>\n<\/div>\n<\/div>\n<\/div>\n<\/div>\n<\/div>\n<\/div>","protected":false},"excerpt":{"rendered":"<p>Descripci\u00f3n del producto Esta p\u00e9rgola flexible le permite ajustar el toldo que desea disfrutar del sol o descansar en la<\/p>","protected":false},"featured_media":19246,"template":"","meta":[],"product_brand":[],"product_cat":[78],"product_tag":[79],"product_country":[1505],"class_list":{"0":"post-8060","1":"product","2":"type-product","3":"status-publish","4":"has-post-thumbnail","6":"product_cat-gazebos-pergolas","7":"product_tag-gazebos-pergolas","8":"product_country-spain","10":"first","11":"instock","12":"sale","13":"taxable","14":"shipping-taxable","15":"purchasable","16":"product-type-simple"},"_links":{"self":[{"href":"https:\/\/routinesfashione.com\/nl\/wp-json\/wp\/v2\/product\/8060","targetHints":{"allow":["GET"]}}],"collection":[{"href":"https:\/\/routinesfashione.com\/nl\/wp-json\/wp\/v2\/product"}],"about":[{"href":"https:\/\/routinesfashione.com\/nl\/wp-json\/wp\/v2\/types\/product"}],"wp:featuredmedia":[{"embeddable":true,"href":"https:\/\/routinesfashione.com\/nl\/wp-json\/wp\/v2\/media\/19246"}],"wp:attachment":[{"href":"https:\/\/routinesfashione.com\/nl\/wp-json\/wp\/v2\/media?parent=8060"}],"wp:term":[{"taxonomy":"product_brand","embeddable":true,"href":"https:\/\/routinesfashione.com\/nl\/wp-json\/wp\/v2\/product_brand?post=8060"},{"taxonomy":"product_cat","embeddable":true,"href":"https:\/\/routinesfashione.com\/nl\/wp-json\/wp\/v2\/product_cat?post=8060"},{"taxonomy":"product_tag","embeddable":true,"href":"https:\/\/routinesfashione.com\/nl\/wp-json\/wp\/v2\/product_tag?post=8060"},{"taxonomy":"product_country","embeddable":true,"href":"https:\/\/routinesfashione.com\/nl\/wp-json\/wp\/v2\/product_country?post=8060"}],"curies":[{"name":"wp","href":"https:\/\/api.w.org\/{rel}","templated":true}]}}