{"id":8089,"date":"2025-08-09T21:29:12","date_gmt":"2025-08-09T21:29:12","guid":{"rendered":"https:\/\/lightgray-crow-170497.hostingersite.com\/?post_type=product&#038;p=8089"},"modified":"2025-09-30T21:06:53","modified_gmt":"2025-09-30T21:06:53","slug":"palram-canopia-pergola-monaco","status":"publish","type":"product","link":"https:\/\/routinesfashione.com\/nl\/produit\/palram-canopia-pergola-monaco\/","title":{"rendered":"Palram \u2013 Canopia P\u00e9rgola M\u00f3naco"},"content":{"rendered":"<div class=\"short-description-wrapper\">\n<p>Transforma tu jard\u00edn en un\u00a0<strong>lujoso para\u00edso<\/strong>\u00a0con el elegante\u00a0<strong>cenador M\u00f3naco<\/strong>. El\u00a0<strong>dise\u00f1o hexagonal<\/strong>\u00a0del cenador aporta\u00a0<strong>romanticismo y funcionalidad<\/strong>\u00a0al espacio durante todo el a\u00f1o. Compuesto por una\u00a0<strong>estructura de aluminio<\/strong>\u00a0y\u00a0<strong>paneles de policarbonato de doble pared<\/strong>\u00a0de 6 mm tintados en bronce, obtendr\u00e1s una hermosa estructura que te proteger\u00e1 de los\u00a0<strong>da\u00f1inos rayos UV, el granizo y la nieve<\/strong>.<\/p>\n<p>Crea tu propio oasis para relajarte al final de un largo d\u00eda, a\u00f1ade cortinas y disfruta de una experiencia completa, organiza una barbacoa con los amigos o ten una cena rom\u00e1ntica para dos.<\/p>\n<ul>\n<li>Sistema \u00fanico de\u00a0<strong>tejado sin tornillos<\/strong>.<\/li>\n<li><strong>Estructura robusta de con perfiles de aluminio<\/strong>\u00a0con acabado de pintura en polvo antracita duraderos y\u00a0<strong>resistentes a la corrosi\u00f3n<\/strong>\u00a0y conectores de acero galvanizado.<\/li>\n<li><strong>Paneles de policarbonato de doble pared<\/strong>\u00a0de 6 mm pr\u00e1cticamente irrompibles y 100% protegidos contra los rayos UV da\u00f1inos, el granizo y la nieve.<\/li>\n<li><strong>Acristalamiento \u00fanico de bronce tratado<\/strong>: transmite la luz natural del sol en los d\u00edas nublados y proporciona suficiente sombra en los d\u00edas calurosos y soleados.<\/li>\n<li><strong>Resiste condiciones meteorol\u00f3gicas adversas<\/strong>: no es necesario retirar los paneles durante el invierno.<\/li>\n<li><strong>Montaje sencillo para 2 personas<\/strong>: perfiles pretaladrados listos para montar, paneles pre cortados; se incluyen todos los tornillos.<\/li>\n<li><strong>Sin mantenimiento<\/strong>.<\/li>\n<\/ul>\n<\/div>","protected":false},"excerpt":{"rendered":"<p>Transforma tu jard\u00edn en un\u00a0lujoso para\u00edso\u00a0con el elegante\u00a0cenador M\u00f3naco. El\u00a0dise\u00f1o hexagonal\u00a0del cenador aporta\u00a0romanticismo y funcionalidad\u00a0al espacio durante todo el a\u00f1o.<\/p>","protected":false},"featured_media":26194,"template":"","meta":[],"product_brand":[],"product_cat":[78],"product_tag":[79],"product_country":[1505],"class_list":{"0":"post-8089","1":"product","2":"type-product","3":"status-publish","4":"has-post-thumbnail","6":"product_cat-gazebos-pergolas","7":"product_tag-gazebos-pergolas","8":"product_country-spain","10":"first","11":"instock","12":"sale","13":"taxable","14":"shipping-taxable","15":"purchasable","16":"product-type-simple"},"_links":{"self":[{"href":"https:\/\/routinesfashione.com\/nl\/wp-json\/wp\/v2\/product\/8089","targetHints":{"allow":["GET"]}}],"collection":[{"href":"https:\/\/routinesfashione.com\/nl\/wp-json\/wp\/v2\/product"}],"about":[{"href":"https:\/\/routinesfashione.com\/nl\/wp-json\/wp\/v2\/types\/product"}],"wp:featuredmedia":[{"embeddable":true,"href":"https:\/\/routinesfashione.com\/nl\/wp-json\/wp\/v2\/media\/26194"}],"wp:attachment":[{"href":"https:\/\/routinesfashione.com\/nl\/wp-json\/wp\/v2\/media?parent=8089"}],"wp:term":[{"taxonomy":"product_brand","embeddable":true,"href":"https:\/\/routinesfashione.com\/nl\/wp-json\/wp\/v2\/product_brand?post=8089"},{"taxonomy":"product_cat","embeddable":true,"href":"https:\/\/routinesfashione.com\/nl\/wp-json\/wp\/v2\/product_cat?post=8089"},{"taxonomy":"product_tag","embeddable":true,"href":"https:\/\/routinesfashione.com\/nl\/wp-json\/wp\/v2\/product_tag?post=8089"},{"taxonomy":"product_country","embeddable":true,"href":"https:\/\/routinesfashione.com\/nl\/wp-json\/wp\/v2\/product_country?post=8089"}],"curies":[{"name":"wp","href":"https:\/\/api.w.org\/{rel}","templated":true}]}}