{"id":8120,"date":"2025-08-09T21:34:02","date_gmt":"2025-08-09T21:34:02","guid":{"rendered":"https:\/\/lightgray-crow-170497.hostingersite.com\/?post_type=product&#038;p=8120"},"modified":"2025-09-30T21:06:55","modified_gmt":"2025-09-30T21:06:55","slug":"pergola-poliester-y-aluminio-outsunny-300x300","status":"publish","type":"product","link":"https:\/\/routinesfashione.com\/nl\/produit\/pergola-poliester-y-aluminio-outsunny-300x300\/","title":{"rendered":"P\u00e9rgola Poli\u00e9ster y Aluminio Outsunny 300&#215;300"},"content":{"rendered":"<div class=\"o-product-detail-informations__description\">\n<p><strong>VERS\u00c1TIL<\/strong>: Esta p\u00e9rgola de jard\u00edn ofrece un espacio amplio para que disfrute de tu tiempo libre con la familia o amigos, adecuada para usar en el jard\u00edn, patio, terraza o cualquier espacio al aire libre<\/p>\n<p><strong>MATERIAL RESISTENTE<\/strong>: Este cenador de jard\u00edn est\u00e1 fabricado con una robusta estructura de aleaci\u00f3n de aluminio. Y cuenta con un toldo de tejido de poli\u00e9ster con revestimiento PA resistente a la intemperie, a los rayos UV y al agua<\/p>\n<p><strong>TECHO RETR\u00c1CTIL<\/strong>: Los rieles laterales y los 5 puntos de apoyo te permiten deslizar la cubierta de la p\u00e9rgola y ajustarla con las cuerdas a la medida que quieras. Para mantenerla abierta, cerrada o a mitad seg\u00fan el espacio sombreado del que quieras disponer<\/p>\n<p><strong>DISE\u00d1O ELEGANTE<\/strong>: Este pabell\u00f3n para jard\u00edn con dise\u00f1o elegante y simple la convierte en la opci\u00f3n perfecta para combinar f\u00e1cilmente en cualquier espacio y dotarlo de mayor confort y estilo<\/p>\n<p><strong>MEDIDAS TOTALES<\/strong>: 300x300x223 cm (LxANxAL). Requiere montaje. NOTA: No se recomienda su uso en condiciones clim\u00e1ticas extremas, como tormentas o fuerte viento\/lluvia. En estas situaciones se recomienda cerrar por completo el toldo<\/p>\n<p>\u00a1Haz que tus espacios exteriores sean elegantes y funcionales con este cenador de Outsunny! Este cenador cuenta con una p\u00e9rgola retr\u00e1ctil que permite ajustar el toldo seg\u00fan cada circunstancia. Para mantenerlo cerrado y disfrutar del sol o el aire agradable de las noches de verano, semiabierto para tener solo un espacio sombreado o totalmente cerrado para disponer de un gran espacio a la sombra donde disfrutar de una agradable comida con la familia o amigos.<\/p>\n<h2>Caracter\u00edsticas:<\/h2>\n<ul>\n<li>Perfecto para cualquier espacio al aire libre como jardines, patios o terrazas<\/li>\n<li>P\u00e9rgola con estructura de recubrimiento en polvo de aluminio, estable y duradera<\/li>\n<li>El tejido de poli\u00e9ster de 180 g\/m\u00b2 con revestimiento de PA es impermeable y est\u00e1 protegido contra los rayos UV<\/li>\n<li>Su elegante dise\u00f1o es combinable con el resto de mobiliario y decoraci\u00f3n exterior<\/li>\n<li>El techo se puede extender a trav\u00e9s de los 5 rieles para ajustar el \u00e1rea de sombra seg\u00fan tus necesidades<\/li>\n<li>Consta de tubos de soporte reforzados, situados entre los postes y las vigas, para mayor estabilidad<\/li>\n<li>Incluye todos los tornillos y herramientas necesarias para el montaje<\/li>\n<\/ul>\n<h2>Especificaciones:<\/h2>\n<ul>\n<li>Color: gris<\/li>\n<li>Material: aluminio, tela de poli\u00e9ster<\/li>\n<li>Medidas totales: 300x300x223 cm (LxANxAL)<\/li>\n<li>Medidas de las columnas: 78&#215;78 mm (LxAN)<\/li>\n<li>Espacio entre las columnas: 257&#215;250 cm (LxAN)<\/li>\n<li>Tama\u00f1o de la tela: 244&#215;252 cm (LxAN)<\/li>\n<li>Referencia: 84C-054GY<\/li>\n<\/ul>\n<p>&nbsp;<\/p>\n<\/div>\n<table class=\"o-product-features\" role=\"presentation\" data-cerberus=\"TABLE_AttributesProduct\">\n<caption class=\"kl-hidden-accessibility\">\u00a0<\/caption>\n<tbody>\n<tr class=\"m-product-attr-row\">\n<th class=\"m-product-attr-row__name\" scope=\"row\">Familia de color<\/th>\n<td class=\"m-product-attr-row__value\">Gris \/ plata<\/td>\n<\/tr>\n<tr class=\"m-product-attr-row\">\n<th class=\"m-product-attr-row__name\" scope=\"row\">Bioclim\u00e1tico<\/th>\n<td class=\"m-product-attr-row__value\">No<\/td>\n<\/tr>\n<tr class=\"m-product-attr-row\">\n<th class=\"m-product-attr-row__name\" scope=\"row\">Color de la estructura<\/th>\n<td class=\"m-product-attr-row__value\">negro<\/td>\n<\/tr>\n<tr class=\"m-product-attr-row\">\n<th class=\"m-product-attr-row__name\" scope=\"row\">Superficie (en m\u00b2)<\/th>\n<td class=\"m-product-attr-row__value\">6<\/td>\n<\/tr>\n<tr class=\"m-product-attr-row\">\n<th class=\"m-product-attr-row__name\" scope=\"row\">Material de la estructura<\/th>\n<td class=\"m-product-attr-row__value\">Aluminio<\/td>\n<\/tr>\n<tr class=\"m-product-attr-row\">\n<th class=\"m-product-attr-row__name\" scope=\"row\">Modelo de negocio<\/th>\n<td class=\"m-product-attr-row__value\">84C054<\/td>\n<\/tr>\n<tr class=\"m-product-attr-row\">\n<th class=\"m-product-attr-row__name\" scope=\"row\">Nombre de la serie<\/th>\n<td class=\"m-product-attr-row__value\">84C054<\/td>\n<\/tr>\n<tr class=\"m-product-attr-row\">\n<th class=\"m-product-attr-row__name\" scope=\"row\">Color de la cubierta<\/th>\n<td class=\"m-product-attr-row__value\">Gris<\/td>\n<\/tr>\n<tr class=\"m-product-attr-row\">\n<th class=\"m-product-attr-row__name\" scope=\"row\">Anchura (en cm)<\/th>\n<td class=\"m-product-attr-row__value\">300<\/td>\n<\/tr>\n<tr class=\"m-product-attr-row\">\n<th class=\"m-product-attr-row__name\" scope=\"row\">Longitud (en cm)<\/th>\n<td class=\"m-product-attr-row__value\">300<\/td>\n<\/tr>\n<tr class=\"m-product-attr-row\">\n<th class=\"m-product-attr-row__name\" scope=\"row\">Altura (en cm)<\/th>\n<td class=\"m-product-attr-row__value\">223<\/td>\n<\/tr>\n<tr class=\"m-product-attr-row\">\n<th class=\"m-product-attr-row__name\" scope=\"row\">Plegable<\/th>\n<td class=\"m-product-attr-row__value\">No<\/td>\n<\/tr>\n<tr class=\"m-product-attr-row\">\n<th class=\"m-product-attr-row__name\" scope=\"row\">Soporte de destino<\/th>\n<td class=\"m-product-attr-row__value\">Suelo<\/td>\n<\/tr>\n<\/tbody>\n<\/table>","protected":false},"excerpt":{"rendered":"<p>VERS\u00c1TIL: Esta p\u00e9rgola de jard\u00edn ofrece un espacio amplio para que disfrute de tu tiempo libre con la familia o<\/p>","protected":false},"featured_media":19292,"template":"","meta":[],"product_brand":[],"product_cat":[78],"product_tag":[79],"product_country":[1505],"class_list":{"0":"post-8120","1":"product","2":"type-product","3":"status-publish","4":"has-post-thumbnail","6":"product_cat-gazebos-pergolas","7":"product_tag-gazebos-pergolas","8":"product_country-spain","10":"first","11":"instock","12":"sale","13":"taxable","14":"shipping-taxable","15":"purchasable","16":"product-type-simple"},"_links":{"self":[{"href":"https:\/\/routinesfashione.com\/nl\/wp-json\/wp\/v2\/product\/8120","targetHints":{"allow":["GET"]}}],"collection":[{"href":"https:\/\/routinesfashione.com\/nl\/wp-json\/wp\/v2\/product"}],"about":[{"href":"https:\/\/routinesfashione.com\/nl\/wp-json\/wp\/v2\/types\/product"}],"wp:featuredmedia":[{"embeddable":true,"href":"https:\/\/routinesfashione.com\/nl\/wp-json\/wp\/v2\/media\/19292"}],"wp:attachment":[{"href":"https:\/\/routinesfashione.com\/nl\/wp-json\/wp\/v2\/media?parent=8120"}],"wp:term":[{"taxonomy":"product_brand","embeddable":true,"href":"https:\/\/routinesfashione.com\/nl\/wp-json\/wp\/v2\/product_brand?post=8120"},{"taxonomy":"product_cat","embeddable":true,"href":"https:\/\/routinesfashione.com\/nl\/wp-json\/wp\/v2\/product_cat?post=8120"},{"taxonomy":"product_tag","embeddable":true,"href":"https:\/\/routinesfashione.com\/nl\/wp-json\/wp\/v2\/product_tag?post=8120"},{"taxonomy":"product_country","embeddable":true,"href":"https:\/\/routinesfashione.com\/nl\/wp-json\/wp\/v2\/product_country?post=8120"}],"curies":[{"name":"wp","href":"https:\/\/api.w.org\/{rel}","templated":true}]}}