{"id":8143,"date":"2025-08-09T21:40:50","date_gmt":"2025-08-09T21:40:50","guid":{"rendered":"https:\/\/lightgray-crow-170497.hostingersite.com\/?post_type=product&#038;p=8143"},"modified":"2025-09-30T21:06:56","modified_gmt":"2025-09-30T21:06:56","slug":"pergola-outsunny-297x397x235-cm","status":"publish","type":"product","link":"https:\/\/routinesfashione.com\/nl\/produit\/pergola-outsunny-297x397x235-cm\/","title":{"rendered":"P\u00e9rgola Outsunny 297x397x235 cm"},"content":{"rendered":"<h1 class=\"a-size-base-plus a-text-bold\">Acerca de este producto<\/h1>\n<ul class=\"a-unordered-list a-vertical a-spacing-mini\">\n<li class=\"a-spacing-mini\"><span class=\"a-list-item\">P\u00c9RGOLA DE JARD\u00cdN CON TOLDO RETR\u00c1CTIL: Equipada con un toldo retr\u00e1ctil, esta p\u00e9rgola te permite controlar la cantidad de luz solar que deseas recibir. Mant\u00e9n el toldo cerrado para disfrutar del sol o \u00e1brelo para protegerte del deslumbramiento y las quemaduras solares<\/span><\/li>\n<li class=\"a-spacing-mini\"><span class=\"a-list-item\">ESTRUCTURA DE ACERO: La robustez de esta p\u00e9rgola reside en su estructura de acero, que garantiza su estabilidad. Incluye 8 clavos de tierra y 8 tornillos de expansi\u00f3n para una fijaci\u00f3n segura al suelo<\/span><\/li>\n<li class=\"a-spacing-mini\"><span class=\"a-list-item\">12 OJALES DE DRENAJE: Esta p\u00e9rgola cuenta con 12 ojales estrat\u00e9gicamente ubicados. Estos peque\u00f1os, pero cruciales detalles est\u00e1n dise\u00f1ados para permitir el drenaje del agua. De esta manera, se evita la acumulaci\u00f3n de agua en el refugio de jard\u00edn, lo que podr\u00eda causar da\u00f1os al material. As\u00ed, no solo se mantiene la integridad de la p\u00e9rgola, sino que tambi\u00e9n se garantiza tu seguridad, evitando que el agua acumulada caiga sobre ti<\/span><\/li>\n<li class=\"a-spacing-mini\"><span class=\"a-list-item\">TOLDO EXTERIOR VERS\u00c1TIL: Con esta p\u00e9rgola de acero puedes transformar tu espacio exterior de diversas maneras. Puede servir como barrera para tu parrilla de jard\u00edn, como recinto para una ba\u00f1era de hidromasaje, o como un comedor al aire libre. T\u00fa decides c\u00f3mo aprovecharla al m\u00e1ximo<\/span><\/li>\n<li class=\"a-spacing-mini\"><span class=\"a-list-item\">MEDIDAS TOTALES: 297x397x235 cm (LxANxAL). Espaciado entre columnas: 320&#215;283 cm (LxAN). No la dejes montada en condiciones clim\u00e1ticas extremas<\/span><\/li>\n<\/ul>\n<table class=\"a-normal a-spacing-micro\">\n<tbody>\n<tr class=\"a-spacing-small po-brand\">\n<td class=\"a-span3\"><span class=\"a-size-base a-text-bold\">Marca<\/span><\/td>\n<td class=\"a-span9\"><span class=\"a-size-base po-break-word\">Outsunny<\/span><\/td>\n<\/tr>\n<tr class=\"a-spacing-small po-material\">\n<td class=\"a-span3\"><span class=\"a-size-base a-text-bold\">Material<\/span><\/td>\n<td class=\"a-span9\"><span class=\"a-size-base po-break-word\">Acero aleado<\/span><\/td>\n<\/tr>\n<tr class=\"a-spacing-small po-style\">\n<td class=\"a-span3\"><span class=\"a-size-base a-text-bold\">Estilo<\/span><\/td>\n<td class=\"a-span9\"><span class=\"a-size-base po-break-word\">Moderno<\/span><\/td>\n<\/tr>\n<tr class=\"a-spacing-small po-item_length_width_height\">\n<td class=\"a-span3\"><span class=\"a-size-base a-text-bold\">Dimensiones del producto<\/span><\/td>\n<td class=\"a-span9\"><span class=\"a-size-base po-break-word\">3,97l. x 2,97an. x 2,35al. metros<\/span><\/td>\n<\/tr>\n<tr class=\"a-spacing-small po-item_weight\">\n<td class=\"a-span3\"><span class=\"a-size-base a-text-bold\">Peso del producto<\/span><\/td>\n<td class=\"a-span9\"><span class=\"a-size-base po-break-word\">33,5 Kilogramos<\/span><\/td>\n<\/tr>\n<tr class=\"a-spacing-small po-frame.material\">\n<td class=\"a-span3\"><span class=\"a-size-base a-text-bold\">Material del marco<\/span><\/td>\n<td class=\"a-span9\"><span class=\"a-size-base po-break-word\">Acero aleado<\/span><\/td>\n<\/tr>\n<tr class=\"a-spacing-small po-water_resistance_level\">\n<td class=\"a-span3\"><span class=\"a-size-base a-text-bold\">Nivel de resistencia al agua<\/span><\/td>\n<td class=\"a-span9\"><span class=\"a-size-base po-break-word\">Resistente al agua<\/span><\/td>\n<\/tr>\n<tr class=\"a-spacing-small po-item_shape\">\n<td class=\"a-span3\"><span class=\"a-size-base a-text-bold\">Forma<\/span><\/td>\n<td class=\"a-span9\"><span class=\"a-size-base po-break-word\">Rectangular<\/span><\/td>\n<\/tr>\n<tr class=\"a-spacing-small po-is_assembly_required\">\n<td class=\"a-span3\"><span class=\"a-size-base a-text-bold\">Requiere montaje<\/span><\/td>\n<td class=\"a-span9\"><span class=\"a-size-base po-break-word\">S\u00ed<\/span><\/td>\n<\/tr>\n<tr class=\"a-spacing-small po-color\">\n<td class=\"a-span3\"><span class=\"a-size-base a-text-bold\">Color<\/span><\/td>\n<td class=\"a-span9\"><span class=\"a-size-base po-break-word\">Gris Oscuro<\/span><\/td>\n<\/tr>\n<\/tbody>\n<\/table>","protected":false},"excerpt":{"rendered":"<p>Acerca de este producto P\u00c9RGOLA DE JARD\u00cdN CON TOLDO RETR\u00c1CTIL: Equipada con un toldo retr\u00e1ctil, esta p\u00e9rgola te permite controlar<\/p>","protected":false},"featured_media":19307,"template":"","meta":[],"product_brand":[],"product_cat":[78],"product_tag":[79],"product_country":[1505],"class_list":{"0":"post-8143","1":"product","2":"type-product","3":"status-publish","4":"has-post-thumbnail","6":"product_cat-gazebos-pergolas","7":"product_tag-gazebos-pergolas","8":"product_country-spain","10":"first","11":"instock","12":"sale","13":"taxable","14":"shipping-taxable","15":"purchasable","16":"product-type-simple"},"_links":{"self":[{"href":"https:\/\/routinesfashione.com\/nl\/wp-json\/wp\/v2\/product\/8143","targetHints":{"allow":["GET"]}}],"collection":[{"href":"https:\/\/routinesfashione.com\/nl\/wp-json\/wp\/v2\/product"}],"about":[{"href":"https:\/\/routinesfashione.com\/nl\/wp-json\/wp\/v2\/types\/product"}],"wp:featuredmedia":[{"embeddable":true,"href":"https:\/\/routinesfashione.com\/nl\/wp-json\/wp\/v2\/media\/19307"}],"wp:attachment":[{"href":"https:\/\/routinesfashione.com\/nl\/wp-json\/wp\/v2\/media?parent=8143"}],"wp:term":[{"taxonomy":"product_brand","embeddable":true,"href":"https:\/\/routinesfashione.com\/nl\/wp-json\/wp\/v2\/product_brand?post=8143"},{"taxonomy":"product_cat","embeddable":true,"href":"https:\/\/routinesfashione.com\/nl\/wp-json\/wp\/v2\/product_cat?post=8143"},{"taxonomy":"product_tag","embeddable":true,"href":"https:\/\/routinesfashione.com\/nl\/wp-json\/wp\/v2\/product_tag?post=8143"},{"taxonomy":"product_country","embeddable":true,"href":"https:\/\/routinesfashione.com\/nl\/wp-json\/wp\/v2\/product_country?post=8143"}],"curies":[{"name":"wp","href":"https:\/\/api.w.org\/{rel}","templated":true}]}}