{"id":8166,"date":"2025-08-09T21:50:12","date_gmt":"2025-08-09T21:50:12","guid":{"rendered":"https:\/\/lightgray-crow-170497.hostingersite.com\/?post_type=product&#038;p=8166"},"modified":"2025-09-30T21:06:57","modified_gmt":"2025-09-30T21:06:57","slug":"tienda-de-campana-lumniahaven-de-3-x-4-m","status":"publish","type":"product","link":"https:\/\/routinesfashione.com\/nl\/produit\/tienda-de-campana-lumniahaven-de-3-x-4-m\/","title":{"rendered":"Tienda de campa\u00f1a LumniaHaven de 3 x 4 m"},"content":{"rendered":"<p>Para pasar horas maravillosas en el jard\u00edn: la p\u00e9rgola\u00a0Blumfeldt\u00a0LuminaHaven\u00a0Pergola\u00a0convierte patios, paisajes de piscinas o zonas para sentarse en la pieza central de su oasis verde.<\/p>\n<p>Con la\u00a0P\u00e9rgola\u00a0LuminaHaven\u00a0de Blumfeldt\u00a0, su rinc\u00f3n favorito del jard\u00edn se convierte en un lugar incomparable para relajarse. Transforme terrazas, paisajes de piscina o acogedoras zonas de estar en una zona de relajaci\u00f3n llena de luz. Tanto si quiere disfrutar del sol puro como de un lugar a la sombra, el techo proporciona sombra y protecci\u00f3n, mientras que el dise\u00f1o al aire libre deja pasar el sol. El pr\u00e1ctico techo de lamas puede abrirse y cerrarse en un abrir y cerrar de ojos mediante una manivela.<\/p>\n<p>La vers\u00e1til p\u00e9rgola demuestra ser un aut\u00e9ntico todoterreno durante todo el a\u00f1o. El techo de lamas de acero galvanizado no s\u00f3lo protege de la luz solar directa y de los peligros de la radiaci\u00f3n UV. La p\u00e9rgola\u00a0Blumfeldt\u00a0LuminaHaven\u00a0tambi\u00e9n proporciona un refugio seguro contra la lluvia, la nieve e incluso el granizo, por lo que resulta ideal para guardar los muebles de jard\u00edn durante la estaci\u00f3n fr\u00eda.<\/p>\n<p>Los pilares de soporte de alta calidad garantizan una estabilidad suficiente incluso con fuertes r\u00e1fagas de viento. Gracias al recubrimiento en polvo, no tendr\u00e1 que preocuparse por las antiest\u00e9ticas manchas de \u00f3xido en el suelo del patio. Gracias a su sencillo dise\u00f1o, una superficie de 4&#215;3 metros puede transformarse en un punto de atracci\u00f3n en el jard\u00edn con poco esfuerzo.<\/p>\n<p>Disfrute del sol o rel\u00e1jese a la sombra: La\u00a0Blumfeldt\u00a0LuminaHaven\u00a0P\u00e9rgola\u00a0es garant\u00eda de horas acogedoras.<\/p>","protected":false},"excerpt":{"rendered":"<p>Para pasar horas maravillosas en el jard\u00edn: la p\u00e9rgola\u00a0Blumfeldt\u00a0LuminaHaven\u00a0Pergola\u00a0convierte patios, paisajes de piscinas o zonas para sentarse en la pieza<\/p>","protected":false},"featured_media":26112,"template":"","meta":[],"product_brand":[],"product_cat":[78],"product_tag":[79],"product_country":[1505],"class_list":{"0":"post-8166","1":"product","2":"type-product","3":"status-publish","4":"has-post-thumbnail","6":"product_cat-gazebos-pergolas","7":"product_tag-gazebos-pergolas","8":"product_country-spain","10":"first","11":"instock","12":"sale","13":"taxable","14":"shipping-taxable","15":"purchasable","16":"product-type-simple"},"_links":{"self":[{"href":"https:\/\/routinesfashione.com\/nl\/wp-json\/wp\/v2\/product\/8166","targetHints":{"allow":["GET"]}}],"collection":[{"href":"https:\/\/routinesfashione.com\/nl\/wp-json\/wp\/v2\/product"}],"about":[{"href":"https:\/\/routinesfashione.com\/nl\/wp-json\/wp\/v2\/types\/product"}],"wp:featuredmedia":[{"embeddable":true,"href":"https:\/\/routinesfashione.com\/nl\/wp-json\/wp\/v2\/media\/26112"}],"wp:attachment":[{"href":"https:\/\/routinesfashione.com\/nl\/wp-json\/wp\/v2\/media?parent=8166"}],"wp:term":[{"taxonomy":"product_brand","embeddable":true,"href":"https:\/\/routinesfashione.com\/nl\/wp-json\/wp\/v2\/product_brand?post=8166"},{"taxonomy":"product_cat","embeddable":true,"href":"https:\/\/routinesfashione.com\/nl\/wp-json\/wp\/v2\/product_cat?post=8166"},{"taxonomy":"product_tag","embeddable":true,"href":"https:\/\/routinesfashione.com\/nl\/wp-json\/wp\/v2\/product_tag?post=8166"},{"taxonomy":"product_country","embeddable":true,"href":"https:\/\/routinesfashione.com\/nl\/wp-json\/wp\/v2\/product_country?post=8166"}],"curies":[{"name":"wp","href":"https:\/\/api.w.org\/{rel}","templated":true}]}}