{"id":8168,"date":"2025-08-09T21:48:16","date_gmt":"2025-08-09T21:48:16","guid":{"rendered":"https:\/\/lightgray-crow-170497.hostingersite.com\/?post_type=product&#038;p=8168"},"modified":"2025-09-30T21:06:58","modified_gmt":"2025-09-30T21:06:58","slug":"outsunny-cenador-pergola-de-jardin-3x4-m-con-toldo-en-poliester","status":"publish","type":"product","link":"https:\/\/routinesfashione.com\/nl\/produit\/outsunny-cenador-pergola-de-jardin-3x4-m-con-toldo-en-poliester\/","title":{"rendered":"Outsunny Cenador P\u00e9rgola de Jard\u00edn 3&#215;4 m con Toldo en Poli\u00e9ster"},"content":{"rendered":"<h1 class=\"a-size-base-plus a-text-bold\">Acerca de este producto<\/h1>\n<ul class=\"a-unordered-list a-vertical a-spacing-mini\">\n<li class=\"a-spacing-mini\"><span class=\"a-list-item\">TECHO RETR\u00c1CTIL: Los rieles laterales y los 5 puntos de apoyo permiten deslizar la cubierta de la p\u00e9rgola y ajustarla con las cuerdas a la medida que desees, para mantenerla abierta, cerrada o parcialmente abierta seg\u00fan el sombreado que prefieras<\/span><\/li>\n<li class=\"a-spacing-mini\"><span class=\"a-list-item\">ESTRUCTURA DE ALUMINIO: Este cenador de jard\u00edn tiene una robusta estructura de aleaci\u00f3n de aluminio, resistente a la oxidaci\u00f3n y duradera. Las 16 piquetas incluidas permiten fijar los pies al suelo, aumentando su estabilidad<\/span><\/li>\n<li class=\"a-spacing-mini\"><span class=\"a-list-item\">8 ORIFICIOS DE DRENAJE: El toldo de este cenador tiene 8 orificios de drenaje para evitar la acumulaci\u00f3n de agua. Sin embargo, en caso de lluvia, se recomienda cerrar el toldo completamente para prevenir un desgaste innecesario de la lona<\/span><\/li>\n<li class=\"a-spacing-mini\"><span class=\"a-list-item\">VERS\u00c1TIL: Esta p\u00e9rgola de jard\u00edn ofrece un espacio amplio para que disfrute de tu tiempo libre con la familia o amigos, adecuada para usar en el jard\u00edn, patio, terraza o cualquier espacio al aire libre<\/span><\/li>\n<li class=\"a-spacing-mini\"><span class=\"a-list-item\">MEDIDAS TOTALES: 396x296x220 cm (LxANxAL). Altura de los aleros: 2,1 m. Requiere montaje. NOTA: Se desaconseja su uso en condiciones clim\u00e1ticas extremas, como tormentas o vientos y lluvias fuertes; en estos casos, es mejor cerrar el toldo completamente<\/span><\/li>\n<\/ul>\n<div id=\"twister_feature_div\" class=\"celwidget\" data-feature-name=\"twister\" data-csa-c-type=\"widget\" data-csa-c-content-id=\"twister\" data-csa-c-slot-id=\"twister_feature_div\" data-csa-c-asin=\"B09QX6RTDX\" data-csa-c-is-in-initial-active-row=\"false\" data-csa-c-id=\"7rez4o-liq70u-utu1se-8o2v0k\" data-cel-widget=\"twister_feature_div\">\n<div id=\"twister-plus-desktop-twister-container\" class=\"a-cardui-deck inline-twister-container-margins\" data-csa-c-content-id=\"twister-plus-inline-twister-container\" data-csa-c-slot-id=\"twister-plus-inline-twister-container\" data-csa-c-type=\"slot\" data-csa-c-id=\"szbx40-47djd6-syihnn-9mgmeu\">\n<div id=\"twister-plus-inline-twister-card\" class=\"a-cardui inline-twister-card-padding\" data-a-card-type=\"basic\">\n<div class=\"a-cardui-body\">\n<div id=\"twister-plus-inline-twister\" class=\"a-section\">\n<div id=\"inline-twister-singleton-header-color_name\" class=\"a-section a-spacing-none inline-twister-singleton-header\"><span class=\"a-size-base a-color-secondary inline-twister-dim-title\">Color:\u00a0<\/span><span id=\"inline-twister-expanded-dimension-text-color_name\" class=\"a-size-base inline-twister-dim-title-value-truncate a-text-bold\">Crema<\/span><\/div>\n<\/div>\n<\/div>\n<\/div>\n<\/div>\n<\/div>\n<div id=\"bundles_feature_div\" class=\"celwidget\" data-feature-name=\"bundles\" data-csa-c-type=\"widget\" data-csa-c-content-id=\"bundles\" data-csa-c-slot-id=\"bundles_feature_div\" data-csa-c-asin=\"B09QX6RTDX\" data-csa-c-is-in-initial-active-row=\"false\" data-csa-c-id=\"g2nkvg-vvwiwa-exjzsy-vrzb10\" data-cel-widget=\"bundles_feature_div\"><\/div>\n<div id=\"gestaltPredefinedCustomizations_feature_div\" class=\"celwidget\" data-feature-name=\"gestaltPredefinedCustomizations\" data-csa-c-type=\"widget\" data-csa-c-content-id=\"gestaltPredefinedCustomizations\" data-csa-c-slot-id=\"gestaltPredefinedCustomizations_feature_div\" data-csa-c-asin=\"B09QX6RTDX\" data-csa-c-is-in-initial-active-row=\"false\" data-csa-c-id=\"ay3bco-6dlwho-jm6zg0-vfib3z\" data-cel-widget=\"gestaltPredefinedCustomizations_feature_div\"><\/div>\n<div id=\"productOverview_feature_div\" class=\"celwidget\" data-feature-name=\"productOverview\" data-csa-c-type=\"widget\" data-csa-c-content-id=\"productOverview\" data-csa-c-slot-id=\"productOverview_feature_div\" data-csa-c-asin=\"B09QX6RTDX\" data-csa-c-is-in-initial-active-row=\"false\" data-csa-c-id=\"lmzroz-u6wn6o-gpcs07-qmzg4j\" data-cel-widget=\"productOverview_feature_div\">\n<div id=\"poExpander\" class=\"a-expander-collapsed-height a-row a-expander-container a-spacing-none a-expander-partial-collapse-container\" data-a-expander-name=\"product_overview\" data-a-expander-collapsed-height=\"210\">\n<div class=\"a-expander-content a-expander-partial-collapse-content a-expander-content-expanded\" data-expanded=\"true\">\n<div class=\"a-section a-spacing-small a-spacing-top-small\">\n<table class=\"a-normal a-spacing-micro\">\n<tbody>\n<tr class=\"a-spacing-small po-brand\">\n<td class=\"a-span3\"><span class=\"a-size-base a-text-bold\">Marca<\/span><\/td>\n<td class=\"a-span9\"><span class=\"a-size-base po-break-word\">Outsunny<\/span><\/td>\n<\/tr>\n<tr class=\"a-spacing-small po-material\">\n<td class=\"a-span3\"><span class=\"a-size-base a-text-bold\">Material<\/span><\/td>\n<td class=\"a-span9\"><span class=\"a-size-base po-break-word\">Aleaci\u00f3n de Aluminio, Metal, Poli\u00e9ster<\/span><\/td>\n<\/tr>\n<tr class=\"a-spacing-small po-style\">\n<td class=\"a-span3\"><span class=\"a-size-base a-text-bold\">Estilo<\/span><\/td>\n<td class=\"a-span9\"><span class=\"a-size-base po-break-word\">Resistente<\/span><\/td>\n<\/tr>\n<tr class=\"a-spacing-small po-item_length_width_height\">\n<td class=\"a-span3\"><span class=\"a-size-base a-text-bold\">Dimensiones del producto<\/span><\/td>\n<td class=\"a-span9\"><span class=\"a-size-base po-break-word\">3,96l. x 2,96an. x 2,2al. metros<\/span><\/td>\n<\/tr>\n<tr class=\"a-spacing-small po-item_weight\">\n<td class=\"a-span3\"><span class=\"a-size-base a-text-bold\">Peso del producto<\/span><\/td>\n<td class=\"a-span9\"><span class=\"a-size-base po-break-word\">31700 Gramos<\/span><\/td>\n<\/tr>\n<tr class=\"a-spacing-small po-frame.material\">\n<td class=\"a-span3\"><span class=\"a-size-base a-text-bold\">Material del marco<\/span><\/td>\n<td class=\"a-span9\"><span class=\"a-size-base po-break-word\">Aluminio<\/span><\/td>\n<\/tr>\n<tr class=\"a-spacing-small po-water_resistance_level\">\n<td class=\"a-span3\"><span class=\"a-size-base a-text-bold\">Nivel de resistencia al agua<\/span><\/td>\n<td class=\"a-span9\"><span class=\"a-size-base po-break-word\">Resistente al agua<\/span><\/td>\n<\/tr>\n<tr class=\"a-spacing-small po-item_shape\">\n<td class=\"a-span3\"><span class=\"a-size-base a-text-bold\">Forma<\/span><\/td>\n<td class=\"a-span9\"><span class=\"a-size-base po-break-word\">Rectangular<\/span><\/td>\n<\/tr>\n<tr class=\"a-spacing-small po-ultraviolet_light_protection\">\n<td class=\"a-span3\"><span class=\"a-size-base a-text-bold\">Protecci\u00f3n frente a la luz ultravioleta<\/span><\/td>\n<td class=\"a-span9\"><span class=\"a-size-base po-break-word\">resistencia a los rayos UV<\/span><\/td>\n<\/tr>\n<tr class=\"a-spacing-small po-is_assembly_required\">\n<td class=\"a-span3\"><span class=\"a-size-base a-text-bold\">Requiere montaje<\/span><\/td>\n<td class=\"a-span9\"><span class=\"a-size-base po-break-word\">S\u00ed<\/span><\/td>\n<\/tr>\n<\/tbody>\n<\/table>\n<\/div>\n<\/div>\n<\/div>\n<\/div>","protected":false},"excerpt":{"rendered":"<p>Acerca de este producto TECHO RETR\u00c1CTIL: Los rieles laterales y los 5 puntos de apoyo permiten deslizar la cubierta de<\/p>","protected":false},"featured_media":19323,"template":"","meta":[],"product_brand":[],"product_cat":[78],"product_tag":[79],"product_country":[1505],"class_list":{"0":"post-8168","1":"product","2":"type-product","3":"status-publish","4":"has-post-thumbnail","6":"product_cat-gazebos-pergolas","7":"product_tag-gazebos-pergolas","8":"product_country-spain","10":"first","11":"instock","12":"sale","13":"taxable","14":"shipping-taxable","15":"purchasable","16":"product-type-simple"},"_links":{"self":[{"href":"https:\/\/routinesfashione.com\/nl\/wp-json\/wp\/v2\/product\/8168","targetHints":{"allow":["GET"]}}],"collection":[{"href":"https:\/\/routinesfashione.com\/nl\/wp-json\/wp\/v2\/product"}],"about":[{"href":"https:\/\/routinesfashione.com\/nl\/wp-json\/wp\/v2\/types\/product"}],"wp:featuredmedia":[{"embeddable":true,"href":"https:\/\/routinesfashione.com\/nl\/wp-json\/wp\/v2\/media\/19323"}],"wp:attachment":[{"href":"https:\/\/routinesfashione.com\/nl\/wp-json\/wp\/v2\/media?parent=8168"}],"wp:term":[{"taxonomy":"product_brand","embeddable":true,"href":"https:\/\/routinesfashione.com\/nl\/wp-json\/wp\/v2\/product_brand?post=8168"},{"taxonomy":"product_cat","embeddable":true,"href":"https:\/\/routinesfashione.com\/nl\/wp-json\/wp\/v2\/product_cat?post=8168"},{"taxonomy":"product_tag","embeddable":true,"href":"https:\/\/routinesfashione.com\/nl\/wp-json\/wp\/v2\/product_tag?post=8168"},{"taxonomy":"product_country","embeddable":true,"href":"https:\/\/routinesfashione.com\/nl\/wp-json\/wp\/v2\/product_country?post=8168"}],"curies":[{"name":"wp","href":"https:\/\/api.w.org\/{rel}","templated":true}]}}