{"id":8199,"date":"2025-08-09T21:55:59","date_gmt":"2025-08-09T21:55:59","guid":{"rendered":"https:\/\/lightgray-crow-170497.hostingersite.com\/?post_type=product&#038;p=8199"},"modified":"2025-09-30T21:06:59","modified_gmt":"2025-09-30T21:06:59","slug":"pergola-aluminio-naterial-agora-blanco-301x401-cm","status":"publish","type":"product","link":"https:\/\/routinesfashione.com\/nl\/produit\/pergola-aluminio-naterial-agora-blanco-301x401-cm\/","title":{"rendered":"P\u00e9rgola aluminio naterial \u00e1gora blanco 301&#215;401 cm"},"content":{"rendered":"<p data-start=\"119\" data-end=\"367\"><strong data-start=\"119\" data-end=\"169\">P\u00e9rgola de aluminio Naterial \u00c1gora \u2013 Overzicht<\/strong><br data-start=\"169\" data-end=\"172\" \/><strong data-start=\"172\" data-end=\"181\">Tipo:<\/strong> P\u00e9rgola fija para exterior<br data-start=\"208\" data-end=\"211\" \/><strong data-start=\"211\" data-end=\"224\">Material:<\/strong> Estructura de aluminio con cubierta regulable<br data-start=\"270\" data-end=\"273\" \/><strong data-start=\"273\" data-end=\"283\">Color:<\/strong> Blanco<br data-start=\"290\" data-end=\"293\" \/><strong data-start=\"293\" data-end=\"301\">Uso:<\/strong> Creaci\u00f3n de zonas de sombra y protecci\u00f3n en terrazas o jardines<\/p>\n<h3 data-start=\"374\" data-end=\"411\"><strong data-start=\"378\" data-end=\"409\">Belangrijkste Specificaties<\/strong><\/h3>\n<ul data-start=\"412\" data-end=\"924\">\n<li data-start=\"412\" data-end=\"454\">\n<p data-start=\"414\" data-end=\"454\"><strong data-start=\"414\" data-end=\"439\">Dimensiones (An \u00d7 L):<\/strong> 301 \u00d7 401 cm<\/p>\n<\/li>\n<li data-start=\"455\" data-end=\"518\">\n<p data-start=\"457\" data-end=\"518\"><strong data-start=\"457\" data-end=\"479\">Altura aproximada:<\/strong> 230\u2013250 cm (dependiendo del montaje)<\/p>\n<\/li>\n<li data-start=\"519\" data-end=\"585\">\n<p data-start=\"521\" data-end=\"585\"><strong data-start=\"521\" data-end=\"536\">Estructura:<\/strong> Aluminio pintado con tratamiento anticorrosi\u00f3n<\/p>\n<\/li>\n<li data-start=\"586\" data-end=\"654\">\n<p data-start=\"588\" data-end=\"654\"><strong data-start=\"588\" data-end=\"601\">Cubierta:<\/strong> Lamas regulables para control de luz y ventilaci\u00f3n<\/p>\n<\/li>\n<li data-start=\"655\" data-end=\"718\">\n<p data-start=\"657\" data-end=\"718\"><strong data-start=\"657\" data-end=\"681\">Sistema de apertura:<\/strong> Manual mediante manivela o palanca<\/p>\n<\/li>\n<li data-start=\"719\" data-end=\"799\">\n<p data-start=\"721\" data-end=\"799\"><strong data-start=\"721\" data-end=\"737\">Instalaci\u00f3n:<\/strong> Anclaje fijo al suelo (torniller\u00eda incluida o seg\u00fan modelo)<\/p>\n<\/li>\n<li data-start=\"800\" data-end=\"859\">\n<p data-start=\"802\" data-end=\"859\"><strong data-start=\"802\" data-end=\"818\">Resistencia:<\/strong> Adecuada para uso exterior todo el a\u00f1o<\/p>\n<\/li>\n<li data-start=\"860\" data-end=\"924\">\n<p data-start=\"862\" data-end=\"924\"><strong data-start=\"862\" data-end=\"880\">Mantenimiento:<\/strong> Limpieza sencilla con agua y jab\u00f3n neutro<\/p>\n<\/li>\n<\/ul>\n<h3 data-start=\"931\" data-end=\"968\"><strong data-start=\"935\" data-end=\"966\">Principales Caracter\u00edsticas<\/strong><\/h3>\n<ul data-start=\"969\" data-end=\"1309\">\n<li data-start=\"969\" data-end=\"1037\">\n<p data-start=\"971\" data-end=\"1037\">Dise\u00f1o moderno y minimalista que se integra en cualquier espacio<\/p>\n<\/li>\n<li data-start=\"1038\" data-end=\"1118\">\n<p data-start=\"1040\" data-end=\"1118\">Lamas orientables para adaptar la sombra y ventilaci\u00f3n seg\u00fan la hora del d\u00eda<\/p>\n<\/li>\n<li data-start=\"1119\" data-end=\"1179\">\n<p data-start=\"1121\" data-end=\"1179\">Estructura ligera pero resistente frente a la intemperie<\/p>\n<\/li>\n<li data-start=\"1180\" data-end=\"1237\">\n<p data-start=\"1182\" data-end=\"1237\">Ideal para proteger zonas de comedor, relax o piscina<\/p>\n<\/li>\n<li data-start=\"1238\" data-end=\"1309\">\n<p data-start=\"1240\" data-end=\"1309\">Color blanco que aporta luminosidad y elegancia al espacio exterior<\/p>\n<\/li>\n<\/ul>\n<h3 data-start=\"1316\" data-end=\"1334\"><strong data-start=\"1320\" data-end=\"1332\">Ventajas<\/strong><\/h3>\n<ul data-start=\"1335\" data-end=\"1564\">\n<li data-start=\"1335\" data-end=\"1406\">\n<p data-start=\"1337\" data-end=\"1406\">Permite disfrutar del exterior con protecci\u00f3n frente al sol directo<\/p>\n<\/li>\n<li data-start=\"1407\" data-end=\"1466\">\n<p data-start=\"1409\" data-end=\"1466\">Material resistente y duradero con m\u00ednimo mantenimiento<\/p>\n<\/li>\n<li data-start=\"1467\" data-end=\"1535\">\n<p data-start=\"1469\" data-end=\"1535\">Adaptable a diferentes estilos de decoraci\u00f3n de jard\u00edn o terraza<\/p>\n<\/li>\n<li data-start=\"1536\" data-end=\"1564\">\n<p data-start=\"1538\" data-end=\"1564\">F\u00e1cil limpieza y cuidado<\/p>\n<\/li>\n<\/ul>\n<h3 data-start=\"1571\" data-end=\"1596\"><strong data-start=\"1575\" data-end=\"1594\">Aandachtspunten<\/strong><\/h3>\n<ul data-start=\"1597\" data-end=\"1774\">\n<li data-start=\"1597\" data-end=\"1657\">\n<p data-start=\"1599\" data-end=\"1657\">Requiere montaje e instalaci\u00f3n sobre superficie nivelada<\/p>\n<\/li>\n<li data-start=\"1658\" data-end=\"1710\">\n<p data-start=\"1660\" data-end=\"1710\">No impermeable al 100% en caso de lluvia intensa<\/p>\n<\/li>\n<li data-start=\"1711\" data-end=\"1774\">\n<p data-start=\"1713\" data-end=\"1774\">Puede necesitar anclaje profesional para m\u00e1xima estabilidad<\/p>\n<\/li>\n<\/ul>\n<p data-start=\"1781\" data-end=\"2054\"><strong data-start=\"1781\" data-end=\"1796\">Conclusi\u00f3n:<\/strong><br data-start=\"1796\" data-end=\"1799\" \/>La <strong data-start=\"1802\" data-end=\"1860\">p\u00e9rgola de aluminio Naterial \u00c1gora blanca 301 \u00d7 401 cm<\/strong> es una soluci\u00f3n elegante y pr\u00e1ctica para crear un espacio exterior protegido y vers\u00e1til, combinando resistencia, dise\u00f1o y facilidad de uso en un formato que realza cualquier terraza o jard\u00edn.<\/p>","protected":false},"excerpt":{"rendered":"<p>P\u00e9rgola de aluminio Naterial \u00c1gora \u2013 OverzichtTipo: P\u00e9rgola fija para exteriorMaterial: Estructura de aluminio con cubierta regulableColor: BlancoUso: Creaci\u00f3n de<\/p>","protected":false},"featured_media":19343,"template":"","meta":[],"product_brand":[],"product_cat":[78],"product_tag":[80],"product_country":[1505],"class_list":{"0":"post-8199","1":"product","2":"type-product","3":"status-publish","4":"has-post-thumbnail","6":"product_cat-gazebos-pergolas","7":"product_tag-gazebos","8":"product_country-spain","10":"first","11":"instock","12":"sale","13":"taxable","14":"shipping-taxable","15":"purchasable","16":"product-type-simple"},"_links":{"self":[{"href":"https:\/\/routinesfashione.com\/nl\/wp-json\/wp\/v2\/product\/8199","targetHints":{"allow":["GET"]}}],"collection":[{"href":"https:\/\/routinesfashione.com\/nl\/wp-json\/wp\/v2\/product"}],"about":[{"href":"https:\/\/routinesfashione.com\/nl\/wp-json\/wp\/v2\/types\/product"}],"wp:featuredmedia":[{"embeddable":true,"href":"https:\/\/routinesfashione.com\/nl\/wp-json\/wp\/v2\/media\/19343"}],"wp:attachment":[{"href":"https:\/\/routinesfashione.com\/nl\/wp-json\/wp\/v2\/media?parent=8199"}],"wp:term":[{"taxonomy":"product_brand","embeddable":true,"href":"https:\/\/routinesfashione.com\/nl\/wp-json\/wp\/v2\/product_brand?post=8199"},{"taxonomy":"product_cat","embeddable":true,"href":"https:\/\/routinesfashione.com\/nl\/wp-json\/wp\/v2\/product_cat?post=8199"},{"taxonomy":"product_tag","embeddable":true,"href":"https:\/\/routinesfashione.com\/nl\/wp-json\/wp\/v2\/product_tag?post=8199"},{"taxonomy":"product_country","embeddable":true,"href":"https:\/\/routinesfashione.com\/nl\/wp-json\/wp\/v2\/product_country?post=8199"}],"curies":[{"name":"wp","href":"https:\/\/api.w.org\/{rel}","templated":true}]}}