{"id":832,"date":"2025-09-30T20:13:45","date_gmt":"2025-09-30T20:13:45","guid":{"rendered":"https:\/\/lightgray-crow-170497.hostingersite.com\/?post_type=product&#038;p=832"},"modified":"2025-09-30T21:01:50","modified_gmt":"2025-09-30T21:01:50","slug":"delonghi-eletta-explore-touch-display-ecam-450-55-s","status":"publish","type":"product","link":"https:\/\/routinesfashione.com\/nl\/produit\/delonghi-eletta-explore-touch-display-ecam-450-55-s\/","title":{"rendered":"De\u2019Longhi Eletta Explore, Touch Display ECAM 450.55.S"},"content":{"rendered":"<div class=\"rd-product-description__top-accordion-content-description\">\n<p>Eletta Explore verk\u00f6rpert die langj\u00e4hrige Erfahrung und das technische Know-How von De\u2019Longhi mit dem Anspruch auf perfekten Kaffeegenuss. Immer frisch gemahlen und perfekt aufgebr\u00fcht.<\/p>\n<p>Mit der gr\u00f6\u00dften Rezeptvielfalt aller Zeiten (40 ) bietet dieses Modell perfekten Kaffeegenuss f\u00fcr Zuhause und zum Mitnehmen.<\/p>\n<p>Das neu entwickelte LatteCrema Cool System sch\u00e4umt Milch* oder pflanzliche Milchalternativen erstmals kalt auf. Lernen Sie Cappuccino, Flat White &#038; Co. auf eine neue Art und Weise kennen. Ideal f\u00fcr hei\u00dfe Sommertage.<\/p>\n<p>* f\u00fcr perfekten kalten Milchschaum empfehlen wir die Verwendung von pflanzlichen Milchalternativen oder entrahmte Kuhmilch<\/p>\n<p><strong>HEISSE ODER ERFRISCHENDE KAFFEESPEZIALIT\u00c4TEN AUF KNOPFDRUCK<\/strong><\/p>\n<p>Perfekter Milchschaum auf Knopfdruck: hei\u00df ODER kalt aufgesch\u00e4umt \u2013 Sie entscheiden! Das Latte Crema System mit zwei abnehmbaren Karaffen (schwarze Karaffe = hei\u00df \/ wei\u00dfe Karaffe = kalt) ist im Lieferumfang inklusive.<\/p>\n<p><strong>KAFFEE JEDERZEIT UND \u00dcBERALL GENIESSEN MIT DER \u201cTO GO\u201d FUNKTION<\/strong><\/p>\n<p>Die Abstellfl\u00e4che l\u00e4sst sich mittig aufklappen und bietet Platz f\u00fcr bis zu 475ml gro\u00dfe Travel Mugs. Alle To Go Rezepte lassen sich individuell an Ihre Bechergr\u00f6\u00dfe anpassen.<\/p>\n<p><strong>DAS COFFEE ERLEBNIS F\u00dcR ZUHAUSE: 100 REZEPTE<\/strong><\/p>\n<p>40 vorinstallierte hei\u00dfe und erfrischende Rezepte und weitere 100 kreative Rezeptideen \u00fcber die Coffee Link App abrufbar.<\/p>\n<p><strong>KOMFORT<\/strong><\/p>\n<ul>\n<li>Einfache Bedienung durch farbiges 3,5\u201d TFT Touch Display<\/li>\n<li>Bedienfeld mit 4 gro\u00dfen farbigen Touch-Icons f\u00fcr leichtere Getr\u00e4nkevorauswahl (Hei\u00dfgetr\u00e4nke, Kaltgetr\u00e4nke, To go, Favoriten)<\/li>\n<li>Temperatureinstellung (3 Stufen)<\/li>\n<li>Aromaeinstellung (5 Stufen)<\/li>\n<li>4 Nutzerprofile zur individuellen Speicherung der Pr\u00e4ferenzen<\/li>\n<li>Frontal herausnehmbarer Wassertank<\/li>\n<li>H\u00f6henverstellbarer Kaffeeauslauf<\/li>\n<\/ul>\n<p><strong>LEISTUNG<\/strong><\/p>\n<ul>\n<li>Vorbr\u00fch-Aroma-System<\/li>\n<li>F\u00fcr Kaffeebohnen und Kaffeepulver geeignet<\/li>\n<li>Kegelmahlwerk mit einstellbarem Mahlgrad (13 Stufen)<\/li>\n<\/ul>\n<p><strong>GETR\u00c4NKE<\/strong><\/p>\n<ul>\n<li>40 vorinstallierte Rezepte<\/li>\n<li>Weitere 100 Rezepte in der Coffee Link App verf\u00fcgbar<\/li>\n<li>LatteCrema und LatteCrema Cool Milchschaumsystem f\u00fcr die Zubereitung von hei\u00dfem oder kaltem Milchschaum<\/li>\n<\/ul>\n<p><strong>HYGIENE<\/strong><\/p>\n<ul>\n<li>Herausnehmbare Br\u00fchgruppe: einfach und hygienisch zu reinigen<\/li>\n<li>Tresterbeh\u00e4lter-Anzeige: nach 14 Tassen oder nach 72 Stunden<\/li>\n<li>Integrierter De\u2019Longhi Wasserfilter<\/li>\n<li>Entkalkungsprogramm<\/li>\n<li>Sp\u00fclmaschinengeeignete Abtropfschale mit Wasserstandsanzeiger und Tassenabstellfl\u00e4che mit Schutz vor Kratzern<\/li>\n<\/ul>\n<p><strong>TECHNISCHE DATEN <\/strong><\/p>\n<ul>\n<li>Gewicht: 1,4 Kg<\/li>\n<li>Eingangsleistung: 1450 W<\/li>\n<li>Spannung\/Frequenz: 220\/24050\/60 VHz<\/li>\n<li>Fassungsverm\u00f6gen Wasserbeh\u00e4lter: 1,8 l<\/li>\n<li>Fassungsverm\u00f6gen Bohnenbeh\u00e4lter: 300 gr<\/li>\n<li>Kaffeeauslauf (h\u00f6henverstellbar): 80 bis 143 mm<\/li>\n<li>Energieeffizienzklasse: A<\/li>\n<li>Pumpendruck: 19 bar<\/li>\n<li>Ambessungen (BxHxT): 260 x 385 x 450 mm<\/li>\n<\/ul>\n<\/div>","protected":false},"excerpt":{"rendered":"<h4>De\u00b4Longhi \u2013 Kaffeevollautomat ECAM 450.55.S in Silber-Schwarz<\/h4>\n<p>Erleben Sie den ultimativen Kaffeegenuss mit dem De\u00b4Longhi Kaffeevollautomaten ECAM 450.55.S. Dieses elegante Ger\u00e4t vereint modernes Design mit hochwertiger Technologie.<\/p>\n<h3>Produktmerkmale:<\/h3>\n<ul>\n<li><strong>Art:<\/strong> Kaffeevollautomat<\/li>\n<li><strong>Pumpendruck:<\/strong> 19 bar f\u00fcr perfekten Kaffeegenuss<\/li>\n<li><strong>Einstellbare Br\u00fchtemperatur:<\/strong> Passen Sie Ihre Kaffeezubereitung individuell an<\/li>\n<li><strong>Einstellbare Kaffeest\u00e4rke:<\/strong> F\u00fcr jeden Geschmack die passende St\u00e4rke<\/li>\n<li><strong>Programmierbare Einstellprofile:<\/strong> Speichern Sie Ihre Lieblingskreationen<\/li>\n<\/ul>","protected":false},"featured_media":833,"template":"","meta":[],"product_brand":[],"product_cat":[29],"product_tag":[],"product_country":[1501],"class_list":{"0":"post-832","1":"product","2":"type-product","3":"status-publish","4":"has-post-thumbnail","6":"product_cat-espressomaschinen","7":"product_country-germany","9":"first","10":"instock","11":"sale","12":"taxable","13":"shipping-taxable","14":"purchasable","15":"product-type-simple"},"_links":{"self":[{"href":"https:\/\/routinesfashione.com\/nl\/wp-json\/wp\/v2\/product\/832","targetHints":{"allow":["GET"]}}],"collection":[{"href":"https:\/\/routinesfashione.com\/nl\/wp-json\/wp\/v2\/product"}],"about":[{"href":"https:\/\/routinesfashione.com\/nl\/wp-json\/wp\/v2\/types\/product"}],"wp:featuredmedia":[{"embeddable":true,"href":"https:\/\/routinesfashione.com\/nl\/wp-json\/wp\/v2\/media\/833"}],"wp:attachment":[{"href":"https:\/\/routinesfashione.com\/nl\/wp-json\/wp\/v2\/media?parent=832"}],"wp:term":[{"taxonomy":"product_brand","embeddable":true,"href":"https:\/\/routinesfashione.com\/nl\/wp-json\/wp\/v2\/product_brand?post=832"},{"taxonomy":"product_cat","embeddable":true,"href":"https:\/\/routinesfashione.com\/nl\/wp-json\/wp\/v2\/product_cat?post=832"},{"taxonomy":"product_tag","embeddable":true,"href":"https:\/\/routinesfashione.com\/nl\/wp-json\/wp\/v2\/product_tag?post=832"},{"taxonomy":"product_country","embeddable":true,"href":"https:\/\/routinesfashione.com\/nl\/wp-json\/wp\/v2\/product_country?post=832"}],"curies":[{"name":"wp","href":"https:\/\/api.w.org\/{rel}","templated":true}]}}